{"id":16065,"date":"2025-10-03T11:03:14","date_gmt":"2025-10-03T08:03:14","guid":{"rendered":"https:\/\/expovision.ro\/product\/print-only-adtribune-case\/"},"modified":"2025-05-01T16:11:21","modified_gmt":"2025-05-01T13:11:21","slug":"print-only-adtribune-case","status":"publish","type":"product","link":"https:\/\/expovision.ro\/ro\/produs\/print-only-adtribune-case\/","title":{"rendered":"Print-only adTribune Case"},"content":{"rendered":"<p>Avantajele modelului adTribune Case<br \/>\nModelul adTribune Case ofer\u0103 at\u00e2t mobilitate ridicat\u0103, c\u00e2t \u0219i caracteristici practice utile pentru diverse evenimente.<br \/>\nMobilitate \u0219i func\u021bionalitate<br \/>\nVitrina adTribune Case are o capacitate unic\u0103 de a se plia \u00eentr-o valiz\u0103 de transport. Aceast\u0103 solu\u021bie asigur\u0103 o mobilitate excep\u021bional\u0103 \u0219i permite transportarea u\u0219oar\u0103 a produsului. \u00cen plus, interiorul tejghelei poate fi utilizat pentru a stoca materiale de marketing suplimentare, cum ar fi pliante sau bro\u0219uri.<br \/>\nAsamblare f\u0103r\u0103 scule<br \/>\nAsamblarea adTribune Case este rapid\u0103 \u0219i intuitiv\u0103, permi\u021b\u00e2ndu-v\u0103 s\u0103 configura\u021bi un spa\u021biu de expunere impresionant \u00een cel mai scurt timp. Construc\u021bia nu necesit\u0103 unelte, economisind efort \u00een timpul preg\u0103tirii evenimentului.<br \/>\nVersatilitate<br \/>\nSistemul de schimb al materialului grafic permite adaptarea u\u0219oar\u0103 a aspectului adTribune Case la diferite campanii promo\u021bionale. Imprimeul din \u021bes\u0103tur\u0103 de poliester este tivit cu o band\u0103 de silicon care faciliteaz\u0103 montarea \u0219i demontarea. Acest lucru faciliteaz\u0103 montarea materialelor nou comandate pe structura existent\u0103. Este o solu\u021bie extrem de economic\u0103 \u0219i practic\u0103.<br \/>\nCe este inclus \u00een set?      <\/p>\n<p>o construc\u021bie care se pliaz\u0103 \u00eentr-o cutie de transport,<\/p>\n<p>PVC de sus,<\/p>\n<p>material textil cu imprimeu.<\/p>\n","protected":false},"excerpt":{"rendered":"<p>Avantajele modelului adTribune Case Modelul adTribune Case ofer\u0103 at\u00e2t mobilitate ridicat\u0103, c\u00e2t \u0219i caracteristici practice utile pentru diverse evenimente. Mobilitate \u0219i func\u021bionalitate Vitrina adTribune Case are o capacitate unic\u0103 de a se plia \u00eentr-o valiz\u0103 de transport. Aceast\u0103 solu\u021bie asigur\u0103 o mobilitate excep\u021bional\u0103 \u0219i permite transportarea u\u0219oar\u0103 a produsului. \u00cen plus, interiorul tejghelei poate fi [&hellip;]<\/p>\n","protected":false},"featured_media":24110,"comment_status":"closed","ping_status":"open","template":"","meta":{"_seopress_robots_primary_cat":"","_seopress_titles_title":"","_seopress_titles_desc":"","_seopress_robots_index":"","inline_featured_image":false},"product_brand":[],"product_cat":[1419,1464,84],"product_tag":[],"class_list":{"0":"post-16065","1":"product","2":"type-product","3":"status-publish","4":"has-post-thumbnail","6":"product_cat-standuri-textile-ro","7":"product_cat-cutie-adtribune","8":"product_cat-standuri","10":"first","11":"instock","12":"purchasable","13":"product-type-simple"},"_links":{"self":[{"href":"https:\/\/expovision.ro\/ro\/wp-json\/wp\/v2\/product\/16065","targetHints":{"allow":["GET"]}}],"collection":[{"href":"https:\/\/expovision.ro\/ro\/wp-json\/wp\/v2\/product"}],"about":[{"href":"https:\/\/expovision.ro\/ro\/wp-json\/wp\/v2\/types\/product"}],"replies":[{"embeddable":true,"href":"https:\/\/expovision.ro\/ro\/wp-json\/wp\/v2\/comments?post=16065"}],"wp:featuredmedia":[{"embeddable":true,"href":"https:\/\/expovision.ro\/ro\/wp-json\/wp\/v2\/media\/24110"}],"wp:attachment":[{"href":"https:\/\/expovision.ro\/ro\/wp-json\/wp\/v2\/media?parent=16065"}],"wp:term":[{"taxonomy":"product_brand","embeddable":true,"href":"https:\/\/expovision.ro\/ro\/wp-json\/wp\/v2\/product_brand?post=16065"},{"taxonomy":"product_cat","embeddable":true,"href":"https:\/\/expovision.ro\/ro\/wp-json\/wp\/v2\/product_cat?post=16065"},{"taxonomy":"product_tag","embeddable":true,"href":"https:\/\/expovision.ro\/ro\/wp-json\/wp\/v2\/product_tag?post=16065"}],"curies":[{"name":"wp","href":"https:\/\/api.w.org\/{rel}","templated":true}]}}