{"id":16057,"date":"2025-10-03T11:04:04","date_gmt":"2025-10-03T08:04:04","guid":{"rendered":"https:\/\/expovision.ro\/product\/adtribune-hit-without-print\/"},"modified":"2025-05-01T16:12:52","modified_gmt":"2025-05-01T13:12:52","slug":"adtribune-hit-without-print","status":"publish","type":"product","link":"https:\/\/expovision.ro\/ro\/produs\/adtribune-hit-without-print\/","title":{"rendered":"adTribune Hit (without print)"},"content":{"rendered":"<p>Avantajele modelului adTribune Hit<br \/>\nAleg\u00e2nd adTribune Hit, ob\u021bine\u021bi un instrument promo\u021bional mobil \u0219i versatil, care v\u0103 va eviden\u021bia eficient marca la orice eveniment.<\/p>\n<p>Mobilitate \u0219i confortStructura cu ro\u021bi permite deplasarea u\u0219oar\u0103 pe orice suprafa\u021b\u0103, facilit\u00e2nd adaptarea standului la diferite spa\u021bii expozi\u021bionale. Cu adTribune Hit, pute\u021bi reac\u021biona rapid la schimbarea condi\u021biilor \u0219i nevoilor \u00een timpul evenimentului.<\/p>\n<p>Asamblare f\u0103r\u0103 scule AdTribune Hit dispune de un sistem intuitiv de asamblare \u0219i dezasamblare f\u0103r\u0103 scule. Fiecare component\u0103 este etichetat\u0103 clar, permi\u021b\u00e2nd unei singure persoane s\u0103 configureze rapid tejgheaua.<\/p>\n<p>Multifunc\u021bionalitateSistemul velcro permite schimbarea rapid\u0103 a imprim\u0103rilor de pe adTribune Hit, adapt\u00e2nd cu u\u0219urin\u021b\u0103 aspectul tejghelei promo\u021bionale la fiecare eveniment. O singur\u0103 structur\u0103 poate fi reutilizat\u0103 de mai multe ori, oferind o solu\u021bie practic\u0103 \u0219i economic\u0103.<\/p>\n<p>Ce este inclus \u00een set?<\/p>\n<p>Structur\u0103 din aluminiu cu ro\u021bi,<\/p>\n<p>Top \u0219i raft din MDF,<\/p>\n<p>Printed film, protected with laminate,<\/p>\n<p>Geant\u0103 de transport.<\/p>\n<p>Specifica\u021bii tehnice<\/p>\n<p>Powder-coated aluminum structure,<\/p>\n<p>Top \u0219i raft din MDF,<\/p>\n<p>Printed film, protected with laminate,<\/p>\n<p>Imprim\u0103ri interschimbabile,<\/p>\n<p>Capacitate de \u00eenc\u0103rcare de p\u00e2n\u0103 la 100 kg,<\/p>\n<p>\u00cen\u0103l\u021bime: 95 cm,<\/p>\n<p>L\u0103\u021bime: 90 cm,<\/p>\n<p>Ad\u00e2ncime: 65 cm,<\/p>\n<p>Greutate: 10 kg.<\/p>\n","protected":false},"excerpt":{"rendered":"<p>Avantajele modelului adTribune Hit Aleg\u00e2nd adTribune Hit, ob\u021bine\u021bi un instrument promo\u021bional mobil \u0219i versatil, care v\u0103 va eviden\u021bia eficient marca la orice eveniment. Mobilitate \u0219i confortStructura cu ro\u021bi permite deplasarea u\u0219oar\u0103 pe orice suprafa\u021b\u0103, facilit\u00e2nd adaptarea standului la diferite spa\u021bii expozi\u021bionale. Cu adTribune Hit, pute\u021bi reac\u021biona rapid la schimbarea condi\u021biilor \u0219i nevoilor \u00een timpul evenimentului. [&hellip;]<\/p>\n","protected":false},"featured_media":24166,"comment_status":"closed","ping_status":"open","template":"","meta":{"_seopress_robots_primary_cat":"","_seopress_titles_title":"","_seopress_titles_desc":"","_seopress_robots_index":"","inline_featured_image":false},"product_brand":[],"product_cat":[1451,84,1443],"product_tag":[],"class_list":{"0":"post-16057","1":"product","2":"type-product","3":"status-publish","4":"has-post-thumbnail","6":"product_cat-adtribune-hit-ro","7":"product_cat-standuri","8":"product_cat-standuri-clasice-ro-2","10":"first","11":"instock","12":"purchasable","13":"product-type-simple"},"_links":{"self":[{"href":"https:\/\/expovision.ro\/ro\/wp-json\/wp\/v2\/product\/16057","targetHints":{"allow":["GET"]}}],"collection":[{"href":"https:\/\/expovision.ro\/ro\/wp-json\/wp\/v2\/product"}],"about":[{"href":"https:\/\/expovision.ro\/ro\/wp-json\/wp\/v2\/types\/product"}],"replies":[{"embeddable":true,"href":"https:\/\/expovision.ro\/ro\/wp-json\/wp\/v2\/comments?post=16057"}],"wp:featuredmedia":[{"embeddable":true,"href":"https:\/\/expovision.ro\/ro\/wp-json\/wp\/v2\/media\/24166"}],"wp:attachment":[{"href":"https:\/\/expovision.ro\/ro\/wp-json\/wp\/v2\/media?parent=16057"}],"wp:term":[{"taxonomy":"product_brand","embeddable":true,"href":"https:\/\/expovision.ro\/ro\/wp-json\/wp\/v2\/product_brand?post=16057"},{"taxonomy":"product_cat","embeddable":true,"href":"https:\/\/expovision.ro\/ro\/wp-json\/wp\/v2\/product_cat?post=16057"},{"taxonomy":"product_tag","embeddable":true,"href":"https:\/\/expovision.ro\/ro\/wp-json\/wp\/v2\/product_tag?post=16057"}],"curies":[{"name":"wp","href":"https:\/\/api.w.org\/{rel}","templated":true}]}}