{"id":16056,"date":"2025-10-03T11:03:32","date_gmt":"2025-10-03T08:03:32","guid":{"rendered":"https:\/\/expovision.ro\/product\/print-only-for-adtribune-adbox-elypse-wrap\/"},"modified":"2025-05-01T16:12:53","modified_gmt":"2025-05-01T13:12:53","slug":"print-only-for-adtribune-adbox-elypse-wrap","status":"publish","type":"product","link":"https:\/\/expovision.ro\/ro\/produs\/print-only-for-adtribune-adbox-elypse-wrap\/","title":{"rendered":"Print-only for adTribune\/adBox Elypse wrap"},"content":{"rendered":"<p>Care este cel mai bun loc pentru utilizarea tejghelei comerciale mobile?<\/p>\n<p>Expozi\u021bii comerciale: adTribune Elypse exceleaz\u0103 la expozi\u021biile comerciale, oferind un spa\u021biu profesional pentru prezent\u0103ri. Construc\u021bia sa robust\u0103 \u0219i durabilitatea de p\u00e2n\u0103 la 100 kg v\u0103 permit s\u0103 expune\u021bi o gam\u0103 larg\u0103 de produse.<\/p>\n<p>Promovare \u00een magazine sau galerii: Standul comercial mobil este un sistem reutilizabil care v\u0103 permite s\u0103 ajusta\u021bi cu u\u0219urin\u021b\u0103 aspectul standului dvs. pentru a se potrivi campaniilor promo\u021bionale curente.<\/p>\n<p>Evenimente \u0219i congrese: adTribune Elypse ofer\u0103 un loc convenabil pentru a prezenta materiale promo\u021bionale, produse \u0219i alte atrac\u021bii.<\/p>\n<p>Avantajele modelului adTribune Elypse<br \/>\nCu adTribune Elypse, ob\u021bine\u021bi un stand comercial mobil, durabil \u0219i versatil, care v\u0103 va eviden\u021bia \u00een mod eficient marca la fiecare eveniment.<br \/>\nConstruc\u021bie robust\u0103<br \/>\nModelul adTribune Elypse este fabricat din profile de aluminiu \u0219i panouri de mobilier de \u00eenalt\u0103 calitate. Rezist\u0103 la o sarcin\u0103 de p\u00e2n\u0103 la 100 kg, permi\u021b\u00e2ndu-v\u0103 s\u0103 expune\u021bi cu \u00eencredere produse mai grele. Contorul include, de asemenea, un raft ascuns \u00een spatele imprim\u0103rii, unde pute\u021bi depozita materialele de rezerv\u0103.<br \/>\nSistem reutilizabil<br \/>\nDatorit\u0103 sistemului inovator Velcro, adTribune Elypse permite schimbarea u\u0219oar\u0103 a imprim\u0103rilor. Aceast\u0103 solu\u021bie permite adaptarea rapid\u0103 a comunic\u0103rii publicitare la diferite evenimente, f\u0103c\u00e2nd din stand un instrument promo\u021bional versatil \u0219i multifunc\u021bional.<br \/>\nStand comercial mobil<br \/>\nStructura adTribune Elypse este montat\u0103 pe ro\u021bi. Acest lucru v\u0103 permite s\u0103 muta\u021bi cu u\u0219urin\u021b\u0103 tejgheaua \u00een sec\u021biunea urm\u0103toare a magazinului sau \u00een spa\u021biul comercial, ajung\u00e2nd la mai mul\u021bi clien\u021bi. \u00cen plus, produsul se \u00eencadreaz\u0103 \u00eentr-o geant\u0103 de transport convenabil\u0103 atunci c\u00e2nd este pliat.<br \/>\nCe este inclus \u00een set?<\/p>\n<p>structur\u0103 din aluminiu pe ro\u021bi,<\/p>\n<p>blat \u0219i raft realizate din panouri de mobil\u0103,<\/p>\n<p>imprimare pe folie, securizat\u0103 cu laminat,<\/p>\n<p>geant\u0103 de transport.<\/p>\n","protected":false},"excerpt":{"rendered":"<p>Care este cel mai bun loc pentru utilizarea tejghelei comerciale mobile? Expozi\u021bii comerciale: adTribune Elypse exceleaz\u0103 la expozi\u021biile comerciale, oferind un spa\u021biu profesional pentru prezent\u0103ri. Construc\u021bia sa robust\u0103 \u0219i durabilitatea de p\u00e2n\u0103 la 100 kg v\u0103 permit s\u0103 expune\u021bi o gam\u0103 larg\u0103 de produse. Promovare \u00een magazine sau galerii: Standul comercial mobil este un sistem [&hellip;]<\/p>\n","protected":false},"featured_media":24124,"comment_status":"closed","ping_status":"open","template":"","meta":{"_seopress_robots_primary_cat":"","_seopress_titles_title":"","_seopress_titles_desc":"","_seopress_robots_index":"","inline_featured_image":false},"product_brand":[],"product_cat":[84,1443],"product_tag":[],"class_list":{"0":"post-16056","1":"product","2":"type-product","3":"status-publish","4":"has-post-thumbnail","6":"product_cat-standuri","7":"product_cat-standuri-clasice-ro-2","9":"first","10":"instock","11":"purchasable","12":"product-type-simple"},"_links":{"self":[{"href":"https:\/\/expovision.ro\/ro\/wp-json\/wp\/v2\/product\/16056","targetHints":{"allow":["GET"]}}],"collection":[{"href":"https:\/\/expovision.ro\/ro\/wp-json\/wp\/v2\/product"}],"about":[{"href":"https:\/\/expovision.ro\/ro\/wp-json\/wp\/v2\/types\/product"}],"replies":[{"embeddable":true,"href":"https:\/\/expovision.ro\/ro\/wp-json\/wp\/v2\/comments?post=16056"}],"wp:featuredmedia":[{"embeddable":true,"href":"https:\/\/expovision.ro\/ro\/wp-json\/wp\/v2\/media\/24124"}],"wp:attachment":[{"href":"https:\/\/expovision.ro\/ro\/wp-json\/wp\/v2\/media?parent=16056"}],"wp:term":[{"taxonomy":"product_brand","embeddable":true,"href":"https:\/\/expovision.ro\/ro\/wp-json\/wp\/v2\/product_brand?post=16056"},{"taxonomy":"product_cat","embeddable":true,"href":"https:\/\/expovision.ro\/ro\/wp-json\/wp\/v2\/product_cat?post=16056"},{"taxonomy":"product_tag","embeddable":true,"href":"https:\/\/expovision.ro\/ro\/wp-json\/wp\/v2\/product_tag?post=16056"}],"curies":[{"name":"wp","href":"https:\/\/api.w.org\/{rel}","templated":true}]}}