{"id":16052,"date":"2025-10-03T11:03:45","date_gmt":"2025-10-03T08:03:45","guid":{"rendered":"https:\/\/expovision.ro\/product\/adtribune-elypse-mini-without-print\/"},"modified":"2025-05-01T16:12:54","modified_gmt":"2025-05-01T13:12:54","slug":"adtribune-elypse-mini-without-print","status":"publish","type":"product","link":"https:\/\/expovision.ro\/ro\/produs\/adtribune-elypse-mini-without-print\/","title":{"rendered":"adTribune Elypse Mini (without print)"},"content":{"rendered":"<p>Unde s\u0103 utiliza\u021bi cel mai bine adTribune Elypse Mini?<\/p>\n<p>T\u00e2rguri comerciale: adTribune Elypse Mini este perfect pentru t\u00e2rguri comerciale, mai ales dac\u0103 ave\u021bi spa\u021biu limitat. Construc\u021bia sa mobil\u0103 permite adaptarea u\u0219oar\u0103 a standului la condi\u021biile schimb\u0103toare ale evenimentului. <\/p>\n<p>Campanii promo\u021bionale: adTribune Elypse Mini este potrivit pentru diverse evenimente. Construc\u021bia cu ro\u021bi asigur\u0103 o deplasare u\u0219oar\u0103 \u00een jurul zonei promo\u021bionale. <\/p>\n<p>Degust\u0103ri: \u00een timpul degust\u0103rilor, versiunea mini a tejghelei de t\u00e2rg ofer\u0103 un loc profesionist pentru prezentarea produselor. \u00cen plus, asamblarea intuitiv\u0103 permite preg\u0103tirea rapid\u0103 a standului. <\/p>\n<p>Versiunea mini a unui contor mobil pentru t\u00e2rguri &#8211; avantaje<br \/>\nAleg\u00e2nd adTribune Elypse Mini, ob\u021bine\u021bi un contor pentru t\u00e2rguri compact, mobil \u0219i versatil, care v\u0103 va sus\u021bine eforturile de marketing la orice eveniment.<br \/>\nDesign compact \u0219i mobil<br \/>\nAdTribune Elypse Mini iese \u00een eviden\u021b\u0103 prin designul s\u0103u compact, fiind solu\u021bia ideal\u0103 pentru diverse evenimente promo\u021bionale. Ro\u021bile robuste permit deplasarea liber\u0103, adapt\u00e2nd contorul la diferite set\u0103ri \u0219i condi\u021bii.<br \/>\nAsamblare intuitiv\u0103<br \/>\nRealizat\u0103 din profile de aluminiu \u0219i panouri de mobilier, construc\u021bia poate fi asamblat\u0103 de o singur\u0103 persoan\u0103. Montarea f\u0103r\u0103 scule a printurilor permite preg\u0103tirea rapid\u0103 a \u00eentregului stand.<br \/>\nVersatilitate<br \/>\nSistemul velcro permite schimbul u\u0219or de printuri, permi\u021b\u00e2nd adaptarea rapid\u0103 a tejghelei la diferite evenimente \u0219i campanii promo\u021bionale. Aceasta \u00eenseamn\u0103 c\u0103 o construc\u021bie poate fi utilizat\u0103 de mai multe ori, fiind o solu\u021bie practic\u0103 \u0219i economic\u0103.<br \/>\nCe este inclus \u00een set?   <\/p>\n<p>construc\u021bie din aluminiu cu ro\u021bi,<\/p>\n<p>blat \u0219i raft realizate din panouri de mobil\u0103,<\/p>\n<p>film imprimat, securizat cu laminat,<\/p>\n<p>geant\u0103 de transport.<\/p>\n","protected":false},"excerpt":{"rendered":"<p>Unde s\u0103 utiliza\u021bi cel mai bine adTribune Elypse Mini? T\u00e2rguri comerciale: adTribune Elypse Mini este perfect pentru t\u00e2rguri comerciale, mai ales dac\u0103 ave\u021bi spa\u021biu limitat. Construc\u021bia sa mobil\u0103 permite adaptarea u\u0219oar\u0103 a standului la condi\u021biile schimb\u0103toare ale evenimentului. Campanii promo\u021bionale: adTribune Elypse Mini este potrivit pentru diverse evenimente. Construc\u021bia cu ro\u021bi asigur\u0103 o deplasare u\u0219oar\u0103 [&hellip;]<\/p>\n","protected":false},"featured_media":24142,"comment_status":"closed","ping_status":"open","template":"","meta":{"_seopress_robots_primary_cat":"","_seopress_titles_title":"","_seopress_titles_desc":"","_seopress_robots_index":"","inline_featured_image":false},"product_brand":[],"product_cat":[1450,84,1443],"product_tag":[],"class_list":{"0":"post-16052","1":"product","2":"type-product","3":"status-publish","4":"has-post-thumbnail","6":"product_cat-adtribune-elypse-mini-ro","7":"product_cat-standuri","8":"product_cat-standuri-clasice-ro-2","10":"first","11":"instock","12":"purchasable","13":"product-type-simple"},"_links":{"self":[{"href":"https:\/\/expovision.ro\/ro\/wp-json\/wp\/v2\/product\/16052","targetHints":{"allow":["GET"]}}],"collection":[{"href":"https:\/\/expovision.ro\/ro\/wp-json\/wp\/v2\/product"}],"about":[{"href":"https:\/\/expovision.ro\/ro\/wp-json\/wp\/v2\/types\/product"}],"replies":[{"embeddable":true,"href":"https:\/\/expovision.ro\/ro\/wp-json\/wp\/v2\/comments?post=16052"}],"wp:featuredmedia":[{"embeddable":true,"href":"https:\/\/expovision.ro\/ro\/wp-json\/wp\/v2\/media\/24142"}],"wp:attachment":[{"href":"https:\/\/expovision.ro\/ro\/wp-json\/wp\/v2\/media?parent=16052"}],"wp:term":[{"taxonomy":"product_brand","embeddable":true,"href":"https:\/\/expovision.ro\/ro\/wp-json\/wp\/v2\/product_brand?post=16052"},{"taxonomy":"product_cat","embeddable":true,"href":"https:\/\/expovision.ro\/ro\/wp-json\/wp\/v2\/product_cat?post=16052"},{"taxonomy":"product_tag","embeddable":true,"href":"https:\/\/expovision.ro\/ro\/wp-json\/wp\/v2\/product_tag?post=16052"}],"curies":[{"name":"wp","href":"https:\/\/api.w.org\/{rel}","templated":true}]}}