{"id":15802,"date":"2025-10-02T19:57:37","date_gmt":"2025-10-02T16:57:37","guid":{"rendered":"https:\/\/expovision.ro\/product\/adstand-l-120\/"},"modified":"2025-05-01T16:12:20","modified_gmt":"2025-05-01T13:12:20","slug":"adstand-l-120","status":"publish","type":"product","link":"https:\/\/expovision.ro\/ro\/produs\/adstand-l-120\/","title":{"rendered":"adStand L 120"},"content":{"rendered":"<p>adWall L &#8211; unde \u0219i c\u00e2nd poate fi utilizat?<br \/>\nPeretele pentru bannere adWall L este un sistem expozi\u021bional versatil. Cu produsul disponibil \u00een diferite dimensiuni, pute\u021bi personaliza cu u\u0219urin\u021b\u0103 bannerul pentru a v\u0103 satisface nevoile specifice.<\/p>\n<p>Instala\u021bie de servicii: Dac\u0103 v\u0103 conduce\u021bi propria afacere, bannerul de perete poate servi ca suport publicitar sau ca mijloc de comunicare cu cei din jur. Folosind bannerele de perete, v\u0103 pute\u021bi informa publicul despre evenimente tematice, produse, servicii speciale \u0219i certific\u0103ri.<\/p>\n<p>Birouri \u0219i institu\u021bii: \u00cen birouri, un perete promo\u021bional poate fi utilizat ca mijloc de informare a beneficiarilor cu privire la subven\u021biile, sesiunile de formare \u0219i proiectele \u00een curs. \u00cen muzee, centre culturale sau teatre, pute\u021bi difuza anun\u021buri despre evenimente curente \u0219i expozi\u021bii temporare.<\/p>\n<p>Campanii promo\u021bionale: De asemenea, pute\u021bi utiliza cu succes adWall L \u00een diverse campanii promo\u021bionale. Dac\u0103 inten\u021biona\u021bi s\u0103 \u00eenfiin\u021ba\u021bi un stand de expozi\u021bie minimalist pentru a v\u0103 prezenta compania, bannerele publicitare gata f\u0103cute vor fi o alegere excelent\u0103.<\/p>\n<p>adWall L Banner Wall &#8211; Care sunt beneficiile utiliz\u0103rii acestui produs?<br \/>\nBannerele publicitare gata f\u0103cute sunt un mijloc de publicitate dovedit, care a fost popular printre expozan\u021bi timp de mul\u021bi ani. Here are a few reasons why you should choose the adWall L roll-up with a print.<br \/>\nHigh-Quality Print and Clear Message<br \/>\nWe use solvent printing technology for preparing the banner. Aceast\u0103 metod\u0103 asigur\u0103 c\u0103 grafica este vie \u0219i culorile sunt profunde, f\u0103c\u00e2nd ca mesajul publicitar s\u0103 fie clar \u0219i s\u0103 atrag\u0103 aten\u021bia poten\u021bialilor clien\u021bi.<br \/>\nSolu\u021bie prietenoas\u0103 cu bugetul<br \/>\nBannerul de perete este o alegere excelent\u0103 dac\u0103 sunte\u021bi \u00een c\u0103utarea unui mijloc publicitar economic. Roll-up-ul prezentat aici este o solu\u021bie prietenoas\u0103 cu bugetul. \u00cen ciuda acestui fapt, datorit\u0103 utiliz\u0103rii materialelor de \u00eenalt\u0103 calitate, acesta v\u0103 poate servi \u00een multe activit\u0103\u021bi promo\u021bionale viitoare.<br \/>\nU\u0219or de asamblat \u0219i transportat<br \/>\nPeretele banner se caracterizeaz\u0103 prin u\u0219urin\u021ba de asamblare. Pentru a monta bannerul, trebuie doar s\u0103 desf\u0103\u0219ura\u021bi imprimarea \u0219i s\u0103 o plasa\u021bi pe catargul extensibil. \u00cen mod important, aceast\u0103 sarcin\u0103 nu necesit\u0103 utilizarea niciunui instrument, f\u0103c\u00e2nd din acest produs o solu\u021bie ideal\u0103 chiar dac\u0103 nu ave\u021bi abilit\u0103\u021bi manuale.<br \/>\nReutilizabil<br \/>\nLa adsystem, aspectul atractiv al produselor noastre merge \u00eentotdeauna m\u00e2n\u0103 \u00een m\u00e2n\u0103 cu calitatea manoperei. Prin urmare, cu o utilizare adecvat\u0103, bannerul nostru v\u0103 va servi pentru o lung\u0103 perioad\u0103 de timp.<\/p>\n","protected":false},"excerpt":{"rendered":"<p>adWall L &#8211; unde \u0219i c\u00e2nd poate fi utilizat? Peretele pentru bannere adWall L este un sistem expozi\u021bional versatil. Cu produsul disponibil \u00een diferite dimensiuni, pute\u021bi personaliza cu u\u0219urin\u021b\u0103 bannerul pentru a v\u0103 satisface nevoile specifice. Instala\u021bie de servicii: Dac\u0103 v\u0103 conduce\u021bi propria afacere, bannerul de perete poate servi ca suport publicitar sau ca mijloc [&hellip;]<\/p>\n","protected":false},"featured_media":23942,"comment_status":"closed","ping_status":"open","template":"","meta":{"_seopress_robots_primary_cat":"","_seopress_titles_title":"","_seopress_titles_desc":"","_seopress_robots_index":"","inline_featured_image":false},"product_brand":[],"product_cat":[251,351,1170],"product_tag":[],"class_list":{"0":"post-15802","1":"product","2":"type-product","3":"status-publish","4":"has-post-thumbnail","6":"product_cat-roll-up","7":"product_cat-roll-up-uri","8":"product_cat-adstand-ro","10":"first","11":"instock","12":"purchasable","13":"product-type-simple"},"_links":{"self":[{"href":"https:\/\/expovision.ro\/ro\/wp-json\/wp\/v2\/product\/15802","targetHints":{"allow":["GET"]}}],"collection":[{"href":"https:\/\/expovision.ro\/ro\/wp-json\/wp\/v2\/product"}],"about":[{"href":"https:\/\/expovision.ro\/ro\/wp-json\/wp\/v2\/types\/product"}],"replies":[{"embeddable":true,"href":"https:\/\/expovision.ro\/ro\/wp-json\/wp\/v2\/comments?post=15802"}],"wp:featuredmedia":[{"embeddable":true,"href":"https:\/\/expovision.ro\/ro\/wp-json\/wp\/v2\/media\/23942"}],"wp:attachment":[{"href":"https:\/\/expovision.ro\/ro\/wp-json\/wp\/v2\/media?parent=15802"}],"wp:term":[{"taxonomy":"product_brand","embeddable":true,"href":"https:\/\/expovision.ro\/ro\/wp-json\/wp\/v2\/product_brand?post=15802"},{"taxonomy":"product_cat","embeddable":true,"href":"https:\/\/expovision.ro\/ro\/wp-json\/wp\/v2\/product_cat?post=15802"},{"taxonomy":"product_tag","embeddable":true,"href":"https:\/\/expovision.ro\/ro\/wp-json\/wp\/v2\/product_tag?post=15802"}],"curies":[{"name":"wp","href":"https:\/\/api.w.org\/{rel}","templated":true}]}}