{"id":15801,"date":"2025-10-02T19:57:04","date_gmt":"2025-10-02T16:57:04","guid":{"rendered":"https:\/\/expovision.ro\/product\/adfolder-premium\/"},"modified":"2025-05-01T16:12:21","modified_gmt":"2025-05-01T13:12:21","slug":"adfolder-premium","status":"publish","type":"product","link":"https:\/\/expovision.ro\/ro\/produs\/adfolder-premium\/","title":{"rendered":"adFolder premium"},"content":{"rendered":"<p>Unde s\u0103 folosi\u021bi standurile pentru bro\u0219uri?<\/p>\n<p>Expozi\u021bii comerciale,<\/p>\n<p>centre comerciale,<\/p>\n<p>birouri de v\u00e2nz\u0103ri,<\/p>\n<p>evenimente promo\u021bionale,<\/p>\n<p>hoteluri \u0219i centre de conferin\u021be,<\/p>\n<p>biblioteci,<\/p>\n<p>aeroporturi \u0219i g\u0103ri,<\/p>\n<p>s\u0103li de expozi\u021bie,<\/p>\n<p>cluburi de fitness,<\/p>\n<p>spa-uri \u0219i centre de wellness,<\/p>\n<p>cabinete medicale,<\/p>\n<p>saloane de \u00eenfrumuse\u021bare.<\/p>\n<p>Avantajele modelului adFolder Premium<br \/>\nAsamblare instantanee<br \/>\nAsamblarea adFolder Premium dureaz\u0103 doar c\u00e2teva secunde. O mi\u0219care rapid\u0103 a m\u00e2inii este suficient\u0103 pentru a configura suportul pentru bro\u0219uri. Datorit\u0103 designului s\u0103u atent, preg\u0103tirea afi\u0219ajului dvs. publicitar este cu adev\u0103rat rapid\u0103 \u0219i convenabil\u0103.<br \/>\nConstruc\u021bie solid\u0103 \u0219i estetic\u0103<br \/>\nSuportul pentru bro\u0219uri adFolder Premium independent are o baz\u0103 estetic\u0103 din aluminiu \u0219i buzunare din sticl\u0103 acrilic\u0103. Nu este doar durabil, ci \u0219i o solu\u021bie elegant\u0103 care atrage aten\u021bia clien\u021bilor \u0219i partenerilor de afaceri.<br \/>\nOp\u021biuni de personalizare<br \/>\nSuportul pentru bro\u0219uri adFolder Premium v\u0103 permite s\u0103 ad\u0103uga\u021bi un clip pentru montarea unui element grafic suplimentar. \u00cen acest fel, pute\u021bi personaliza aspectul standului \u00een func\u021bie de nevoile dvs. \u0219i v\u0103 pute\u021bi promova brandul \u0219i mai eficient.<br \/>\nCe este inclus \u00een set?<\/p>\n<p>Suport pentru bro\u0219uri,<\/p>\n<p>geant\u0103 de transport consolidat\u0103.<\/p>\n","protected":false},"excerpt":{"rendered":"<p>Unde s\u0103 folosi\u021bi standurile pentru bro\u0219uri? Expozi\u021bii comerciale, centre comerciale, birouri de v\u00e2nz\u0103ri, evenimente promo\u021bionale, hoteluri \u0219i centre de conferin\u021be, biblioteci, aeroporturi \u0219i g\u0103ri, s\u0103li de expozi\u021bie, cluburi de fitness, spa-uri \u0219i centre de wellness, cabinete medicale, saloane de \u00eenfrumuse\u021bare. Avantajele modelului adFolder Premium Asamblare instantanee Asamblarea adFolder Premium dureaz\u0103 doar c\u00e2teva secunde. O mi\u0219care [&hellip;]<\/p>\n","protected":false},"featured_media":23902,"comment_status":"closed","ping_status":"open","template":"","meta":{"_seopress_robots_primary_cat":"","_seopress_titles_title":"","_seopress_titles_desc":"","_seopress_robots_index":"","inline_featured_image":false},"product_brand":[],"product_cat":[367,368,1442],"product_tag":[],"class_list":{"0":"post-15801","1":"product","2":"type-product","3":"status-publish","4":"has-post-thumbnail","6":"product_cat-accesorii-standuri-publicitare","7":"product_cat-suporturi-pentru-brosuri","8":"product_cat-adfolder-premium","10":"first","11":"instock","12":"purchasable","13":"product-type-simple"},"_links":{"self":[{"href":"https:\/\/expovision.ro\/ro\/wp-json\/wp\/v2\/product\/15801","targetHints":{"allow":["GET"]}}],"collection":[{"href":"https:\/\/expovision.ro\/ro\/wp-json\/wp\/v2\/product"}],"about":[{"href":"https:\/\/expovision.ro\/ro\/wp-json\/wp\/v2\/types\/product"}],"replies":[{"embeddable":true,"href":"https:\/\/expovision.ro\/ro\/wp-json\/wp\/v2\/comments?post=15801"}],"wp:featuredmedia":[{"embeddable":true,"href":"https:\/\/expovision.ro\/ro\/wp-json\/wp\/v2\/media\/23902"}],"wp:attachment":[{"href":"https:\/\/expovision.ro\/ro\/wp-json\/wp\/v2\/media?parent=15801"}],"wp:term":[{"taxonomy":"product_brand","embeddable":true,"href":"https:\/\/expovision.ro\/ro\/wp-json\/wp\/v2\/product_brand?post=15801"},{"taxonomy":"product_cat","embeddable":true,"href":"https:\/\/expovision.ro\/ro\/wp-json\/wp\/v2\/product_cat?post=15801"},{"taxonomy":"product_tag","embeddable":true,"href":"https:\/\/expovision.ro\/ro\/wp-json\/wp\/v2\/product_tag?post=15801"}],"curies":[{"name":"wp","href":"https:\/\/api.w.org\/{rel}","templated":true}]}}