{"id":15799,"date":"2025-10-02T19:57:11","date_gmt":"2025-10-02T16:57:11","guid":{"rendered":"https:\/\/expovision.ro\/product\/adfolder-prestige-4-camere\/"},"modified":"2025-05-01T16:13:51","modified_gmt":"2025-05-01T13:13:51","slug":"adfolder-prestige-4-camere","status":"publish","type":"product","link":"https:\/\/expovision.ro\/ro\/produs\/adfolder-prestige-4-camere\/","title":{"rendered":"adFolder Prestige 4 camere"},"content":{"rendered":"<p>Unde s\u0103 folosi\u021bi un suport pentru bro\u0219uri A4?<\/p>\n<p>Expozi\u021bii comerciale, conferin\u021be \u0219i seminarii,<\/p>\n<p>recep\u021bii ale companiilor,<\/p>\n<p>centre comerciale,<\/p>\n<p>birouri de v\u00e2nz\u0103ri,<\/p>\n<p>evenimente promo\u021bionale,<\/p>\n<p>hoteluri \u0219i centre de conferin\u021be,<\/p>\n<p>universit\u0103\u021bi \u0219i \u0219coli,<\/p>\n<p>biblioteci \u0219i s\u0103li de lectur\u0103,<\/p>\n<p>magazine cu am\u0103nuntul.<\/p>\n<p>Avantajele modelului adFolder Prestige<br \/>\nConstruc\u021bie durabil\u0103 \u0219i design elegant<br \/>\nSuportul pentru bro\u0219uri este fabricat din aluminiu anodizat \u0219i sticl\u0103 acrilic\u0103. Aceste materiale asigur\u0103 faptul c\u0103 produsul v\u0103 va servi o perioad\u0103 lung\u0103 de timp, men\u021bin\u00e2nd \u00een acela\u0219i timp un aspect estetic.<br \/>\nAsamblare \u0219i dezasamblare u\u0219oar\u0103<br \/>\nAsamblarea adFolder Prestige dureaz\u0103 doar c\u00e2teva secunde. Este suficient\u0103 o mi\u0219care rapid\u0103 a m\u00e2inii pentru a configura suportul pentru bro\u0219uri, economisind timp pre\u021bios \u00een timpul preg\u0103tirii standului.<br \/>\nTransport convenabil<br \/>\nModelul adFolder Prestige este proiectat pentru a fi transportat u\u0219or. Acesta poate fi pliat \u0219i \u00eempachetat \u00eentr-o geant\u0103 elegant\u0103 \u00een stil rucsac, ceea ce \u00eel face u\u0219or de transportat la diferite evenimente \u0219i t\u00e2rguri. Acest lucru asigur\u0103 faptul c\u0103 suportul va fi \u00eentotdeauna sigur \u0219i gata de utilizare \u00een orice moment.<br \/>\nCe este inclus \u00een set?<\/p>\n<p>Suport pentru bro\u0219uri,<\/p>\n<p>geant\u0103 de transport.<\/p>\n","protected":false},"excerpt":{"rendered":"<p>Unde s\u0103 folosi\u021bi un suport pentru bro\u0219uri A4? Expozi\u021bii comerciale, conferin\u021be \u0219i seminarii, recep\u021bii ale companiilor, centre comerciale, birouri de v\u00e2nz\u0103ri, evenimente promo\u021bionale, hoteluri \u0219i centre de conferin\u021be, universit\u0103\u021bi \u0219i \u0219coli, biblioteci \u0219i s\u0103li de lectur\u0103, magazine cu am\u0103nuntul. Avantajele modelului adFolder Prestige Construc\u021bie durabil\u0103 \u0219i design elegant Suportul pentru bro\u0219uri este fabricat din aluminiu [&hellip;]<\/p>\n","protected":false},"featured_media":23912,"comment_status":"closed","ping_status":"open","template":"","meta":{"_seopress_robots_primary_cat":"","_seopress_titles_title":"","_seopress_titles_desc":"","_seopress_robots_index":"","inline_featured_image":false},"product_brand":[],"product_cat":[367,368,1441],"product_tag":[],"class_list":{"0":"post-15799","1":"product","2":"type-product","3":"status-publish","4":"has-post-thumbnail","6":"product_cat-accesorii-standuri-publicitare","7":"product_cat-suporturi-pentru-brosuri","8":"product_cat-adfolder-prestige","10":"first","11":"instock","12":"purchasable","13":"product-type-simple"},"_links":{"self":[{"href":"https:\/\/expovision.ro\/ro\/wp-json\/wp\/v2\/product\/15799","targetHints":{"allow":["GET"]}}],"collection":[{"href":"https:\/\/expovision.ro\/ro\/wp-json\/wp\/v2\/product"}],"about":[{"href":"https:\/\/expovision.ro\/ro\/wp-json\/wp\/v2\/types\/product"}],"replies":[{"embeddable":true,"href":"https:\/\/expovision.ro\/ro\/wp-json\/wp\/v2\/comments?post=15799"}],"wp:featuredmedia":[{"embeddable":true,"href":"https:\/\/expovision.ro\/ro\/wp-json\/wp\/v2\/media\/23912"}],"wp:attachment":[{"href":"https:\/\/expovision.ro\/ro\/wp-json\/wp\/v2\/media?parent=15799"}],"wp:term":[{"taxonomy":"product_brand","embeddable":true,"href":"https:\/\/expovision.ro\/ro\/wp-json\/wp\/v2\/product_brand?post=15799"},{"taxonomy":"product_cat","embeddable":true,"href":"https:\/\/expovision.ro\/ro\/wp-json\/wp\/v2\/product_cat?post=15799"},{"taxonomy":"product_tag","embeddable":true,"href":"https:\/\/expovision.ro\/ro\/wp-json\/wp\/v2\/product_tag?post=15799"}],"curies":[{"name":"wp","href":"https:\/\/api.w.org\/{rel}","templated":true}]}}