{"id":15796,"date":"2025-10-02T19:58:25","date_gmt":"2025-10-02T16:58:25","guid":{"rendered":"https:\/\/expovision.ro\/product\/adstand-eco-85\/"},"modified":"2025-05-01T16:13:52","modified_gmt":"2025-05-01T13:13:52","slug":"adstand-eco-85","status":"publish","type":"product","link":"https:\/\/expovision.ro\/ro\/produs\/adstand-eco-85\/","title":{"rendered":"adStand Eco 85"},"content":{"rendered":"<p>adStand Eco Banner &#8211; aplica\u021bii<br \/>\nExtrem de u\u0219or, adStand Eco este perfect pentru diverse c\u0103l\u0103torii \u00een industrie \u0219i evenimente promo\u021bionale.<\/p>\n<p>Expunere \u00een magazin: Roll-up-urile clasice sunt utilizate ca parte a unui afi\u0219aj permanent \u00een magazine sau centre comerciale. Plasate \u00eentr-o vitrin\u0103, acestea atrag \u00een mod eficient aten\u021bia poten\u021bialilor clien\u021bi.<\/p>\n<p>T\u00e2rguri \u0219i conferin\u021be: Designul u\u0219or \u0219i baza stabil\u0103 fac din adStand Eco o alegere bun\u0103 pentru t\u00e2rguri \u0219i conferin\u021be.<\/p>\n<p>Evenimente publicitare: Bannerul poate fi utilizat pentru numeroase activit\u0103\u021bi promo\u021bionale. Materialul de imprimare rezistent \u00eempiedic\u0103 curbarea marginilor, permi\u021b\u00e2nd roll-up-urilor s\u0103 \u00ee\u0219i men\u021bin\u0103 func\u021bia pentru o perioad\u0103 lung\u0103 de timp.<\/p>\n<p>adStand Eco Roll-ups &#8211; avantaje<br \/>\nInstalare u\u0219oar\u0103<br \/>\nRoll-ups constau dintr-un panou imprimat \u0219i o baz\u0103 stabil\u0103 care con\u021bine un mecanism de retragere. Instalarea \u0219i demontarea anun\u021bului este instantanee \u0219i nu necesit\u0103 competen\u021be tehnice. Acest lucru este deosebit de important dac\u0103 v\u0103 muta\u021bi frecvent loca\u021biile \u00een timpul promo\u021biilor.<br \/>\nMobilitate<br \/>\nAdStand Eco este unul dintre cele mai u\u0219oare produse din gama noastr\u0103. Prin urmare, \u00eel pute\u021bi lua cu u\u0219urin\u021b\u0103 \u00een diverse c\u0103l\u0103torii de afaceri. O geant\u0103 de transport convenabil\u0103 este inclus\u0103 cu produsul.<br \/>\nConstruc\u021bie solid\u0103<br \/>\n\u00cen ciuda greut\u0103\u021bii sale reduse, adStand Eco are o construc\u021bie solid\u0103. Caseta din aluminiu este echipat\u0103 cu dou\u0103 picioare de sprijin, asigur\u00e2nd stabilitatea produsului.<\/p>\n","protected":false},"excerpt":{"rendered":"<p>adStand Eco Banner &#8211; aplica\u021bii Extrem de u\u0219or, adStand Eco este perfect pentru diverse c\u0103l\u0103torii \u00een industrie \u0219i evenimente promo\u021bionale. Expunere \u00een magazin: Roll-up-urile clasice sunt utilizate ca parte a unui afi\u0219aj permanent \u00een magazine sau centre comerciale. Plasate \u00eentr-o vitrin\u0103, acestea atrag \u00een mod eficient aten\u021bia poten\u021bialilor clien\u021bi. T\u00e2rguri \u0219i conferin\u021be: Designul u\u0219or \u0219i [&hellip;]<\/p>\n","protected":false},"featured_media":23984,"comment_status":"closed","ping_status":"open","template":"","meta":{"_seopress_robots_primary_cat":"","_seopress_titles_title":"","_seopress_titles_desc":"","_seopress_robots_index":"","inline_featured_image":false},"product_brand":[],"product_cat":[251,351,1645],"product_tag":[],"class_list":{"0":"post-15796","1":"product","2":"type-product","3":"status-publish","4":"has-post-thumbnail","6":"product_cat-roll-up","7":"product_cat-roll-up-uri","8":"product_cat-adstand-eco-ro","10":"first","11":"instock","12":"purchasable","13":"product-type-simple"},"_links":{"self":[{"href":"https:\/\/expovision.ro\/ro\/wp-json\/wp\/v2\/product\/15796","targetHints":{"allow":["GET"]}}],"collection":[{"href":"https:\/\/expovision.ro\/ro\/wp-json\/wp\/v2\/product"}],"about":[{"href":"https:\/\/expovision.ro\/ro\/wp-json\/wp\/v2\/types\/product"}],"replies":[{"embeddable":true,"href":"https:\/\/expovision.ro\/ro\/wp-json\/wp\/v2\/comments?post=15796"}],"wp:featuredmedia":[{"embeddable":true,"href":"https:\/\/expovision.ro\/ro\/wp-json\/wp\/v2\/media\/23984"}],"wp:attachment":[{"href":"https:\/\/expovision.ro\/ro\/wp-json\/wp\/v2\/media?parent=15796"}],"wp:term":[{"taxonomy":"product_brand","embeddable":true,"href":"https:\/\/expovision.ro\/ro\/wp-json\/wp\/v2\/product_brand?post=15796"},{"taxonomy":"product_cat","embeddable":true,"href":"https:\/\/expovision.ro\/ro\/wp-json\/wp\/v2\/product_cat?post=15796"},{"taxonomy":"product_tag","embeddable":true,"href":"https:\/\/expovision.ro\/ro\/wp-json\/wp\/v2\/product_tag?post=15796"}],"curies":[{"name":"wp","href":"https:\/\/api.w.org\/{rel}","templated":true}]}}