{"id":15790,"date":"2025-10-02T19:58:46","date_gmt":"2025-10-02T16:58:46","guid":{"rendered":"https:\/\/expovision.ro\/product\/adstand-lux-85\/"},"modified":"2025-05-01T16:13:21","modified_gmt":"2025-05-01T13:13:21","slug":"adstand-lux-85","status":"publish","type":"product","link":"https:\/\/expovision.ro\/ro\/produs\/adstand-lux-85\/","title":{"rendered":"adStand Lux 85"},"content":{"rendered":"<p>adStand Lux &#8211; Beneficii<br \/>\nDurabilitate Bannerul roll-up personalizat este echipat cu un mecanism retractabil durabil, care permite utilizarea pe termen lung a produsului. Baza larg\u0103 de sus\u021binere este rezistent\u0103 la \u00eendoire, iar st\u00e2lpul din aluminiu cu pere\u021bi gro\u0219i asigur\u0103 stabilitate structural\u0103.<br \/>\nUtilizare pe termen lung\u00cen plus fa\u021b\u0103 de materialele sale durabile, o alt\u0103 caracteristic\u0103 care permite utilizarea prelungit\u0103 a adStand Lux este op\u021biunea de a schimba imprim\u0103rile. \u00cen orice moment, pute\u021bi comanda grafic\u0103 nou\u0103 care se va potrivi perfect cu structura existent\u0103.<br \/>\nTransport convenabil Bannerul rulat cu imprimarea este stocat \u00een caseta de aluminiu, ceea ce face ca bannerul rulat personalizat s\u0103 fie u\u0219or de transportat. \u00cen plus, produsul include o geant\u0103, care faciliteaz\u0103 \u0219i mai mult mobilitatea \u00een timpul expozi\u021biilor comerciale.<br \/>\nSpecifica\u021bii tehnice:<\/p>\n<p>Structur\u0103 stabil\u0103 din aluminiu,<\/p>\n<p>Caseta cu mecanism retractabil,<\/p>\n<p>Baz\u0103 de sprijin larg\u0103,<\/p>\n<p>St\u00e2lp format din trei p\u0103r\u021bi unite printr-un cordon elastic,<\/p>\n<p>Imprimare pe panou PVC,<\/p>\n<p>Print resolution up to 1440 dpi,<\/p>\n<p>Geant\u0103 de transport inclus\u0103.<\/p>\n<p>Dimensiuni:<\/p>\n<p>L\u0103\u021bime: 85\/100\/120 cm,<\/p>\n<p>\u00cen\u0103l\u021bime: 210 cm,<\/p>\n<p>Greutate: 4,5\/4,5\/7 kg.<\/p>\n","protected":false},"excerpt":{"rendered":"<p>adStand Lux &#8211; Beneficii Durabilitate Bannerul roll-up personalizat este echipat cu un mecanism retractabil durabil, care permite utilizarea pe termen lung a produsului. Baza larg\u0103 de sus\u021binere este rezistent\u0103 la \u00eendoire, iar st\u00e2lpul din aluminiu cu pere\u021bi gro\u0219i asigur\u0103 stabilitate structural\u0103. Utilizare pe termen lung\u00cen plus fa\u021b\u0103 de materialele sale durabile, o alt\u0103 caracteristic\u0103 care [&hellip;]<\/p>\n","protected":false},"featured_media":24004,"comment_status":"closed","ping_status":"open","template":"","meta":{"_seopress_robots_primary_cat":"","_seopress_titles_title":"","_seopress_titles_desc":"","_seopress_robots_index":"","inline_featured_image":false},"product_brand":[],"product_cat":[251,351,1648],"product_tag":[],"class_list":{"0":"post-15790","1":"product","2":"type-product","3":"status-publish","4":"has-post-thumbnail","6":"product_cat-roll-up","7":"product_cat-roll-up-uri","8":"product_cat-adstand-lux-ro","10":"first","11":"outofstock","12":"purchasable","13":"product-type-simple"},"_links":{"self":[{"href":"https:\/\/expovision.ro\/ro\/wp-json\/wp\/v2\/product\/15790","targetHints":{"allow":["GET"]}}],"collection":[{"href":"https:\/\/expovision.ro\/ro\/wp-json\/wp\/v2\/product"}],"about":[{"href":"https:\/\/expovision.ro\/ro\/wp-json\/wp\/v2\/types\/product"}],"replies":[{"embeddable":true,"href":"https:\/\/expovision.ro\/ro\/wp-json\/wp\/v2\/comments?post=15790"}],"wp:featuredmedia":[{"embeddable":true,"href":"https:\/\/expovision.ro\/ro\/wp-json\/wp\/v2\/media\/24004"}],"wp:attachment":[{"href":"https:\/\/expovision.ro\/ro\/wp-json\/wp\/v2\/media?parent=15790"}],"wp:term":[{"taxonomy":"product_brand","embeddable":true,"href":"https:\/\/expovision.ro\/ro\/wp-json\/wp\/v2\/product_brand?post=15790"},{"taxonomy":"product_cat","embeddable":true,"href":"https:\/\/expovision.ro\/ro\/wp-json\/wp\/v2\/product_cat?post=15790"},{"taxonomy":"product_tag","embeddable":true,"href":"https:\/\/expovision.ro\/ro\/wp-json\/wp\/v2\/product_tag?post=15790"}],"curies":[{"name":"wp","href":"https:\/\/api.w.org\/{rel}","templated":true}]}}