{"id":15789,"date":"2025-10-02T19:58:11","date_gmt":"2025-10-02T16:58:11","guid":{"rendered":"https:\/\/expovision.ro\/product\/adstand-premium-150\/"},"modified":"2025-05-01T16:13:21","modified_gmt":"2025-05-01T13:13:21","slug":"adstand-premium-150","status":"publish","type":"product","link":"https:\/\/expovision.ro\/ro\/produs\/adstand-premium-150\/","title":{"rendered":"adStand premium 150"},"content":{"rendered":"<p>\nAvantajele utiliz\u0103rii adStand Premium<br \/>\nSistem de afi\u0219are de lung\u0103 durat\u0103<br \/>\nAdStand Premium este fabricat din materiale de cea mai \u00eenalt\u0103 calitate, rezult\u00e2nd un suport publicitar durabil care v\u0103 va servi ani de zile. Caseta robust\u0103 este reutilizabil\u0103, permi\u021b\u00e2ndu-v\u0103 s\u0103 o duce\u021bi la diverse evenimente prin simpla \u00eenlocuire a imprim\u0103rilor dac\u0103 o nou\u0103 promo\u021bie o necesit\u0103.<br \/>\nPersonalizare complet\u0103<br \/>\nIndiferent dac\u0103 ave\u021bi nevoie de un suport publicitar mic sau de un afi\u0219aj mai mare, pute\u021bi ajusta adStand Premium la cerin\u021bele dumneavoastr\u0103 &#8211; acest model este disponibil \u00een patru dimensiuni. \u00cen plus, printurile de pe banner sunt complet personalizabile \u0219i pot fi schimbate pe m\u0103sur\u0103 ce nevoile de marketing se schimb\u0103.<br \/>\nPublicitate profesional\u0103<br \/>\nMaterialele de \u00eenalt\u0103 calitate \u0219i metodele moderne de imprimare asigur\u0103 claritatea \u0219i durabilitatea graficii. \u00cen plus, placa rigid\u0103 previne curbarea col\u021burilor bannerului. Ca rezultat, adStand Premium arat\u0103 profesionist \u0219i atrage \u00een mod eficient aten\u021bia poten\u021bialilor clien\u021bi.<br \/>\nSpecifica\u021bii tehnice:<\/p>\n<p>Structur\u0103 durabil\u0103 din aluminiu,<\/p>\n<p>Baz\u0103 lat\u0103, nu necesit\u0103 picior de sprijin,<\/p>\n<p>Printed banner,<\/p>\n<p>Caseta reutilizabil\u0103,<\/p>\n<p>Printing up to 1440 dpi,<\/p>\n<p>Geant\u0103 de transport inclus\u0103.<\/p>\n<p>Dimensiuni \u0219i greutate:<\/p>\n<p>L\u0103\u021bime: 85\/100\/120\/150 cm,<\/p>\n<p>\u00cen\u0103l\u021bime: 215 cm,<\/p>\n<p>Greutate: 6\/7\/9\/10 kg.<\/p>\n","protected":false},"excerpt":{"rendered":"<p>Avantajele utiliz\u0103rii adStand Premium Sistem de afi\u0219are de lung\u0103 durat\u0103 AdStand Premium este fabricat din materiale de cea mai \u00eenalt\u0103 calitate, rezult\u00e2nd un suport publicitar durabil care v\u0103 va servi ani de zile. Caseta robust\u0103 este reutilizabil\u0103, permi\u021b\u00e2ndu-v\u0103 s\u0103 o duce\u021bi la diverse evenimente prin simpla \u00eenlocuire a imprim\u0103rilor dac\u0103 o nou\u0103 promo\u021bie o necesit\u0103. [&hellip;]<\/p>\n","protected":false},"featured_media":23966,"comment_status":"closed","ping_status":"open","template":"","meta":{"_seopress_robots_primary_cat":"","_seopress_titles_title":"","_seopress_titles_desc":"","_seopress_robots_index":"","inline_featured_image":false},"product_brand":[],"product_cat":[251,351,1650],"product_tag":[],"class_list":{"0":"post-15789","1":"product","2":"type-product","3":"status-publish","4":"has-post-thumbnail","6":"product_cat-roll-up","7":"product_cat-roll-up-uri","8":"product_cat-adstand-premium-ro","10":"first","11":"instock","12":"purchasable","13":"product-type-simple"},"_links":{"self":[{"href":"https:\/\/expovision.ro\/ro\/wp-json\/wp\/v2\/product\/15789","targetHints":{"allow":["GET"]}}],"collection":[{"href":"https:\/\/expovision.ro\/ro\/wp-json\/wp\/v2\/product"}],"about":[{"href":"https:\/\/expovision.ro\/ro\/wp-json\/wp\/v2\/types\/product"}],"replies":[{"embeddable":true,"href":"https:\/\/expovision.ro\/ro\/wp-json\/wp\/v2\/comments?post=15789"}],"wp:featuredmedia":[{"embeddable":true,"href":"https:\/\/expovision.ro\/ro\/wp-json\/wp\/v2\/media\/23966"}],"wp:attachment":[{"href":"https:\/\/expovision.ro\/ro\/wp-json\/wp\/v2\/media?parent=15789"}],"wp:term":[{"taxonomy":"product_brand","embeddable":true,"href":"https:\/\/expovision.ro\/ro\/wp-json\/wp\/v2\/product_brand?post=15789"},{"taxonomy":"product_cat","embeddable":true,"href":"https:\/\/expovision.ro\/ro\/wp-json\/wp\/v2\/product_cat?post=15789"},{"taxonomy":"product_tag","embeddable":true,"href":"https:\/\/expovision.ro\/ro\/wp-json\/wp\/v2\/product_tag?post=15789"}],"curies":[{"name":"wp","href":"https:\/\/api.w.org\/{rel}","templated":true}]}}