{"id":15787,"date":"2025-10-02T19:58:52","date_gmt":"2025-10-02T16:58:52","guid":{"rendered":"https:\/\/expovision.ro\/product\/adstand-nivel-85\/"},"modified":"2025-05-01T16:13:22","modified_gmt":"2025-05-01T13:13:22","slug":"adstand-nivel-85","status":"publish","type":"product","link":"https:\/\/expovision.ro\/ro\/produs\/adstand-nivel-85\/","title":{"rendered":"adStand Nivel 85"},"content":{"rendered":"<p>adStand Level &#8211; aplica\u021bii<\/p>\n<p>Stand de expozi\u021bie: Spa\u021biul publicitar suplimentar de la baza bannerului roll-up este un loc excelent pentru afi\u0219area logo-ului companiei. Acest sistem expozi\u021bional bine marcat se va distinge de concuren\u021b\u0103 \u0219i va contribui la cre\u0219terea vizibilit\u0103\u021bii mesajului dumneavoastr\u0103.<\/p>\n<p>Degust\u0103ri \u0219i evenimente promo\u021bionale: Op\u021biunea de reglare a \u00een\u0103l\u021bimii poate fi deosebit de util\u0103 \u00een timpul evenimentelor de marketing \u0219i degustare \u00een magazine.<\/p>\n<p>Company headquarters: Roll-up banners can professionally accentuate your business space. Utiliza\u021bi adStand Level pentru a \u00eent\u00e2mpina clien\u021bii \u00een biroul dvs. sau pentru a-i informa despre serviciile pe care le oferi\u021bi.<\/p>\n<p>adStand Level &#8211; avantaje<br \/>\nSpa\u021biu publicitar suplimentar<br \/>\n\u00cen\u0103l\u021bime reglabil\u0103<br \/>\nPosibilitatea de a regla \u00een\u0103l\u021bimea bannerului poate fi deosebit de benefic\u0103 dac\u0103 inten\u021biona\u021bi s\u0103 participa\u021bi la numeroase evenimente. Pute\u021bi adapta cu u\u0219urin\u021b\u0103 adStand Level la spa\u021biul \u00een care are loc evenimentul. \u00cen plus, mesajul plasat \u00een partea de jos a imprim\u0103rii poate fi ascuns dup\u0103 \u00eencheierea perioadei promo\u021bionale.<br \/>\nStabilitate \u0219i durabilitate<br \/>\nBannerele roll-up de la adsystem sunt caracterizate de materiale de \u00eenalt\u0103 calitate. Imprim\u0103rile sunt preg\u0103tite pe pl\u0103ci rigide din PVC, \u00eempiedic\u00e2nd curbarea marginilor \u0219i asigur\u00e2nd c\u0103 con\u021binutul publicitar r\u0103m\u00e2ne atractiv pentru o lung\u0103 perioad\u0103 de timp. \u00cen plus, caseta larg\u0103 a adStand Level creeaz\u0103 o baz\u0103 solid\u0103, oferind stabilitate chiar \u0219i \u00een condi\u021bii de aglomera\u021bie la t\u00e2rguri.<\/p>\n","protected":false},"excerpt":{"rendered":"<p>adStand Level &#8211; aplica\u021bii Stand de expozi\u021bie: Spa\u021biul publicitar suplimentar de la baza bannerului roll-up este un loc excelent pentru afi\u0219area logo-ului companiei. Acest sistem expozi\u021bional bine marcat se va distinge de concuren\u021b\u0103 \u0219i va contribui la cre\u0219terea vizibilit\u0103\u021bii mesajului dumneavoastr\u0103. Degust\u0103ri \u0219i evenimente promo\u021bionale: Op\u021biunea de reglare a \u00een\u0103l\u021bimii poate fi deosebit de util\u0103 [&hellip;]<\/p>\n","protected":false},"featured_media":24006,"comment_status":"closed","ping_status":"open","template":"","meta":{"_seopress_robots_primary_cat":"","_seopress_titles_title":"","_seopress_titles_desc":"","_seopress_robots_index":"","inline_featured_image":false},"product_brand":[],"product_cat":[251,351,1646],"product_tag":[],"class_list":{"0":"post-15787","1":"product","2":"type-product","3":"status-publish","4":"has-post-thumbnail","6":"product_cat-roll-up","7":"product_cat-roll-up-uri","8":"product_cat-adstand-level-ro","10":"first","11":"instock","12":"purchasable","13":"product-type-simple"},"_links":{"self":[{"href":"https:\/\/expovision.ro\/ro\/wp-json\/wp\/v2\/product\/15787","targetHints":{"allow":["GET"]}}],"collection":[{"href":"https:\/\/expovision.ro\/ro\/wp-json\/wp\/v2\/product"}],"about":[{"href":"https:\/\/expovision.ro\/ro\/wp-json\/wp\/v2\/types\/product"}],"replies":[{"embeddable":true,"href":"https:\/\/expovision.ro\/ro\/wp-json\/wp\/v2\/comments?post=15787"}],"wp:featuredmedia":[{"embeddable":true,"href":"https:\/\/expovision.ro\/ro\/wp-json\/wp\/v2\/media\/24006"}],"wp:attachment":[{"href":"https:\/\/expovision.ro\/ro\/wp-json\/wp\/v2\/media?parent=15787"}],"wp:term":[{"taxonomy":"product_brand","embeddable":true,"href":"https:\/\/expovision.ro\/ro\/wp-json\/wp\/v2\/product_brand?post=15787"},{"taxonomy":"product_cat","embeddable":true,"href":"https:\/\/expovision.ro\/ro\/wp-json\/wp\/v2\/product_cat?post=15787"},{"taxonomy":"product_tag","embeddable":true,"href":"https:\/\/expovision.ro\/ro\/wp-json\/wp\/v2\/product_tag?post=15787"}],"curies":[{"name":"wp","href":"https:\/\/api.w.org\/{rel}","templated":true}]}}