{"id":15785,"date":"2025-10-02T19:58:59","date_gmt":"2025-10-02T16:58:59","guid":{"rendered":"https:\/\/expovision.ro\/product\/adstand-lumina-85\/"},"modified":"2025-05-01T16:13:23","modified_gmt":"2025-05-01T13:13:23","slug":"adstand-lumina-85","status":"publish","type":"product","link":"https:\/\/expovision.ro\/ro\/produs\/adstand-lumina-85\/","title":{"rendered":"adStand Lumin\u0103 85"},"content":{"rendered":"<p>Care sunt avantajele utiliz\u0103rii bannerului roll-up personalizat adStand Light?<br \/>\nBannerul roll-up personalizat este un mijloc clasic de publicitate, perfect pentru a atrage aten\u021bia asupra standului dvs. \u0219i pentru a transmite eficient informa\u021bii cheie. Iat\u0103 care sunt avantajele alegerii bannerului roll-up personalizat adStand Light.<br \/>\nImprimare de \u00eenalt\u0103 calitate\u00cen produc\u021bia bannerelor noastre roll-up personalizate, folosim tehnici avansate de imprimare. Acest lucru asigur\u0103 imprim\u0103ri de \u00eenalt\u0103 calitate cu culori profunde, bine saturate. Ca rezultat, acest banner roll-up personalizat devine o vitrin\u0103 atractiv\u0103 pentru brandul dvs. \u0219i un mijloc promo\u021bional eficient.<br \/>\nEste important s\u0103 re\u021bine\u021bi c\u0103 folosim materialul blockout banner pentru fabricarea produsului. Acest material este opac, ceea ce \u00eenseamn\u0103 c\u0103 nu las\u0103 lumina s\u0103 treac\u0103. Prin urmare, chiar dac\u0103 roll-up-ul este amplasat l\u00e2ng\u0103 o fereastr\u0103, imprimarea va p\u0103stra un aspect excelent.<br \/>\nConfigurare u\u0219oar\u0103 \u0219i transport convenabilPentru a configura bannerul roll-up personalizat, nu ave\u021bi nevoie de niciun instrument. Pur \u0219i simplu extinde\u021bi st\u00e2lpul (componentele sunt conectate cu un cordon elastic), fixa\u021bi-l \u00een pozi\u021bie \u0219i trage\u021bi bannerul promo\u021bional.<br \/>\n\u00centreaga structur\u0103 este foarte u\u0219oar\u0103, c\u00e2nt\u0103rind doar 4 kg. Setul include o geant\u0103 de transport convenabil\u0103, facilit\u00e2nd transportul bannerului roll-up personalizat, \u00een special pentru activit\u0103\u021bi promo\u021bionale \u00een afara loca\u021biei.<br \/>\nCe este inclus \u00een set?<\/p>\n<p>Structur\u0103 cu st\u00e2lp, caset\u0103 \u0219i suport,<\/p>\n<p>Printed banner,<\/p>\n<p>Geant\u0103 de transport.<\/p>\n<p>Specifica\u021bii tehnice:<\/p>\n<p>Materiale: aluminiu, banner blockout,<\/p>\n<p>Componentele polului sunt conectate cu un cordon elastic.<\/p>\n","protected":false},"excerpt":{"rendered":"<p>Care sunt avantajele utiliz\u0103rii bannerului roll-up personalizat adStand Light? Bannerul roll-up personalizat este un mijloc clasic de publicitate, perfect pentru a atrage aten\u021bia asupra standului dvs. \u0219i pentru a transmite eficient informa\u021bii cheie. Iat\u0103 care sunt avantajele alegerii bannerului roll-up personalizat adStand Light. Imprimare de \u00eenalt\u0103 calitate\u00cen produc\u021bia bannerelor noastre roll-up personalizate, folosim tehnici avansate [&hellip;]<\/p>\n","protected":false},"featured_media":24020,"comment_status":"closed","ping_status":"open","template":"","meta":{"_seopress_robots_primary_cat":"","_seopress_titles_title":"","_seopress_titles_desc":"","_seopress_robots_index":"","inline_featured_image":false},"product_brand":[],"product_cat":[251,351,1647],"product_tag":[],"class_list":{"0":"post-15785","1":"product","2":"type-product","3":"status-publish","4":"has-post-thumbnail","6":"product_cat-roll-up","7":"product_cat-roll-up-uri","8":"product_cat-adstand-light-ro","10":"first","11":"instock","12":"purchasable","13":"product-type-simple"},"_links":{"self":[{"href":"https:\/\/expovision.ro\/ro\/wp-json\/wp\/v2\/product\/15785","targetHints":{"allow":["GET"]}}],"collection":[{"href":"https:\/\/expovision.ro\/ro\/wp-json\/wp\/v2\/product"}],"about":[{"href":"https:\/\/expovision.ro\/ro\/wp-json\/wp\/v2\/types\/product"}],"replies":[{"embeddable":true,"href":"https:\/\/expovision.ro\/ro\/wp-json\/wp\/v2\/comments?post=15785"}],"wp:featuredmedia":[{"embeddable":true,"href":"https:\/\/expovision.ro\/ro\/wp-json\/wp\/v2\/media\/24020"}],"wp:attachment":[{"href":"https:\/\/expovision.ro\/ro\/wp-json\/wp\/v2\/media?parent=15785"}],"wp:term":[{"taxonomy":"product_brand","embeddable":true,"href":"https:\/\/expovision.ro\/ro\/wp-json\/wp\/v2\/product_brand?post=15785"},{"taxonomy":"product_cat","embeddable":true,"href":"https:\/\/expovision.ro\/ro\/wp-json\/wp\/v2\/product_cat?post=15785"},{"taxonomy":"product_tag","embeddable":true,"href":"https:\/\/expovision.ro\/ro\/wp-json\/wp\/v2\/product_tag?post=15785"}],"curies":[{"name":"wp","href":"https:\/\/api.w.org\/{rel}","templated":true}]}}