{"id":15783,"date":"2025-10-02T19:59:07","date_gmt":"2025-10-02T16:59:07","guid":{"rendered":"https:\/\/expovision.ro\/product\/adstand-gemeni-85\/"},"modified":"2025-05-01T16:13:24","modified_gmt":"2025-05-01T13:13:24","slug":"adstand-gemeni-85","status":"publish","type":"product","link":"https:\/\/expovision.ro\/ro\/produs\/adstand-gemeni-85\/","title":{"rendered":"adStand Gemeni 85"},"content":{"rendered":"<p>adStand Lux Roll-up Banner &#8211; applications<\/p>\n<p>Prezent\u0103ri de conferin\u021b\u0103: Calitatea ridicat\u0103 a imprim\u0103rii asigur\u0103 o grafic\u0103 clar\u0103 \u0219i durabil\u0103. Acest lucru \u00eenseamn\u0103 c\u0103 con\u021binutul publicitar de pe banner va impresiona participan\u021bii la conferin\u021b\u0103.<\/p>\n<p>Expozi\u021bii comerciale: Construc\u021bia stabil\u0103 din aluminiu a adStand Lux \u00eel face o alegere excelent\u0103 pentru expozi\u021biile comerciale aglomerate.<\/p>\n<p>Decorare magazin: Plasat \u00eentr-un magazin, bannerul creeaz\u0103 un spa\u021biu publicitar suplimentar, care poate afi\u0219a grafic\u0103 atractiv\u0103 sau informa\u021bii despre promo\u021biile curente.<\/p>\n<p>adStand Lux &#8211; beneficii<br \/>\nDurabilitate<br \/>\nBannerul roll-up este echipat cu un mecanism robust de retragere, care permite utilizarea pe termen lung. Piciorul de sus\u021binere lat este rezistent la \u00eendoire, iar st\u00e2lpul din aluminiu cu pere\u021bi gro\u0219i asigur\u0103 stabilitatea structurii.<br \/>\nReutilizare<br \/>\nPe l\u00e2ng\u0103 materialele sale robuste, o alt\u0103 caracteristic\u0103 care permite utilizarea adStand Lux timp de mul\u021bi ani este op\u021biunea de a \u00eenlocui printurile. Pute\u021bi comanda oric\u00e2nd grafic\u0103 nou\u0103 care se va potrivi perfect cu structura existent\u0103.<br \/>\nTransport convenabil<br \/>\nPanoul imprimat rulat se potrive\u0219te \u00een caseta de aluminiu, f\u0103c\u00e2nd bannerul rulat u\u0219or de transportat. \u00cen plus, produsul vine cu o geant\u0103, care faciliteaz\u0103 \u0219i mai mult deplasarea la t\u00e2rguri.<\/p>\n","protected":false},"excerpt":{"rendered":"<p>adStand Lux Roll-up Banner &#8211; applications Prezent\u0103ri de conferin\u021b\u0103: Calitatea ridicat\u0103 a imprim\u0103rii asigur\u0103 o grafic\u0103 clar\u0103 \u0219i durabil\u0103. Acest lucru \u00eenseamn\u0103 c\u0103 con\u021binutul publicitar de pe banner va impresiona participan\u021bii la conferin\u021b\u0103. Expozi\u021bii comerciale: Construc\u021bia stabil\u0103 din aluminiu a adStand Lux \u00eel face o alegere excelent\u0103 pentru expozi\u021biile comerciale aglomerate. Decorare magazin: Plasat \u00eentr-un [&hellip;]<\/p>\n","protected":false},"featured_media":24038,"comment_status":"closed","ping_status":"open","template":"","meta":{"_seopress_robots_primary_cat":"","_seopress_titles_title":"","_seopress_titles_desc":"","_seopress_robots_index":"","inline_featured_image":false},"product_brand":[],"product_cat":[251,351,1649],"product_tag":[],"class_list":{"0":"post-15783","1":"product","2":"type-product","3":"status-publish","4":"has-post-thumbnail","6":"product_cat-roll-up","7":"product_cat-roll-up-uri","8":"product_cat-adstand-twins-ro","10":"first","11":"instock","12":"purchasable","13":"product-type-simple"},"_links":{"self":[{"href":"https:\/\/expovision.ro\/ro\/wp-json\/wp\/v2\/product\/15783","targetHints":{"allow":["GET"]}}],"collection":[{"href":"https:\/\/expovision.ro\/ro\/wp-json\/wp\/v2\/product"}],"about":[{"href":"https:\/\/expovision.ro\/ro\/wp-json\/wp\/v2\/types\/product"}],"replies":[{"embeddable":true,"href":"https:\/\/expovision.ro\/ro\/wp-json\/wp\/v2\/comments?post=15783"}],"wp:featuredmedia":[{"embeddable":true,"href":"https:\/\/expovision.ro\/ro\/wp-json\/wp\/v2\/media\/24038"}],"wp:attachment":[{"href":"https:\/\/expovision.ro\/ro\/wp-json\/wp\/v2\/media?parent=15783"}],"wp:term":[{"taxonomy":"product_brand","embeddable":true,"href":"https:\/\/expovision.ro\/ro\/wp-json\/wp\/v2\/product_brand?post=15783"},{"taxonomy":"product_cat","embeddable":true,"href":"https:\/\/expovision.ro\/ro\/wp-json\/wp\/v2\/product_cat?post=15783"},{"taxonomy":"product_tag","embeddable":true,"href":"https:\/\/expovision.ro\/ro\/wp-json\/wp\/v2\/product_tag?post=15783"}],"curies":[{"name":"wp","href":"https:\/\/api.w.org\/{rel}","templated":true}]}}