{"id":15780,"date":"2025-10-02T19:59:25","date_gmt":"2025-10-02T16:59:25","guid":{"rendered":"https:\/\/expovision.ro\/product\/adtribune-oval-maxi-print\/"},"modified":"2025-05-01T16:15:17","modified_gmt":"2025-05-01T13:15:17","slug":"adtribune-oval-maxi-print","status":"publish","type":"product","link":"https:\/\/expovision.ro\/ro\/produs\/adtribune-oval-maxi-print\/","title":{"rendered":"adTribune Oval Maxi Print"},"content":{"rendered":"<p>Care este cel mai bun loc pentru a utiliza o mas\u0103 publicitar\u0103 mare?<\/p>\n<p>Campanii publicitare: adTribune Oval Maxi este un instrument excelent pentru realizarea campaniilor publicitare. Suprafa\u021ba sa publicitar\u0103 mare \u0219i imprim\u0103rile textile de \u00eenalt\u0103 calitate atrag aten\u021bia \u0219i promoveaz\u0103 eficient marca.<\/p>\n<p>\u00cent\u00e2lniri de afaceri: \u00cen timpul \u00eent\u00e2lnirilor de afaceri, masa mare de publicitate ofer\u0103 un spa\u021biu profesional pentru prezentarea materialelor \u0219i a produselor.<\/p>\n<p>Ateliere \u0219i sesiuni de formare: adTribune Oval Maxi ofer\u0103 spa\u021biu amplu pentru prezent\u0103ri, materiale educa\u021bionale \u0219i produse demonstrative, sprijinind \u00eenv\u0103\u021barea interactiv\u0103 \u0219i implic\u00e2nd participan\u021bii.<\/p>\n<p>Avantajele modelului adTribune Oval Maxi<br \/>\nSpa\u021biu publicitar mare<br \/>\nAdTribune Oval Maxi are o suprafa\u021b\u0103 publicitar\u0103 mare, care permite prezentarea eficient\u0103 a m\u0103rcii. Materialul imprimat se \u00eenf\u0103\u0219oar\u0103 \u00een jurul \u00eentregii structuri, f\u0103c\u00e2nd vizibil\u0103 grafica dvs. \u00een jurul standului. \u00cen plus, op\u021biunea de a schimba imprimeurile face masa u\u0219or adaptabil\u0103 la diferite campanii promo\u021bionale.<br \/>\nForma oval\u0103<br \/>\nForma oval\u0103 nu este doar elegant\u0103 \u00een design, ci promoveaz\u0103 \u0219i interac\u021biunea. Materialele prezentate sunt u\u0219or accesibile din toate p\u0103r\u021bile, \u00eencuraj\u00e2nd poten\u021bialii clien\u021bi s\u0103 se apropie de mas\u0103.<br \/>\nDurabilitate \u0219i estetic\u0103<br \/>\nConstruc\u021bia solid\u0103 din tuburi de aluminiu \u0219i plac\u0103 MDF asigur\u0103 nu numai durabilitate, ci \u0219i un aspect estetic care subliniaz\u0103 profesionalismul brandului dvs. Imprimeurile textile sunt realizate din materiale de \u00eenalt\u0103 calitate, care pot fi \u00eenlocuite cu u\u0219urin\u021b\u0103, f\u0103c\u00e2nd masa utilizabil\u0103 timp de mul\u021bi ani \u00een diverse campanii promo\u021bionale.<br \/>\nCe este inclus \u00een set?<\/p>\n<p>structur\u0103 din aluminiu,<\/p>\n<p>Panouri MDF,<\/p>\n<p>material textil cu imprimeu,<\/p>\n<p>geant\u0103 de transport.<\/p>\n","protected":false},"excerpt":{"rendered":"<p>Care este cel mai bun loc pentru a utiliza o mas\u0103 publicitar\u0103 mare? Campanii publicitare: adTribune Oval Maxi este un instrument excelent pentru realizarea campaniilor publicitare. Suprafa\u021ba sa publicitar\u0103 mare \u0219i imprim\u0103rile textile de \u00eenalt\u0103 calitate atrag aten\u021bia \u0219i promoveaz\u0103 eficient marca. \u00cent\u00e2lniri de afaceri: \u00cen timpul \u00eent\u00e2lnirilor de afaceri, masa mare de publicitate ofer\u0103 [&hellip;]<\/p>\n","protected":false},"featured_media":24070,"comment_status":"closed","ping_status":"open","template":"","meta":{"_seopress_robots_primary_cat":"","_seopress_titles_title":"","_seopress_titles_desc":"","_seopress_robots_index":"","inline_featured_image":false},"product_brand":[],"product_cat":[1419,1466,84],"product_tag":[],"class_list":{"0":"post-15780","1":"product","2":"type-product","3":"status-publish","4":"has-post-thumbnail","6":"product_cat-standuri-textile-ro","7":"product_cat-adtribune-oval-maxi-ro","8":"product_cat-standuri","10":"first","11":"instock","12":"purchasable","13":"product-type-simple"},"_links":{"self":[{"href":"https:\/\/expovision.ro\/ro\/wp-json\/wp\/v2\/product\/15780","targetHints":{"allow":["GET"]}}],"collection":[{"href":"https:\/\/expovision.ro\/ro\/wp-json\/wp\/v2\/product"}],"about":[{"href":"https:\/\/expovision.ro\/ro\/wp-json\/wp\/v2\/types\/product"}],"replies":[{"embeddable":true,"href":"https:\/\/expovision.ro\/ro\/wp-json\/wp\/v2\/comments?post=15780"}],"wp:featuredmedia":[{"embeddable":true,"href":"https:\/\/expovision.ro\/ro\/wp-json\/wp\/v2\/media\/24070"}],"wp:attachment":[{"href":"https:\/\/expovision.ro\/ro\/wp-json\/wp\/v2\/media?parent=15780"}],"wp:term":[{"taxonomy":"product_brand","embeddable":true,"href":"https:\/\/expovision.ro\/ro\/wp-json\/wp\/v2\/product_brand?post=15780"},{"taxonomy":"product_cat","embeddable":true,"href":"https:\/\/expovision.ro\/ro\/wp-json\/wp\/v2\/product_cat?post=15780"},{"taxonomy":"product_tag","embeddable":true,"href":"https:\/\/expovision.ro\/ro\/wp-json\/wp\/v2\/product_tag?post=15780"}],"curies":[{"name":"wp","href":"https:\/\/api.w.org\/{rel}","templated":true}]}}