{"id":15435,"date":"2025-10-02T19:54:51","date_gmt":"2025-10-02T16:54:51","guid":{"rendered":"https:\/\/expovision.ro\/product\/adup-vario-clover-maxi-cu-doua-fete\/"},"modified":"2025-05-01T16:14:36","modified_gmt":"2025-05-01T13:14:36","slug":"adup-vario-clover-maxi-cu-doua-fete","status":"publish","type":"product","link":"https:\/\/expovision.ro\/ro\/produs\/adup-vario-clover-maxi-cu-doua-fete\/","title":{"rendered":"adUp Vario Clover Maxi cu dou\u0103 fe\u021be"},"content":{"rendered":"<p>Forma unic\u0103 atrage aten\u021bia publicului de la distan\u021b\u0103 \u0219i adaug\u0103 un caracter neobi\u0219nuit expozi\u021biei. Sistemul publicitar adUp Vario Clover Maxi a fost creat pentru a completa standul dvs. de expozi\u021bie \u0219i pentru a-l face s\u0103 ias\u0103 \u00een eviden\u021b\u0103 \u00een r\u00e2ndul concuren\u021bei. Cadrul s\u0103u u\u0219or din aluminiu \u0219i imprimarea textil\u0103 \u00eel fac un suport versatil care poate fi ag\u0103\u021bat practic oriunde. Imprimarea asortat\u0103 a fost realizat\u0103 folosind o metod\u0103 ecologic\u0103 de sublimare, astfel \u00eenc\u00e2t ader\u0103 perfect la structur\u0103 \u0219i poate fi \u00eenlocuit\u0103 rapid cu alta, dac\u0103 este necesar, permi\u021b\u00e2ndu-v\u0103 s\u0103 promova\u021bi con\u021binut nou la diverse evenimente. Structura de suspensie pentru t\u00e2rguri se conecteaz\u0103 cu ajutorul unor clipsuri intuitive, astfel \u00eenc\u00e2t nu ave\u021bi nevoie de unelte pentru a o asambla. Atunci c\u00e2nd este asamblat, \u00eentregul sistem publicitar se potrive\u0219te \u00eentr-o pung\u0103 de transport mic\u0103, ceea ce \u00eel face u\u0219or de depozitat \u0219i de mutat dintr-un loc \u00een altul. Cu adUp Vario Clover Maxi, v\u0103 pute\u021bi surprinde cu u\u0219urin\u021b\u0103 publicul \u0219i v\u0103 pute\u021bi distinge de concuren\u021b\u0103.<\/p>\n","protected":false},"excerpt":{"rendered":"<p>Forma unic\u0103 atrage aten\u021bia publicului de la distan\u021b\u0103 \u0219i adaug\u0103 un caracter neobi\u0219nuit expozi\u021biei. Sistemul publicitar adUp Vario Clover Maxi a fost creat pentru a completa standul dvs. de expozi\u021bie \u0219i pentru a-l face s\u0103 ias\u0103 \u00een eviden\u021b\u0103 \u00een r\u00e2ndul concuren\u021bei. Cadrul s\u0103u u\u0219or din aluminiu \u0219i imprimarea textil\u0103 \u00eel fac un suport versatil care [&hellip;]<\/p>\n","protected":false},"featured_media":23832,"comment_status":"closed","ping_status":"open","template":"","meta":{"_seopress_robots_primary_cat":"","_seopress_titles_title":"","_seopress_titles_desc":"","_seopress_robots_index":"","inline_featured_image":false},"product_brand":[],"product_cat":[290,289,1492],"product_tag":[],"class_list":{"0":"post-15435","1":"product","2":"type-product","3":"status-publish","4":"has-post-thumbnail","6":"product_cat-sisteme-suspendate","7":"product_cat-standuri-de-expozitie","8":"product_cat-adup-vario-clover-maxi","10":"first","11":"instock","12":"purchasable","13":"product-type-simple"},"_links":{"self":[{"href":"https:\/\/expovision.ro\/ro\/wp-json\/wp\/v2\/product\/15435","targetHints":{"allow":["GET"]}}],"collection":[{"href":"https:\/\/expovision.ro\/ro\/wp-json\/wp\/v2\/product"}],"about":[{"href":"https:\/\/expovision.ro\/ro\/wp-json\/wp\/v2\/types\/product"}],"replies":[{"embeddable":true,"href":"https:\/\/expovision.ro\/ro\/wp-json\/wp\/v2\/comments?post=15435"}],"wp:featuredmedia":[{"embeddable":true,"href":"https:\/\/expovision.ro\/ro\/wp-json\/wp\/v2\/media\/23832"}],"wp:attachment":[{"href":"https:\/\/expovision.ro\/ro\/wp-json\/wp\/v2\/media?parent=15435"}],"wp:term":[{"taxonomy":"product_brand","embeddable":true,"href":"https:\/\/expovision.ro\/ro\/wp-json\/wp\/v2\/product_brand?post=15435"},{"taxonomy":"product_cat","embeddable":true,"href":"https:\/\/expovision.ro\/ro\/wp-json\/wp\/v2\/product_cat?post=15435"},{"taxonomy":"product_tag","embeddable":true,"href":"https:\/\/expovision.ro\/ro\/wp-json\/wp\/v2\/product_tag?post=15435"}],"curies":[{"name":"wp","href":"https:\/\/api.w.org\/{rel}","templated":true}]}}