{"id":15402,"date":"2025-10-02T19:40:24","date_gmt":"2025-10-02T16:40:24","guid":{"rendered":"https:\/\/expovision.ro\/product\/adwall-vario-presto-light-120-cu-o-singura-fata\/"},"modified":"2025-05-01T16:15:58","modified_gmt":"2025-05-01T13:15:58","slug":"adwall-vario-presto-light-120-cu-o-singura-fata","status":"publish","type":"product","link":"https:\/\/expovision.ro\/ro\/produs\/adwall-vario-presto-light-120-cu-o-singura-fata\/","title":{"rendered":"adWall Vario Presto Light 120 cu o singur\u0103 fa\u021b\u0103"},"content":{"rendered":"<p>Unde s\u0103 utiliza\u021bi bannerele adWall Presto Light?<br \/>\nPresto Light este o alternativ\u0103 excelent\u0103 la roll-up-urile tradi\u021bionale, dar concureaz\u0103 \u0219i cu alte sisteme expozi\u021bionale \u0219i ofer\u0103 diverse aplica\u021bii.<\/p>\n<p>Evenimente expozi\u021bionale: Bannerul textil este o alegere bun\u0103 dac\u0103 inten\u021biona\u021bi s\u0103 participa\u021bi la t\u00e2rguri sau expozi\u021bii \u0219i sunte\u021bi \u00een c\u0103utarea unei solu\u021bii prietenoase cu bugetul. Imaginile eviden\u021biaz\u0103 produsul dvs. \u0219i atrag aten\u021bia publicului.<\/p>\n<p>Decora\u021biuni de birou: Presto Light poate fi utilizat ca parte a brandingului intern. Promovarea eficient\u0103 \u00een r\u00e2ndul angaja\u021bilor a evenimentelor importante ale companiei sau a produselor noi.<\/p>\n<p>Magazine \u0219i unit\u0103\u021bi de servicii: Atunci c\u00e2nd este amplasat \u00een magazin, bannerul va permite clien\u021bilor s\u0103 afle informa\u021bii despre serviciile \u0219i produsele oferite.<\/p>\n<p>Promo\u021bii \u00een mall-uri \u0219i magazine: AdWall Presto Light este perfect pentru ac\u021biuni promo\u021bionale \u0219i degust\u0103ri.<\/p>\n<p>Beneficiile bannerului adWall Presto Light<br \/>\nMesaj publicitar clar:<br \/>\nAcest banner textil ajut\u0103 la captarea aten\u021biei poten\u021bialilor clien\u021bi. Cu grafic\u0103 personalizat\u0103, transmite\u021bi un mesaj clar care v\u0103 ajut\u0103 s\u0103 v\u0103 atinge\u021bi obiectivele de marketing.<br \/>\nBanner publicitar durabil:<br \/>\nLa evenimente industriale \u0219i t\u00e2rguri, bannerele se pot murd\u0103ri u\u0219or. Avantajul produsului nostru este c\u0103 \u021bes\u0103tura poate fi sp\u0103lat\u0103 la 30 de grade \u00een ma\u0219ina de sp\u0103lat, p\u0103str\u00e2nd bannerul curat \u0219i gata de a fi reutilizat \u00een diferite ocazii.<br \/>\nAsamblare \u0219i dezasamblare f\u0103r\u0103 unelte:<br \/>\nLa adsystem, ne asigur\u0103m c\u0103 produsele noastre nu numai c\u0103 arat\u0103 bine \u0219i sunt durabile, dar sunt \u0219i u\u0219or de asamblat \u0219i dezasamblat. Structura este realizat\u0103 din tuburi de aluminiu, marcate pentru o conectare u\u0219oar\u0103. Totul este asamblat cu \u00eencuietori, astfel \u00eenc\u00e2t nu trebuie s\u0103 aduce\u021bi scule la expozi\u021bie.<br \/>\nStructur\u0103 u\u0219oar\u0103 \u0219i transport u\u0219or:<br \/>\nBannerele adWall Presto Light sunt fabricate din tuburi de aluminiu cu un diametru de 30 mm. Acest lucru face ca produsul s\u0103 fie u\u0219or \u0219i u\u0219or de transportat, ideal pentru t\u00e2rguri \u0219i \u00eent\u00e2lniri. Cadrul \u0219i imprimarea sunt livrate cu o pung\u0103 la \u00eendem\u00e2n\u0103, ceea ce face transportul \u0219i mai u\u0219or.<\/p>\n","protected":false},"excerpt":{"rendered":"<p>Unde s\u0103 utiliza\u021bi bannerele adWall Presto Light? Presto Light este o alternativ\u0103 excelent\u0103 la roll-up-urile tradi\u021bionale, dar concureaz\u0103 \u0219i cu alte sisteme expozi\u021bionale \u0219i ofer\u0103 diverse aplica\u021bii. Evenimente expozi\u021bionale: Bannerul textil este o alegere bun\u0103 dac\u0103 inten\u021biona\u021bi s\u0103 participa\u021bi la t\u00e2rguri sau expozi\u021bii \u0219i sunte\u021bi \u00een c\u0103utarea unei solu\u021bii prietenoase cu bugetul. Imaginile eviden\u021biaz\u0103 produsul [&hellip;]<\/p>\n","protected":false},"featured_media":23666,"comment_status":"closed","ping_status":"open","template":"","meta":{"_seopress_robots_primary_cat":"","_seopress_titles_title":"","_seopress_titles_desc":"","_seopress_robots_index":"","inline_featured_image":false},"product_brand":[],"product_cat":[1148,1149,1478],"product_tag":[],"class_list":{"0":"post-15402","1":"product","2":"type-product","3":"status-publish","4":"has-post-thumbnail","6":"product_cat-panouri-de-prezentare","7":"product_cat-textile-walls-ro","8":"product_cat-adwall-vario-presto-light-ro","10":"first","11":"instock","12":"purchasable","13":"product-type-simple"},"_links":{"self":[{"href":"https:\/\/expovision.ro\/ro\/wp-json\/wp\/v2\/product\/15402","targetHints":{"allow":["GET"]}}],"collection":[{"href":"https:\/\/expovision.ro\/ro\/wp-json\/wp\/v2\/product"}],"about":[{"href":"https:\/\/expovision.ro\/ro\/wp-json\/wp\/v2\/types\/product"}],"replies":[{"embeddable":true,"href":"https:\/\/expovision.ro\/ro\/wp-json\/wp\/v2\/comments?post=15402"}],"wp:featuredmedia":[{"embeddable":true,"href":"https:\/\/expovision.ro\/ro\/wp-json\/wp\/v2\/media\/23666"}],"wp:attachment":[{"href":"https:\/\/expovision.ro\/ro\/wp-json\/wp\/v2\/media?parent=15402"}],"wp:term":[{"taxonomy":"product_brand","embeddable":true,"href":"https:\/\/expovision.ro\/ro\/wp-json\/wp\/v2\/product_brand?post=15402"},{"taxonomy":"product_cat","embeddable":true,"href":"https:\/\/expovision.ro\/ro\/wp-json\/wp\/v2\/product_cat?post=15402"},{"taxonomy":"product_tag","embeddable":true,"href":"https:\/\/expovision.ro\/ro\/wp-json\/wp\/v2\/product_tag?post=15402"}],"curies":[{"name":"wp","href":"https:\/\/api.w.org\/{rel}","templated":true}]}}