{"id":15356,"date":"2025-10-02T19:43:36","date_gmt":"2025-10-02T16:43:36","guid":{"rendered":"https:\/\/expovision.ro\/product\/print-only-adwall-vario-straight-240-o43-double-sided\/"},"modified":"2025-05-01T16:18:54","modified_gmt":"2025-05-01T13:18:54","slug":"print-only-adwall-vario-straight-240-o43-double-sided","status":"publish","type":"product","link":"https:\/\/expovision.ro\/ro\/produs\/print-only-adwall-vario-straight-240-o43-double-sided\/","title":{"rendered":"Print-only adWall Vario straight 240 \u00d843 double sided"},"content":{"rendered":"<p>Unde pute\u021bi utiliza peretele publicitar adWall Vario Straight Premium?<br \/>\nPere\u021bii de acest tip sunt produse versatile care au o gam\u0103 larg\u0103 de aplica\u021bii. Iat\u0103 c\u00e2teva sugestii privind modul de utilizare a adWall Vario Prosta Premium.<\/p>\n<p>Sesiuni foto \u0219i \u00eenregistr\u0103ri: Dac\u0103 planifica\u021bi un eveniment corporativ sau o \u0219edin\u021b\u0103 foto pentru re\u021belele sociale ale companiei dvs., pute\u021bi utiliza adWall Vario Straight Premium. Un perete foto va asigura c\u0103 toate materialele dvs. publicate au un aspect consecvent \u0219i profesional.<\/p>\n<p>Conferin\u021be: Peretele foto este util \u0219i la conferin\u021be \u0219i \u00eent\u00e2lniri cu clien\u021bii. Pute\u021bi plasa produsul \u00een locul \u00een care vor prezenta vorbitorii, amenaj\u00e2nd astfel scena \u00een timp ce v\u0103 promova\u021bi marca sau afi\u0219a\u021bi logo-urile sponsorilor.<\/p>\n<p>Expozi\u021bii comerciale \u0219i promo\u021bii: Dac\u0103 inten\u021biona\u021bi s\u0103 participa\u021bi la t\u00e2rguri comerciale sau alte evenimente promo\u021bionale, peretele poate fi o modalitate excelent\u0103 de a v\u0103 amenaja standul. Prin utilizarea produsului nostru, nu numai c\u0103 v\u0103 ve\u021bi face standul s\u0103 ias\u0103 \u00een eviden\u021b\u0103, dar ve\u021bi atrage \u0219i aten\u021bia poten\u021bialilor clien\u021bi.<\/p>\n<p>adWall Vario Straight Premium &#8211; ce beneficii ofer\u0103 acest produs?<br \/>\nMesaj de marketing clar<br \/>\nPere\u021bii sunt suporturi publicitare dovedite \u0219i eficiente. Cu printuri personalizate care prezint\u0103 grafica companiei dvs., pute\u021bi atrage cu u\u0219urin\u021b\u0103 aten\u021bia clien\u021bilor \u0219i \u00eei pute\u021bi atrage la standul dvs.<br \/>\nIdentitate vizual\u0103 consistent\u0103 a m\u0103rcii<br \/>\nUtilizarea adWall Vario Straight Premium ca perete foto ajut\u0103 la construirea unei imagini consistente a companiei dvs. \u00een ochii clien\u021bilor. Logo-ul dvs., vizibil \u00een toate fotografiile evenimentului, va fi re\u021binut de participan\u021bi \u0219i va crea asocia\u021bii pozitive legate de eveniment. Pere\u021bii foto vor fi utili \u0219i \u00een timpul sesiunilor profesionale la sediul biroului.<br \/>\nPublicitate organic\u0103 pe social media<br \/>\nUn perete foto este o modalitate atractiv\u0103 de a \u00eencuraja participan\u021bii la eveniment s\u0103 \u00eemp\u0103rt\u0103\u0219easc\u0103 fotografii pe profilurile lor private de social media. Fotografiile realizate pe fundalul peretelui foto vor avea un aspect profesional \u0219i atr\u0103g\u0103tor, ajut\u00e2ndu-v\u0103 s\u0103 ajunge\u021bi la un nou public.<\/p>\n","protected":false},"excerpt":{"rendered":"<p>Unde pute\u021bi utiliza peretele publicitar adWall Vario Straight Premium? Pere\u021bii de acest tip sunt produse versatile care au o gam\u0103 larg\u0103 de aplica\u021bii. Iat\u0103 c\u00e2teva sugestii privind modul de utilizare a adWall Vario Prosta Premium. Sesiuni foto \u0219i \u00eenregistr\u0103ri: Dac\u0103 planifica\u021bi un eveniment corporativ sau o \u0219edin\u021b\u0103 foto pentru re\u021belele sociale ale companiei dvs., pute\u021bi [&hellip;]<\/p>\n","protected":false},"featured_media":23678,"comment_status":"closed","ping_status":"open","template":"","meta":{"_seopress_robots_primary_cat":"","_seopress_titles_title":"","_seopress_titles_desc":"","_seopress_robots_index":"","inline_featured_image":false},"product_brand":[],"product_cat":[1148,1149,1480],"product_tag":[],"class_list":{"0":"post-15356","1":"product","2":"type-product","3":"status-publish","4":"has-post-thumbnail","6":"product_cat-panouri-de-prezentare","7":"product_cat-textile-walls-ro","8":"product_cat-adwall-vario-drept","10":"first","11":"instock","12":"purchasable","13":"product-type-simple"},"_links":{"self":[{"href":"https:\/\/expovision.ro\/ro\/wp-json\/wp\/v2\/product\/15356","targetHints":{"allow":["GET"]}}],"collection":[{"href":"https:\/\/expovision.ro\/ro\/wp-json\/wp\/v2\/product"}],"about":[{"href":"https:\/\/expovision.ro\/ro\/wp-json\/wp\/v2\/types\/product"}],"replies":[{"embeddable":true,"href":"https:\/\/expovision.ro\/ro\/wp-json\/wp\/v2\/comments?post=15356"}],"wp:featuredmedia":[{"embeddable":true,"href":"https:\/\/expovision.ro\/ro\/wp-json\/wp\/v2\/media\/23678"}],"wp:attachment":[{"href":"https:\/\/expovision.ro\/ro\/wp-json\/wp\/v2\/media?parent=15356"}],"wp:term":[{"taxonomy":"product_brand","embeddable":true,"href":"https:\/\/expovision.ro\/ro\/wp-json\/wp\/v2\/product_brand?post=15356"},{"taxonomy":"product_cat","embeddable":true,"href":"https:\/\/expovision.ro\/ro\/wp-json\/wp\/v2\/product_cat?post=15356"},{"taxonomy":"product_tag","embeddable":true,"href":"https:\/\/expovision.ro\/ro\/wp-json\/wp\/v2\/product_tag?post=15356"}],"curies":[{"name":"wp","href":"https:\/\/api.w.org\/{rel}","templated":true}]}}