{"id":15332,"date":"2025-10-02T19:45:51","date_gmt":"2025-10-02T16:45:51","guid":{"rendered":"https:\/\/expovision.ro\/product\/adwall-vario-drept-light-300-cu-o-singura-fata\/"},"modified":"2025-05-01T16:18:23","modified_gmt":"2025-05-01T13:18:23","slug":"adwall-vario-drept-light-300-cu-o-singura-fata","status":"publish","type":"product","link":"https:\/\/expovision.ro\/ro\/produs\/adwall-vario-drept-light-300-cu-o-singura-fata\/","title":{"rendered":"adWall Vario drept Light 300 cu o singur\u0103 fa\u021b\u0103"},"content":{"rendered":"<p>Unde pute\u021bi utiliza peretele publicitar adWall Vario Straight Light?<br \/>\nPeretele Vario Straight Light poate fi utilizat \u00een diverse activit\u0103\u021bi promo\u021bionale, at\u00e2t la sediul companiei dvs., c\u00e2t \u0219i \u00een afara acestuia.<\/p>\n<p>Element de stand: Pere\u021bii expozi\u021bionali modulari func\u021bioneaz\u0103 bine ca fundal pentru prezentarea produselor dvs. \u0219i a \u00eentregului stand expozi\u021bional. Acestea ajut\u0103 la definirea limitelor standului \u0219i v\u0103 pun \u00een valoare mesajul publicitar.<\/p>\n<p>Participarea la conferin\u021be: Pute\u021bi plasa peretele adWall Vario Straight Light pe scen\u0103 pentru a eviden\u021bia zona vorbitorilor sau pentru a accentua sala \u00een care va avea loc \u00eent\u00e2lnirea.<\/p>\n<p>Sediul companiei: Produsul poate servi ca perete \u00een zona de recep\u021bie, indic\u00e2nd clar c\u0103 poten\u021bialii clien\u021bi au ajuns \u00een locul potrivit. Acesta poate fi folosit \u0219i ca perete de pres\u0103 \u00een sala de \u0219edin\u021be.<\/p>\n<p>Care sunt avantajele utiliz\u0103rii peretelui expozi\u021bional AdWall Vario Straight Light?<br \/>\nAdWall Vario Straight Light ofer\u0103 numeroase avantaje, fiind un instrument valoros pentru activit\u0103\u021bile dvs. promo\u021bionale.<br \/>\nTransport \u0219i mobilitate u\u0219oar\u0103<br \/>\nAcest perete textil drept este u\u0219or, datorit\u0103 structurii sale din aluminiu. Acest lucru face ca transportul peretelui \u00een timpul expozi\u021biilor comerciale \u0219i al altor evenimente s\u0103 fie rapid \u0219i eficient. Pute\u021bi alege \u00eentre un sac de transport standard sau un container cu ro\u021bi din oferta noastr\u0103, ceea ce face \u0219i mai convenabil\u0103 mutarea peretelui.<br \/>\nAsamblare simpl\u0103<br \/>\nPere\u021bii no\u0219tri pentru expozi\u021bii modulare sunt concepu\u021bi pentru o asamblare u\u0219oar\u0103, asigur\u00e2nd c\u0103 \u0219i cei f\u0103r\u0103 abilit\u0103\u021bi manuale \u00eei pot monta f\u0103r\u0103 efort. Peretele de pres\u0103 la care v\u0103 uita\u021bi dispune de asamblare f\u0103r\u0103 scule. Diferitele componente sunt conectate rapid cu ajutorul \u00eencuietorilor instantanee, permi\u021b\u00e2ndu-v\u0103 s\u0103 monta\u021bi peretele textil la t\u00e2rguri sau alte evenimente f\u0103r\u0103 a avea nevoie de unelte, economisind astfel timp.<br \/>\n\u021aes\u0103turi lavabile<br \/>\nImportant, adWall Vario Straight Light are un material imprimat care poate fi sp\u0103lat la ma\u0219in\u0103 la 30 de grade Celsius. Acest lucru \u00eenseamn\u0103 c\u0103, chiar dac\u0103 materialul se murd\u0103re\u0219te \u00een timpul unei promo\u021bii, \u00eel pute\u021bi readuce cu u\u0219urin\u021b\u0103 la starea sa ini\u021bial\u0103. Consequently, the wall and print become reusable products, accompanying you to various industry meetings and trade shows.<br \/>\nHigh-Quality Print Construction<br \/>\nYour graphic materials are printed on the fabric using an eco-friendly sublimation printing method. Acest proces are ca rezultat culori vii \u0219i str\u0103lucitoare, asigur\u00e2nd c\u0103 peretele arat\u0103 impresionant \u0219i atrage aten\u021bia participan\u021bilor la t\u00e2rguri sau la promo\u021bii. Pute\u021bi opta pentru imprimarea pe o singur\u0103 fa\u021b\u0103 dac\u0103 va fi vizualizat\u0103 dintr-o singur\u0103 parte. De asemenea, oferim printuri fa\u021b\u0103-verso.<br \/>\n\u00cen plus, trebuie s\u0103 \u0219ti\u021bi c\u0103 printurile de pe structur\u0103 pot fi \u00eenlocuite \u00een timp. Dac\u0103 v\u0103 schimba\u021bi logo-ul sau stilul de prezentare al companiei, pute\u021bi comanda pur \u0219i simplu o nou\u0103 imprimare de la noi.<br \/>\nPere\u021bi textile \u00een diferite forme<br \/>\nProdusul prezentat aici este un perete textil drept, dar adSystem ofer\u0103 \u0219i pere\u021bi curbi \u0219i alte forme. Am preg\u0103tit pere\u021bi de expozi\u021bie modular\u0103 \u00een diferite dimensiuni, a\u0219a c\u0103 r\u0103sfoi\u021bi sortimentul nostru \u0219i alege\u021bi sistemele optime pentru afacerea dvs.<\/p>\n","protected":false},"excerpt":{"rendered":"<p>Unde pute\u021bi utiliza peretele publicitar adWall Vario Straight Light? Peretele Vario Straight Light poate fi utilizat \u00een diverse activit\u0103\u021bi promo\u021bionale, at\u00e2t la sediul companiei dvs., c\u00e2t \u0219i \u00een afara acestuia. Element de stand: Pere\u021bii expozi\u021bionali modulari func\u021bioneaz\u0103 bine ca fundal pentru prezentarea produselor dvs. \u0219i a \u00eentregului stand expozi\u021bional. Acestea ajut\u0103 la definirea limitelor standului [&hellip;]<\/p>\n","protected":false},"featured_media":23720,"comment_status":"closed","ping_status":"open","template":"","meta":{"_seopress_robots_primary_cat":"","_seopress_titles_title":"","_seopress_titles_desc":"","_seopress_robots_index":"","inline_featured_image":false},"product_brand":[],"product_cat":[1150,1148,1149],"product_tag":[],"class_list":{"0":"post-15332","1":"product","2":"type-product","3":"status-publish","4":"has-post-thumbnail","6":"product_cat-adwall-vario-lumina-dreapta","7":"product_cat-panouri-de-prezentare","8":"product_cat-textile-walls-ro","10":"first","11":"instock","12":"purchasable","13":"product-type-simple"},"_links":{"self":[{"href":"https:\/\/expovision.ro\/ro\/wp-json\/wp\/v2\/product\/15332","targetHints":{"allow":["GET"]}}],"collection":[{"href":"https:\/\/expovision.ro\/ro\/wp-json\/wp\/v2\/product"}],"about":[{"href":"https:\/\/expovision.ro\/ro\/wp-json\/wp\/v2\/types\/product"}],"replies":[{"embeddable":true,"href":"https:\/\/expovision.ro\/ro\/wp-json\/wp\/v2\/comments?post=15332"}],"wp:featuredmedia":[{"embeddable":true,"href":"https:\/\/expovision.ro\/ro\/wp-json\/wp\/v2\/media\/23720"}],"wp:attachment":[{"href":"https:\/\/expovision.ro\/ro\/wp-json\/wp\/v2\/media?parent=15332"}],"wp:term":[{"taxonomy":"product_brand","embeddable":true,"href":"https:\/\/expovision.ro\/ro\/wp-json\/wp\/v2\/product_brand?post=15332"},{"taxonomy":"product_cat","embeddable":true,"href":"https:\/\/expovision.ro\/ro\/wp-json\/wp\/v2\/product_cat?post=15332"},{"taxonomy":"product_tag","embeddable":true,"href":"https:\/\/expovision.ro\/ro\/wp-json\/wp\/v2\/product_tag?post=15332"}],"curies":[{"name":"wp","href":"https:\/\/api.w.org\/{rel}","templated":true}]}}