{"id":15263,"date":"2025-10-02T19:51:52","date_gmt":"2025-10-02T16:51:52","guid":{"rendered":"https:\/\/expovision.ro\/product\/print-only-adwall-vario-s-100-double-sided\/"},"modified":"2025-05-01T16:20:37","modified_gmt":"2025-05-01T13:20:37","slug":"print-only-adwall-vario-s-100-double-sided","status":"publish","type":"product","link":"https:\/\/expovision.ro\/ro\/produs\/print-only-adwall-vario-s-100-double-sided\/","title":{"rendered":"Print-only adWall Vario S 100 double sided"},"content":{"rendered":"<p>Beneficiile modelului adWall Vario S<br \/>\nForm\u0103 curbat\u0103<br \/>\nForma curbat\u0103 unic\u0103 a modelului adWall Vario S atrage instantaneu aten\u021bia, ie\u0219ind \u00een eviden\u021b\u0103 fa\u021b\u0103 de reclamele tradi\u021bionale. Acest design v\u0103 pune \u00een valoare brandul \u0219i \u00eel face memorabil. The snake stand is an ideal solution for companies looking to add a distinctive touch to their campaigns.<br \/>\nInterchangeable Prints<br \/>\nWith the option to switch out prints, the adWall Vario S allows for quick updates of advertising messages to meet current needs. Prints are made using sublimation techniques, ensuring durability and vibrant colors for excellent graphic quality.  Dac\u0103 materialul se murd\u0103re\u0219te, acesta poate fi sp\u0103lat \u00eentr-o ma\u0219in\u0103 de sp\u0103lat obi\u0219nuit\u0103, facilit\u00e2nd men\u021binerea standului \u00eentr-o stare excelent\u0103.<br \/>\nStructur\u0103 u\u0219oar\u0103<br \/>\nStructura Vario S este fabricat\u0103 din aluminiu durabil, oferind stabilitate, u\u0219urin\u021b\u0103 \u0219i mobilitate. Standul poate fi mutat sau repozi\u021bionat cu u\u0219urin\u021b\u0103, dup\u0103 cum este necesar pentru promovare. \u00cen plus, atunci c\u00e2nd este dezasamblat, se potrive\u0219te \u00eentr-o geant\u0103 de transport convenabil\u0103, ideal\u0103 pentru schimb\u0103rile frecvente de loca\u021bie.<br \/>\nCe este inclus \u00een set?<\/p>\n<p>Cadru din aluminiu,<\/p>\n<p>Printed textile material,<\/p>\n<p>Geant\u0103 de transport.<\/p>\n<p>Specifica\u021bii tehnice:<\/p>\n<p>Structur\u0103 robust\u0103 din aluminiu,<\/p>\n<p>Material textil cu fermoar,<\/p>\n<p>Imprim\u0103ri interschimbabile,<\/p>\n<p>Se poate sp\u0103la la ma\u0219in\u0103 (30 de grade Celsius),<\/p>\n<p>L\u0103\u021bime: 80\/100\/120\/150 cm,<\/p>\n<p>\u00cen\u0103l\u021bime: 235 cm,<\/p>\n<p>Greutate: 11\/12\/14\/15 kg.<\/p>\n","protected":false},"excerpt":{"rendered":"<p>Beneficiile modelului adWall Vario S Form\u0103 curbat\u0103 Forma curbat\u0103 unic\u0103 a modelului adWall Vario S atrage instantaneu aten\u021bia, ie\u0219ind \u00een eviden\u021b\u0103 fa\u021b\u0103 de reclamele tradi\u021bionale. Acest design v\u0103 pune \u00een valoare brandul \u0219i \u00eel face memorabil. The snake stand is an ideal solution for companies looking to add a distinctive touch to their campaigns. Interchangeable [&hellip;]<\/p>\n","protected":false},"featured_media":23780,"comment_status":"closed","ping_status":"open","template":"","meta":{"_seopress_robots_primary_cat":"","_seopress_titles_title":"","_seopress_titles_desc":"","_seopress_robots_index":"","inline_featured_image":false},"product_brand":[],"product_cat":[1418,251,252],"product_tag":[],"class_list":{"0":"post-15263","1":"product","2":"type-product","3":"status-publish","4":"has-post-thumbnail","6":"product_cat-adwall-vario-ro","7":"product_cat-roll-up","8":"product_cat-roll-up-textil","10":"first","11":"instock","12":"purchasable","13":"product-type-simple"},"_links":{"self":[{"href":"https:\/\/expovision.ro\/ro\/wp-json\/wp\/v2\/product\/15263","targetHints":{"allow":["GET"]}}],"collection":[{"href":"https:\/\/expovision.ro\/ro\/wp-json\/wp\/v2\/product"}],"about":[{"href":"https:\/\/expovision.ro\/ro\/wp-json\/wp\/v2\/types\/product"}],"replies":[{"embeddable":true,"href":"https:\/\/expovision.ro\/ro\/wp-json\/wp\/v2\/comments?post=15263"}],"wp:featuredmedia":[{"embeddable":true,"href":"https:\/\/expovision.ro\/ro\/wp-json\/wp\/v2\/media\/23780"}],"wp:attachment":[{"href":"https:\/\/expovision.ro\/ro\/wp-json\/wp\/v2\/media?parent=15263"}],"wp:term":[{"taxonomy":"product_brand","embeddable":true,"href":"https:\/\/expovision.ro\/ro\/wp-json\/wp\/v2\/product_brand?post=15263"},{"taxonomy":"product_cat","embeddable":true,"href":"https:\/\/expovision.ro\/ro\/wp-json\/wp\/v2\/product_cat?post=15263"},{"taxonomy":"product_tag","embeddable":true,"href":"https:\/\/expovision.ro\/ro\/wp-json\/wp\/v2\/product_tag?post=15263"}],"curies":[{"name":"wp","href":"https:\/\/api.w.org\/{rel}","templated":true}]}}