{"id":14714,"date":"2025-10-02T19:09:41","date_gmt":"2025-10-02T16:09:41","guid":{"rendered":"https:\/\/expovision.ro\/product\/adframe-starter-100x200-without-print\/"},"modified":"2025-03-26T16:09:24","modified_gmt":"2025-03-26T14:09:24","slug":"adframe-starter-100x200-without-print","status":"publish","type":"product","link":"https:\/\/expovision.ro\/ro\/produs\/adframe-starter-100x200-without-print\/","title":{"rendered":"adFrame Starter 100&#215;200 (without print)"},"content":{"rendered":"<p>Where to use the adFrame Starter?<br \/>\nExpozi\u021bii comerciale: Dac\u0103 participa\u021bi frecvent la t\u00e2rguri, ave\u021bi nevoie de un produs practic, mobil \u0219i multifunc\u021bional. The adFrame Starter meets all these requirements.<br \/>\nIn-store advertising: This indoor frame is perfect for displaying advertisements along the walls of shops or commercial spaces. The double-sided version, placed in high-traffic areas, captures the attention of customers coming from both directions.<br \/>\nConferences and business presentations: The adFrame Starter can also be used as a professional backdrop for presentations, speeches, and even online meetings.<br \/>\nadFrame Starter &#8211; Advantages<br \/>\nIntuitive assemblyThe adFrame Starter requires no tools for assembly.  Datorit\u0103 unor \u00eencuietori speciale, componentele se conecteaz\u0103 intuitiv, economisind timp \u00een timpul preg\u0103tirii standurilor pentru t\u00e2rguri, evenimente sau prezent\u0103ri.<br \/>\nImprim\u0103ri \u00eenlocuibileOp\u021biunea de a \u00eenlocui imprim\u0103rile v\u0103 permite s\u0103 adapta\u021bi produsul la mesajul dvs. publicitar actual. Dac\u0103 de\u021bine\u021bi deja un cadru, pur \u0219i simplu comanda\u021bi noi printuri adaptate la dimensiunile structurii. Noile materiale grafice pot fi montate cu u\u0219urin\u021b\u0103 pe rama achizi\u021bionat\u0103 anterior. This versatility and durability make the adFrame Starter an attractive alternative to the traditional roll up banner.<br \/>\nMobilityWith an aluminum frame 6 cm thick, the adFrame Starter is lightweight and easy to transport. Disponibil \u00een dou\u0103 dimensiuni, produsul vine cu o geant\u0103 de transport convenabil\u0103 care simplific\u0103 transportul.<br \/>\nDetalii tehnice:<\/p>\n<p>Sistem independent;<\/p>\n<p>Neiluminat;<\/p>\n<p>Structur\u0103 ultra-u\u0219oar\u0103 din aluminiu;<\/p>\n<p>Cadru gros de 6 cm;<\/p>\n<p>\u00cencuietoare pentru asamblare f\u0103r\u0103 scule;<\/p>\n<p>Fabric imprimat cu margini din cauciuc;<\/p>\n<p>Op\u021biune pentru \u00eenlocuirea imprim\u0103rii;<\/p>\n<p>Geant\u0103 de transport inclus\u0103.<\/p>\n<p>Dimensiuni \u0219i greutate:<\/p>\n<p>L\u0103\u021bime: 100 cm;<\/p>\n<p>\u00cen\u0103l\u021bime: 200\/250 cm;<\/p>\n<p>Greutate: 9\/11 kg.<\/p>\n","protected":false},"excerpt":{"rendered":"<p>Where to use the adFrame Starter? Expozi\u021bii comerciale: Dac\u0103 participa\u021bi frecvent la t\u00e2rguri, ave\u021bi nevoie de un produs practic, mobil \u0219i multifunc\u021bional. The adFrame Starter meets all these requirements. In-store advertising: This indoor frame is perfect for displaying advertisements along the walls of shops or commercial spaces. The double-sided version, placed in high-traffic areas, captures [&hellip;]<\/p>\n","protected":false},"featured_media":23457,"comment_status":"closed","ping_status":"open","template":"","meta":{"_seopress_robots_primary_cat":"","_seopress_titles_title":"","_seopress_titles_desc":"","_seopress_robots_index":"","inline_featured_image":false},"product_brand":[],"product_cat":[251,252,1651],"product_tag":[],"class_list":{"0":"post-14714","1":"product","2":"type-product","3":"status-publish","4":"has-post-thumbnail","6":"product_cat-roll-up","7":"product_cat-roll-up-textil","8":"product_cat-adframe-starter-ro","10":"first","11":"outofstock","12":"purchasable","13":"product-type-simple"},"_links":{"self":[{"href":"https:\/\/expovision.ro\/ro\/wp-json\/wp\/v2\/product\/14714","targetHints":{"allow":["GET"]}}],"collection":[{"href":"https:\/\/expovision.ro\/ro\/wp-json\/wp\/v2\/product"}],"about":[{"href":"https:\/\/expovision.ro\/ro\/wp-json\/wp\/v2\/types\/product"}],"replies":[{"embeddable":true,"href":"https:\/\/expovision.ro\/ro\/wp-json\/wp\/v2\/comments?post=14714"}],"wp:featuredmedia":[{"embeddable":true,"href":"https:\/\/expovision.ro\/ro\/wp-json\/wp\/v2\/media\/23457"}],"wp:attachment":[{"href":"https:\/\/expovision.ro\/ro\/wp-json\/wp\/v2\/media?parent=14714"}],"wp:term":[{"taxonomy":"product_brand","embeddable":true,"href":"https:\/\/expovision.ro\/ro\/wp-json\/wp\/v2\/product_brand?post=14714"},{"taxonomy":"product_cat","embeddable":true,"href":"https:\/\/expovision.ro\/ro\/wp-json\/wp\/v2\/product_cat?post=14714"},{"taxonomy":"product_tag","embeddable":true,"href":"https:\/\/expovision.ro\/ro\/wp-json\/wp\/v2\/product_tag?post=14714"}],"curies":[{"name":"wp","href":"https:\/\/api.w.org\/{rel}","templated":true}]}}