{"id":14663,"date":"2025-10-02T19:13:20","date_gmt":"2025-10-02T16:13:20","guid":{"rendered":"https:\/\/expovision.ro\/product\/adwall-vario-classic-classic-light-300-without-print\/"},"modified":"2025-03-26T16:18:14","modified_gmt":"2025-03-26T14:18:14","slug":"adwall-vario-classic-classic-light-300-without-print","status":"publish","type":"product","link":"https:\/\/expovision.ro\/ro\/produs\/adwall-vario-classic-classic-light-300-without-print\/","title":{"rendered":"adWall Vario Classic Classic Light 300 (without print)"},"content":{"rendered":"<p>adWall Vario Classic Light &#8211; Care sunt avantajele acestui produs?<br \/>\nDecorurile pentru evenimente sunt sisteme de expunere utilizate pe scar\u0103 larg\u0103 \u00een diverse activit\u0103\u021bi promo\u021bionale. Iat\u0103 care sunt principalele beneficii pe care le ve\u021bi ob\u021bine atunci c\u00e2nd alege\u021bi produsele noastre:<br \/>\nStructur\u0103 u\u0219oar\u0103, asamblare rapid\u0103 \u0219i transport u\u0219or<br \/>\nDecorul pentru evenimente adWall Vario Classic Light este construit cu o structur\u0103 din aluminiu format\u0103 din tuburi cu diametrul de 34 mm. Acest lucru face ca produsul s\u0103 fie foarte u\u0219or \u0219i u\u0219or de transportat. Acest lucru este deosebit de important dac\u0103 inten\u021biona\u021bi s\u0103 participa\u021bi la t\u00e2rguri \u0219i trebuie s\u0103 v\u0103 monta\u021bi \u00eentregul stand.<br \/>\nProdusul are o form\u0103 caracteristic\u0103 de arc curbat vertical. Acest design permite ca imprimarea s\u0103 acopere \u00eentreaga structur\u0103, de jos p\u00e2n\u0103 sus, asigur\u00e2nd c\u0103 fundalul acoper\u0103 pe deplin spa\u021biul din spatele standului dvs. \u0219i ofer\u0103 un fundal excelent pentru prezent\u0103rile produselor dvs.<br \/>\n\u00cen plus, ne-am asigurat c\u0103 asamblarea fundalului nostru pentru evenimente este extrem de simpl\u0103. Pentru a conecta p\u0103r\u021bile structurii, este suficient s\u0103 le monta\u021bi \u00eempreun\u0103 \u0219i s\u0103 le fixa\u021bi cu \u00eencuietori. Nu sunt necesare unelte pentru asamblarea fundalului, astfel \u00eenc\u00e2t nu ve\u021bi avea nevoie de kituri de asamblare suplimentare \u00een timpul t\u00e2rgurilor.<br \/>\nMaterial flexibil \u0219i imprimare de \u00eenalt\u0103 calitate<br \/>\nLa adsystem, acord\u0103m prioritate calit\u0103\u021bii ridicate a produselor noastre. Acesta este motivul pentru care bannerele fundalurilor sunt imprimate prin sublimare. Aceasta este o tehnic\u0103 ecologic\u0103 care garanteaz\u0103 culori profunde \u0219i grafic\u0103 clar\u0103.<br \/>\nSistemele noastre publicitare sunt produse care pot dura mult timp, nu numai datorit\u0103 calit\u0103\u021bii construc\u021biei lor. Dac\u0103 materialul din spate se murd\u0103re\u0219te \u00een timp, acesta poate fi sp\u0103lat \u00een ma\u0219ina de sp\u0103lat la 30 de grade Celsius. Iar dac\u0103 v\u0103 schimba\u021bi abordarea grafic\u0103 sau lansa\u021bi noi activit\u0103\u021bi promo\u021bionale, pute\u021bi achizi\u021biona bannere noi pentru sistemele expozi\u021bionale pe care le de\u021bine\u021bi deja.<br \/>\nCel mai important, fundalurile noastre pot fi imprimate pe una sau pe ambele fe\u021be. Acest lucru v\u0103 permite s\u0103 v\u0103 adapta\u021bi mesajul publicitar la mediul \u00een care va fi expus fundalul.<br \/>\nMaterialul utilizat pentru imprimare este o \u021bes\u0103tur\u0103 flexibil\u0103 din poliester, ceea ce faciliteaz\u0103 montarea pe structur\u0103. Asamblarea \u0219i dezasamblarea pot fi efectuate de o singur\u0103 persoan\u0103.<\/p>\n","protected":false},"excerpt":{"rendered":"<p>adWall Vario Classic Light &#8211; Care sunt avantajele acestui produs? Decorurile pentru evenimente sunt sisteme de expunere utilizate pe scar\u0103 larg\u0103 \u00een diverse activit\u0103\u021bi promo\u021bionale. Iat\u0103 care sunt principalele beneficii pe care le ve\u021bi ob\u021bine atunci c\u00e2nd alege\u021bi produsele noastre: Structur\u0103 u\u0219oar\u0103, asamblare rapid\u0103 \u0219i transport u\u0219or Decorul pentru evenimente adWall Vario Classic Light este [&hellip;]<\/p>\n","protected":false},"featured_media":23543,"comment_status":"closed","ping_status":"open","template":"","meta":{"_seopress_robots_primary_cat":"","_seopress_titles_title":"","_seopress_titles_desc":"","_seopress_robots_index":"","inline_featured_image":false},"product_brand":[],"product_cat":[1148,1149,1477],"product_tag":[],"class_list":{"0":"post-14663","1":"product","2":"type-product","3":"status-publish","4":"has-post-thumbnail","6":"product_cat-panouri-de-prezentare","7":"product_cat-textile-walls-ro","8":"product_cat-adwall-vario-classic-light-ro","10":"first","11":"instock","12":"purchasable","13":"product-type-simple"},"_links":{"self":[{"href":"https:\/\/expovision.ro\/ro\/wp-json\/wp\/v2\/product\/14663","targetHints":{"allow":["GET"]}}],"collection":[{"href":"https:\/\/expovision.ro\/ro\/wp-json\/wp\/v2\/product"}],"about":[{"href":"https:\/\/expovision.ro\/ro\/wp-json\/wp\/v2\/types\/product"}],"replies":[{"embeddable":true,"href":"https:\/\/expovision.ro\/ro\/wp-json\/wp\/v2\/comments?post=14663"}],"wp:featuredmedia":[{"embeddable":true,"href":"https:\/\/expovision.ro\/ro\/wp-json\/wp\/v2\/media\/23543"}],"wp:attachment":[{"href":"https:\/\/expovision.ro\/ro\/wp-json\/wp\/v2\/media?parent=14663"}],"wp:term":[{"taxonomy":"product_brand","embeddable":true,"href":"https:\/\/expovision.ro\/ro\/wp-json\/wp\/v2\/product_brand?post=14663"},{"taxonomy":"product_cat","embeddable":true,"href":"https:\/\/expovision.ro\/ro\/wp-json\/wp\/v2\/product_cat?post=14663"},{"taxonomy":"product_tag","embeddable":true,"href":"https:\/\/expovision.ro\/ro\/wp-json\/wp\/v2\/product_tag?post=14663"}],"curies":[{"name":"wp","href":"https:\/\/api.w.org\/{rel}","templated":true}]}}