{"id":14661,"date":"2025-10-02T19:14:36","date_gmt":"2025-10-02T16:14:36","guid":{"rendered":"https:\/\/expovision.ro\/product\/adwall-vario-curbat-240-o43-fata-verso\/"},"modified":"2025-03-26T16:18:21","modified_gmt":"2025-03-26T14:18:21","slug":"adwall-vario-curbat-240-o43-fata-verso","status":"publish","type":"product","link":"https:\/\/expovision.ro\/ro\/produs\/adwall-vario-curbat-240-o43-fata-verso\/","title":{"rendered":"adWall Vario curbat 240 \u00d843 fa\u021b\u0103-verso"},"content":{"rendered":"<p>adWall Vario Curved Premium &#8211; unde \u0219i c\u00e2nd \u00eel pute\u021bi utiliza?<br \/>\nPere\u021bii no\u0219tri pentru expozi\u021bii sunt produse cu aplicare universal\u0103. Iat\u0103 c\u00e2teva modalit\u0103\u021bi dovedite de utilizare a adWall Vario Curved Premium.<\/p>\n<p>Expozi\u021bii comerciale \u0219i promo\u021bii: Peretele pentru t\u00e2rguri este fundalul perfect pentru standul dvs. la t\u00e2rguri sau \u00een timpul promo\u021biilor din centrele comerciale. Suprafa\u021ba imprimat\u0103 cu grafica companiei dvs. va deveni fundalul zonei de expozi\u021bie, f\u0103c\u00e2nd-o s\u0103 ias\u0103 \u00een eviden\u021b\u0103.<\/p>\n<p>Conferin\u021be: Produsul adWall Vario Curved Premium este util \u00een timpul conferin\u021belor. Vorbitorii pot prezenta \u00een fa\u021ba acestuia, ceea ce va spori mesajul de promovare a evenimentului. De asemenea, poate servi drept fundal pentru interviurile cu participan\u021bii sau organizatorii.<\/p>\n<p>Zona de relaxare a biroului: Cu ajutorul pere\u021bilor pute\u021bi diversifica designul interior al biroului dvs. sau pute\u021bi promova diverse activit\u0103\u021bi interne. \u00cen astfel de cazuri, peretele poate fi amplasat \u00een zonele \u00een care angaja\u021bii se adun\u0103 pentru perioade mai lungi, cum ar fi zona de relaxare, l\u00e2ng\u0103 spa\u021biul de lucru deschis sau la cantin\u0103.<\/p>\n<p>Evenimente sportive \u0219i industriale: Peretele de interviu este util \u0219i la evenimente sportive \u0219i industriale. Pute\u021bi plasa logo-urile sponsorilor evenimentului pe material, care vor eviden\u021bia m\u0103rcile lor \u00een timpul interviurilor de pres\u0103 cu sportivii sau participan\u021bii la \u00eent\u00e2lnire.<\/p>\n<p>adWall Vario Curved Premium &#8211; care sunt avantajele utiliz\u0103rii sale?<br \/>\nPeretele de expozi\u021bie adWall Vario Curved Premium este un produs care va \u00eembun\u0103t\u0103\u021bi eficien\u021ba activit\u0103\u021bilor dvs. promo\u021bionale. Vede\u021bi de ce merit\u0103 s\u0103 alege\u021bi produsele noastre.<br \/>\nO form\u0103 curbat\u0103, atr\u0103g\u0103toare, care atrage aten\u021bia<br \/>\nStructura din aluminiu a peretelui urmeaz\u0103 linia unui arc orizontal. Acest lucru \u00eel face s\u0103 ias\u0103 \u00een eviden\u021b\u0103 \u0219i mai mult fa\u021b\u0103 de al\u021bi pere\u021bi \u0219i fa\u021b\u0103 de sala sau centrul comercial \u00een sine. Alegerea acestui produs v\u0103 va ajuta s\u0103 atrage\u021bi poten\u021biali clien\u021bi \u0219i s\u0103 consolida\u021bi impactul mesajului dvs. promo\u021bional.<br \/>\nMesaj promo\u021bional clar \u0219i eficient<br \/>\nUn perete de expozi\u021bie cu logo-ul sau grafica companiei dvs. este un mesaj clar pentru cei din jur. La adsystem, ne str\u0103duim s\u0103 ne asigur\u0103m c\u0103 produsele noastre sunt realizate din componente de cea mai \u00eenalt\u0103 calitate &#8211; procesul de preg\u0103tire a imprim\u0103rii trece prin mai multe etape de control al calit\u0103\u021bii. Acest lucru v\u0103 garanteaz\u0103 c\u0103 ve\u021bi primi un perete de expozi\u021bie care va deveni o vitrin\u0103 impresionant\u0103 pentru marca dvs.<br \/>\nImprim\u0103ri de \u00eenalt\u0103 calitate<br \/>\nC\u00e2nd preg\u0103tim pere\u021bii, folosim metoda de imprimare prin sublimare. Aceasta nu este doar o tehnic\u0103 ecologic\u0103, ci \u0219i o modalitate dovedit\u0103 de a ob\u021bine imprim\u0103ri de \u00eenalt\u0103 calitate. \u021aes\u0103turile noastre cu grafic\u0103 sunt caracterizate de o reproducere excelent\u0103 a culorilor \u0219i de claritate.<br \/>\n\u00cen plus, peretele dvs. de expozi\u021bie poate fi imprimat pe una sau pe ambele fe\u021be. Acest lucru permite adaptarea precis\u0103 a produsului la standul de expozi\u021bie sau la condi\u021biile din camer\u0103.<br \/>\nDe asemenea, trebuie s\u0103 \u0219ti\u021bi c\u0103 acest perete are un avantaj suplimentar fa\u021b\u0103 de alte sisteme de expozi\u021bie. Materialul imprimat poate fi sp\u0103lat \u00eentr-o ma\u0219in\u0103 de sp\u0103lat automat\u0103 la 30 de grade Celsius. Acest lucru este deosebit de important deoarece t\u00e2rgurile comerciale \u0219i promo\u021biile sunt evenimente aglomerate \u0219i este u\u0219or ca materialul s\u0103 se murd\u0103reasc\u0103.<br \/>\nAsamblare rapid\u0103 \u0219i transport convenabil<br \/>\nPere\u021bii Adsystem pentru t\u00e2rguri sunt deosebit de convenabili de utilizat. Pentru a asambla peretele la o expozi\u021bie comercial\u0103, nu trebuie s\u0103 aduce\u021bi niciun instrument, deoarece trebuie doar s\u0103 conecta\u021bi tuburile cu \u00eencuietori. \u00cen plus, cu geanta de transport la \u00eendem\u00e2n\u0103, transportul peretelui la stand va fi convenabil \u0219i f\u0103r\u0103 probleme.<br \/>\nPerete de expozi\u021bie robust \u0219i stabil<br \/>\nStructura de aluminiu a produsului const\u0103 din tuburi cu un diametru de 43 mm. Acesta include picioare late, care asigur\u0103 stabilitatea general\u0103. Ca urmare, \u00een timpul t\u00e2rgurilor comerciale \u0219i \u00een timp ce lucra\u021bi la standul promo\u021bional, nu trebuie s\u0103 v\u0103 face\u021bi griji cu privire la durabilitatea peretelui.<\/p>\n","protected":false},"excerpt":{"rendered":"<p>adWall Vario Curved Premium &#8211; unde \u0219i c\u00e2nd \u00eel pute\u021bi utiliza? Pere\u021bii no\u0219tri pentru expozi\u021bii sunt produse cu aplicare universal\u0103. Iat\u0103 c\u00e2teva modalit\u0103\u021bi dovedite de utilizare a adWall Vario Curved Premium. Expozi\u021bii comerciale \u0219i promo\u021bii: Peretele pentru t\u00e2rguri este fundalul perfect pentru standul dvs. la t\u00e2rguri sau \u00een timpul promo\u021biilor din centrele comerciale. Suprafa\u021ba imprimat\u0103 [&hellip;]<\/p>\n","protected":false},"featured_media":23574,"comment_status":"closed","ping_status":"open","template":"","meta":{"_seopress_robots_primary_cat":"","_seopress_titles_title":"","_seopress_titles_desc":"","_seopress_robots_index":"","inline_featured_image":false},"product_brand":[],"product_cat":[1424,1148,1149],"product_tag":[],"class_list":{"0":"post-14661","1":"product","2":"type-product","3":"status-publish","4":"has-post-thumbnail","6":"product_cat-adwall-vario-curbat","7":"product_cat-panouri-de-prezentare","8":"product_cat-textile-walls-ro","10":"first","11":"instock","12":"purchasable","13":"product-type-simple"},"_links":{"self":[{"href":"https:\/\/expovision.ro\/ro\/wp-json\/wp\/v2\/product\/14661","targetHints":{"allow":["GET"]}}],"collection":[{"href":"https:\/\/expovision.ro\/ro\/wp-json\/wp\/v2\/product"}],"about":[{"href":"https:\/\/expovision.ro\/ro\/wp-json\/wp\/v2\/types\/product"}],"replies":[{"embeddable":true,"href":"https:\/\/expovision.ro\/ro\/wp-json\/wp\/v2\/comments?post=14661"}],"wp:featuredmedia":[{"embeddable":true,"href":"https:\/\/expovision.ro\/ro\/wp-json\/wp\/v2\/media\/23574"}],"wp:attachment":[{"href":"https:\/\/expovision.ro\/ro\/wp-json\/wp\/v2\/media?parent=14661"}],"wp:term":[{"taxonomy":"product_brand","embeddable":true,"href":"https:\/\/expovision.ro\/ro\/wp-json\/wp\/v2\/product_brand?post=14661"},{"taxonomy":"product_cat","embeddable":true,"href":"https:\/\/expovision.ro\/ro\/wp-json\/wp\/v2\/product_cat?post=14661"},{"taxonomy":"product_tag","embeddable":true,"href":"https:\/\/expovision.ro\/ro\/wp-json\/wp\/v2\/product_tag?post=14661"}],"curies":[{"name":"wp","href":"https:\/\/api.w.org\/{rel}","templated":true}]}}