{"id":14636,"date":"2025-10-02T19:35:24","date_gmt":"2025-10-02T16:35:24","guid":{"rendered":"https:\/\/expovision.ro\/product\/adwall-vario-curbat-light-500-pe-o-singura-fata\/"},"modified":"2025-03-26T16:23:47","modified_gmt":"2025-03-26T14:23:47","slug":"adwall-vario-curbat-light-500-pe-o-singura-fata","status":"publish","type":"product","link":"https:\/\/expovision.ro\/ro\/produs\/adwall-vario-curbat-light-500-pe-o-singura-fata\/","title":{"rendered":"adWall Vario curbat Light 500 pe o singur\u0103 fa\u021b\u0103"},"content":{"rendered":"<p>Unde s\u0103 folosi\u021bi peretele Vario Curved Light?<br \/>\nPeretele textil curbat este un sistem care permite diverse activit\u0103\u021bi promo\u021bionale. Acesta este disponibil \u00een magazinul nostru \u00een diferite dimensiuni, astfel \u00eenc\u00e2t ve\u021bi g\u0103si cu siguran\u021b\u0103 o variant\u0103 care s\u0103 v\u0103 satisfac\u0103 nevoile.<\/p>\n<p>T\u00e2rguri \u0219i promo\u021bii: Peretele poate servi ca fundal pentru standul dvs. la t\u00e2rguri \u0219i promo\u021bii. Aceasta v\u0103 va ajuta s\u0103 v\u0103 eviden\u021bia\u021bi \u0219i s\u0103 atrage\u021bi clien\u021bi. Produsul va defini limitele standului dvs. \u0219i \u00eel va face mai u\u0219or de g\u0103sit \u00eentr-o mare de modele \u0219i culori.<\/p>\n<p>Conferin\u021be: Peretele cu logo-ul dvs. va fi util \u0219i dac\u0103 organiza\u021bi o conferin\u021b\u0103. Produsul permite o expunere grafic\u0103 extins\u0103 \u0219i poate fi utilizat ca fundal pentru vorbitori.<\/p>\n<p>Sediul companiei: AdWall Vario Curved Light este ideal pentru amenajarea birourilor. Pute\u021bi s\u0103 o instala\u021bi \u00een zona de recep\u021bie. O alt\u0103 utilizare bun\u0103 a produsului este \u00eentr-un birou open space.<\/p>\n<p>Loca\u021bii de servicii: Pere\u021bii publicitari textile curbate sunt un instrument promo\u021bional excelent \u00een locurile vizitate de clien\u021bi. \u00cen acest caz, pute\u021bi utiliza grafica de pe printuri pentru a informa vizitatorii despre gama dvs. de produse \u0219i servicii.<\/p>\n<p>Care sunt avantajele utiliz\u0103rii AdWall Vario Curved Light?<br \/>\nMesaj publicitar eficient<br \/>\nPeretele publicitar textil curbat este un instrument de marketing eficient. Grafica dvs. va fi imprimat\u0103 pe structura de aluminiu f\u0103r\u0103 \u00eembin\u0103ri vizibile. \u00cel pute\u021bi comanda \u00een varianta cu o singur\u0103 fa\u021b\u0103 sau cu dou\u0103 fe\u021be. Folosim tehnologia de imprimare prin sublimare pentru a preg\u0103ti peretele. Aceast\u0103 metod\u0103 ecologic\u0103 asigur\u0103 o reproducere excelent\u0103 a culorilor.<br \/>\nPerete u\u0219or cu logo<br \/>\nConstruc\u021bia peretelui textil curbat const\u0103 dintr-un cadru din aluminiu. Diametrul tubului este de numai 34 mm, ceea ce face ca \u00eentreaga structur\u0103 s\u0103 fie u\u0219oar\u0103 \u0219i u\u0219or de transportat la stand. \u00cen plus, magazinul nostru ofer\u0103 o geant\u0103 de transport cu ro\u021bi pe care o pute\u021bi ad\u0103uga la comanda dvs.<br \/>\nAsamblare u\u0219oar\u0103 \u0219i f\u0103r\u0103 unelte<br \/>\nPeretele este asamblat f\u0103r\u0103 utilizarea de unelte. Elementele din aluminiu sunt conectate cu ajutorul \u00eencuietorilor. Ca rezultat, procesul de asamblare este u\u0219or, chiar dac\u0103 nu ave\u021bi experien\u021b\u0103 manual\u0103. Acest sistem permite asamblarea rapid\u0103, iar pere\u021bii mai mici pot fi asambla\u021bi de o singur\u0103 persoan\u0103.<\/p>\n","protected":false},"excerpt":{"rendered":"<p>Unde s\u0103 folosi\u021bi peretele Vario Curved Light? Peretele textil curbat este un sistem care permite diverse activit\u0103\u021bi promo\u021bionale. Acesta este disponibil \u00een magazinul nostru \u00een diferite dimensiuni, astfel \u00eenc\u00e2t ve\u021bi g\u0103si cu siguran\u021b\u0103 o variant\u0103 care s\u0103 v\u0103 satisfac\u0103 nevoile. T\u00e2rguri \u0219i promo\u021bii: Peretele poate servi ca fundal pentru standul dvs. la t\u00e2rguri \u0219i promo\u021bii. [&hellip;]<\/p>\n","protected":false},"featured_media":23634,"comment_status":"closed","ping_status":"open","template":"","meta":{"_seopress_robots_primary_cat":"","_seopress_titles_title":"","_seopress_titles_desc":"","_seopress_robots_index":"","inline_featured_image":false},"product_brand":[],"product_cat":[1425,1148,1149],"product_tag":[],"class_list":{"0":"post-14636","1":"product","2":"type-product","3":"status-publish","4":"has-post-thumbnail","6":"product_cat-adwall-vario-lumina-curbata","7":"product_cat-panouri-de-prezentare","8":"product_cat-textile-walls-ro","10":"first","11":"instock","12":"purchasable","13":"product-type-simple"},"_links":{"self":[{"href":"https:\/\/expovision.ro\/ro\/wp-json\/wp\/v2\/product\/14636","targetHints":{"allow":["GET"]}}],"collection":[{"href":"https:\/\/expovision.ro\/ro\/wp-json\/wp\/v2\/product"}],"about":[{"href":"https:\/\/expovision.ro\/ro\/wp-json\/wp\/v2\/types\/product"}],"replies":[{"embeddable":true,"href":"https:\/\/expovision.ro\/ro\/wp-json\/wp\/v2\/comments?post=14636"}],"wp:featuredmedia":[{"embeddable":true,"href":"https:\/\/expovision.ro\/ro\/wp-json\/wp\/v2\/media\/23634"}],"wp:attachment":[{"href":"https:\/\/expovision.ro\/ro\/wp-json\/wp\/v2\/media?parent=14636"}],"wp:term":[{"taxonomy":"product_brand","embeddable":true,"href":"https:\/\/expovision.ro\/ro\/wp-json\/wp\/v2\/product_brand?post=14636"},{"taxonomy":"product_cat","embeddable":true,"href":"https:\/\/expovision.ro\/ro\/wp-json\/wp\/v2\/product_cat?post=14636"},{"taxonomy":"product_tag","embeddable":true,"href":"https:\/\/expovision.ro\/ro\/wp-json\/wp\/v2\/product_tag?post=14636"}],"curies":[{"name":"wp","href":"https:\/\/api.w.org\/{rel}","templated":true}]}}