{"id":13922,"date":"2025-10-02T18:51:11","date_gmt":"2025-10-02T15:51:11","guid":{"rendered":"https:\/\/expovision.ro\/product\/adbox-elypse-without-print\/"},"modified":"2025-04-22T19:43:20","modified_gmt":"2025-04-22T16:43:20","slug":"adbox-elypse-without-print","status":"publish","type":"product","link":"https:\/\/expovision.ro\/ro\/produs\/adbox-elypse-without-print\/","title":{"rendered":"adBox Elypse (without print)"},"content":{"rendered":"<p>Avantajele modelului adBox Elypse<br \/>\nAleg\u00e2nd adBox Elypse, investi\u021bi \u00eentr-un stand de e\u0219antionare modern, func\u021bional \u0219i durabil, care v\u0103 va sus\u021bine eficient eforturile de marketing.<br \/>\nDesign func\u021bional<br \/>\nAdBox Elypse este construit din profile de aluminiu \u0219i o suprafa\u021b\u0103 de mas\u0103 de \u00eenalt\u0103 calitate, disponibil\u0103 \u00eentr-o palet\u0103 de culori din care pute\u021bi alege. Baza sa robust\u0103 suport\u0103 p\u00e2n\u0103 la 100 kg, ceea ce \u00eel face ideal pentru promovarea produselor mai mari. \u00cen plus, standul este echipat cu ro\u021bi, permi\u021b\u00e2nd mutarea f\u0103r\u0103 efort.<br \/>\nAsamblare rapid\u0103<br \/>\nModelul adBox Elypse se remarc\u0103 prin asamblarea rapid\u0103, f\u0103r\u0103 unelte. Construc\u021bia sa modular\u0103 permite ca standul s\u0103 fie montat \u00een doar c\u00e2teva minute. Dup\u0103 eveniment, acesta poate fi u\u0219or dezasamblat \u0219i depozitat \u00eentr-o geant\u0103 de transport convenabil\u0103.<br \/>\nDurabilitate \u0219i versatilitate<br \/>\nAdBox Elypse este o investi\u021bie pe termen lung. Capacitatea de a \u00eenlocui cu u\u0219urin\u021b\u0103 materialele grafice permite reutilizarea \u00een diverse ocazii. Grafica personalizat\u0103 poate fi schimbat\u0103 rapid, adapt\u00e2nd produsul la nevoile promo\u021bionale curente. Acest lucru face din adBox Elypse un instrument de marketing extrem de versatil.<br \/>\nCe este inclus \u00een set?       <\/p>\n<p>Structur\u0103 de aluminiu<\/p>\n<p>Blat de calitate superioar\u0103<\/p>\n<p>Topper PVC<\/p>\n<p>Print pe folie laminat\u0103<\/p>\n<p>Geant\u0103 de transport<\/p>\n<p>Specifica\u021bii tehnice:<\/p>\n<p>\u00cen\u0103l\u021bime: 215 cm<\/p>\n<p>L\u0103\u021bime: 120 cm<\/p>\n<p>Ad\u00e2ncime: 50 cm<\/p>\n<p>Greutate per unitate: 18 kg<\/p>\n<p>Portan\u021b\u0103 maxim\u0103: 100 kg<\/p>\n<p>Aplica\u021bii:<\/p>\n<p>Element de stand<\/p>\n<p>Sampling and promotions<\/p>\n<p>Publicitate \u00een centre comerciale<\/p>\n<p>Caracteristici cheie:<\/p>\n<p>Asamblare f\u0103r\u0103 unelte<\/p>\n<p>Design patentat<\/p>\n<p>Include geant\u0103 de transport<\/p>\n<p>Include raft<\/p>\n<p>Structur\u0103 reutilizabil\u0103<\/p>\n","protected":false},"excerpt":{"rendered":"<p>Avantajele modelului adBox Elypse Aleg\u00e2nd adBox Elypse, investi\u021bi \u00eentr-un stand de e\u0219antionare modern, func\u021bional \u0219i durabil, care v\u0103 va sus\u021bine eficient eforturile de marketing. Design func\u021bional AdBox Elypse este construit din profile de aluminiu \u0219i o suprafa\u021b\u0103 de mas\u0103 de \u00eenalt\u0103 calitate, disponibil\u0103 \u00eentr-o palet\u0103 de culori din care pute\u021bi alege. Baza sa robust\u0103 suport\u0103 [&hellip;]<\/p>\n","protected":false},"featured_media":23219,"comment_status":"closed","ping_status":"open","template":"","meta":{"_seopress_robots_primary_cat":"","_seopress_titles_title":"","_seopress_titles_desc":"","_seopress_robots_index":"","inline_featured_image":false},"product_brand":[],"product_cat":[1128,1121,84],"product_tag":[],"class_list":{"0":"post-13922","1":"product","2":"type-product","3":"status-publish","4":"has-post-thumbnail","6":"product_cat-standuri-de-degustare-ro","7":"product_cat-adbox-elypse-ro","8":"product_cat-standuri","10":"first","11":"instock","12":"purchasable","13":"product-type-simple"},"_links":{"self":[{"href":"https:\/\/expovision.ro\/ro\/wp-json\/wp\/v2\/product\/13922","targetHints":{"allow":["GET"]}}],"collection":[{"href":"https:\/\/expovision.ro\/ro\/wp-json\/wp\/v2\/product"}],"about":[{"href":"https:\/\/expovision.ro\/ro\/wp-json\/wp\/v2\/types\/product"}],"replies":[{"embeddable":true,"href":"https:\/\/expovision.ro\/ro\/wp-json\/wp\/v2\/comments?post=13922"}],"wp:featuredmedia":[{"embeddable":true,"href":"https:\/\/expovision.ro\/ro\/wp-json\/wp\/v2\/media\/23219"}],"wp:attachment":[{"href":"https:\/\/expovision.ro\/ro\/wp-json\/wp\/v2\/media?parent=13922"}],"wp:term":[{"taxonomy":"product_brand","embeddable":true,"href":"https:\/\/expovision.ro\/ro\/wp-json\/wp\/v2\/product_brand?post=13922"},{"taxonomy":"product_cat","embeddable":true,"href":"https:\/\/expovision.ro\/ro\/wp-json\/wp\/v2\/product_cat?post=13922"},{"taxonomy":"product_tag","embeddable":true,"href":"https:\/\/expovision.ro\/ro\/wp-json\/wp\/v2\/product_tag?post=13922"}],"curies":[{"name":"wp","href":"https:\/\/api.w.org\/{rel}","templated":true}]}}