{"id":13873,"date":"2025-10-02T18:54:28","date_gmt":"2025-10-02T15:54:28","guid":{"rendered":"https:\/\/expovision.ro\/product\/adframe-lmd-150x200-no\/"},"modified":"2025-04-22T20:01:29","modified_gmt":"2025-04-22T17:01:29","slug":"adframe-lmd-150x200-no","status":"publish","type":"product","link":"https:\/\/expovision.ro\/ro\/produs\/adframe-lmd-150x200-no\/","title":{"rendered":"adFrame LMD 150&#215;200 NO"},"content":{"rendered":"<p>Unde se utilizeaz\u0103 cel mai bine panoul LED cu dou\u0103 fe\u021be?<\/p>\n<p>Fundal pentru speakeri: Dimensiunile mari \u0219i op\u021biunile de personalizare fac din adFrame LMD o alegere excelent\u0103 pentru evenimente de industrie, conferin\u021be sau prezent\u0103ri, oferind un fundal profesional \u0219i atr\u0103g\u0103tor pentru vorbitori. Utiliza\u021bi panoul publicitar LED ca fundal pentru vorbitori la conferin\u021be sau t\u00e2rguri.<\/p>\n<p>Standuri de expozi\u021bie: Bannerele publicitare iluminate amplasate \u00een jurul standului dvs. vor defini \u00een mod clar limitele spa\u021biului dvs. de expunere. De asemenea, acestea pot servi ca separatoare pentru a crea sec\u021biuni comerciale dedicate, cum ar fi o zon\u0103 de relaxare.<\/p>\n<p>Promovare de produs: Spa\u021biul publicitar generos oferit de adFrame LMD este ideal pentru prezentarea produselor la dimensiuni reale, oferind un impact vizual puternic \u0219i autentic. Prin urmare, panoul LED cu dou\u0103 fe\u021be este potrivit pentru utilizarea \u00een magazine de mobil\u0103 sau showroom-uri auto.<\/p>\n<p>Avantajele panoului publicitar cu LED adFrame LMD<br \/>\nDimensiuni personalizabile<br \/>\nBannerul publicitar iluminat poate fi complet adaptat nevoilor tale. Pe l\u00e2ng\u0103 dimensiunile standard disponibile pe site, adFrame LMD ofer\u0103 op\u021biuni extinse de personalizare, astfel \u00eenc\u00e2t s\u0103 se potriveasc\u0103 perfect spa\u021biului \u0219i contextului t\u0103u expozi\u021bional.  Dac\u0103 reclama dvs. necesit\u0103, pute\u021bi comanda un produs cu \u00een\u0103l\u021bime \u0219i l\u0103\u021bime non-standard. Acest lucru \u00ee\u021bi permite s\u0103 creezi un sistem expozi\u021bional original, care se eviden\u021biaz\u0103 u\u0219or fa\u021b\u0103 de concuren\u021b\u0103.<br \/>\nPrinturi personalizabile \u0219i interschimbabile<br \/>\nLa fel ca structura adFrame LMD, printurile sunt complet personalizabile \u0219i pot fi \u00eenlocuite oric\u00e2nd, \u00een func\u021bie de nevoile tale. Desenele dvs. grafice vor fi plasate pe un material textil durabil. Metoda de sublimare utilizat\u0103 garanteaz\u0103 o calitate fotografic\u0103 a imprim\u0103rii. \u00cen plus, panoul LED cu dou\u0103 fe\u021be permite schimbarea rapid\u0103 a graficii, oferindu-\u021bi flexibilitatea de a afi\u0219a con\u021binut diferit \u00een func\u021bie de eveniment.<br \/>\nAsamblare intuitiv\u0103<br \/>\nStructura adFrame LMD poate fi montat\u0103 \u00een doar c\u00e2teva minute, f\u0103r\u0103 efort. Asamblarea implic\u0103 conectarea elementelor de cadru marcate, pe care este apoi plasat\u0103 imprimarea. Materialul grafic, realizat prin procesul de sublimare, este cusut cu o band\u0103 de cauciuc care se potrive\u0219te perfect cadrului.<\/p>\n","protected":false},"excerpt":{"rendered":"<p>Unde se utilizeaz\u0103 cel mai bine panoul LED cu dou\u0103 fe\u021be? Fundal pentru speakeri: Dimensiunile mari \u0219i op\u021biunile de personalizare fac din adFrame LMD o alegere excelent\u0103 pentru evenimente de industrie, conferin\u021be sau prezent\u0103ri, oferind un fundal profesional \u0219i atr\u0103g\u0103tor pentru vorbitori. Utiliza\u021bi panoul publicitar LED ca fundal pentru vorbitori la conferin\u021be sau t\u00e2rguri. Standuri [&hellip;]<\/p>\n","protected":false},"featured_media":23347,"comment_status":"closed","ping_status":"open","template":"","meta":{"_seopress_robots_primary_cat":"","_seopress_titles_title":"","_seopress_titles_desc":"","_seopress_robots_index":"","inline_featured_image":false},"product_brand":[],"product_cat":[1129,114,115],"product_tag":[],"class_list":{"0":"post-13873","1":"product","2":"type-product","3":"status-publish","4":"has-post-thumbnail","6":"product_cat-adframe-lmd","7":"product_cat-casete-luminoase","8":"product_cat-casete-luminoase-independente","10":"first","11":"instock","12":"purchasable","13":"product-type-simple"},"_links":{"self":[{"href":"https:\/\/expovision.ro\/ro\/wp-json\/wp\/v2\/product\/13873","targetHints":{"allow":["GET"]}}],"collection":[{"href":"https:\/\/expovision.ro\/ro\/wp-json\/wp\/v2\/product"}],"about":[{"href":"https:\/\/expovision.ro\/ro\/wp-json\/wp\/v2\/types\/product"}],"replies":[{"embeddable":true,"href":"https:\/\/expovision.ro\/ro\/wp-json\/wp\/v2\/comments?post=13873"}],"wp:featuredmedia":[{"embeddable":true,"href":"https:\/\/expovision.ro\/ro\/wp-json\/wp\/v2\/media\/23347"}],"wp:attachment":[{"href":"https:\/\/expovision.ro\/ro\/wp-json\/wp\/v2\/media?parent=13873"}],"wp:term":[{"taxonomy":"product_brand","embeddable":true,"href":"https:\/\/expovision.ro\/ro\/wp-json\/wp\/v2\/product_brand?post=13873"},{"taxonomy":"product_cat","embeddable":true,"href":"https:\/\/expovision.ro\/ro\/wp-json\/wp\/v2\/product_cat?post=13873"},{"taxonomy":"product_tag","embeddable":true,"href":"https:\/\/expovision.ro\/ro\/wp-json\/wp\/v2\/product_tag?post=13873"}],"curies":[{"name":"wp","href":"https:\/\/api.w.org\/{rel}","templated":true}]}}