{"id":13843,"date":"2025-10-02T18:49:02","date_gmt":"2025-10-02T15:49:02","guid":{"rendered":"https:\/\/expovision.ro\/product\/adwall-vario-classic-220-fara-imprimare\/"},"modified":"2025-09-25T19:34:56","modified_gmt":"2025-09-25T16:34:56","slug":"adwall-vario-classic-220-fara-imprimare","status":"publish","type":"product","link":"https:\/\/expovision.ro\/ro\/produs\/adwall-vario-classic-220-fara-imprimare\/","title":{"rendered":"adWall Vario Classic 220 (f\u0103r\u0103 imprimare)"},"content":{"rendered":"<p>Unde \u0219i c\u00e2nd pute\u021bi utiliza peretele adWall Vario Classic?<br \/>\nPere\u021bii logo de acest tip sunt produse versatile. Acestea sunt utilizate \u00een timpul multor ac\u021biuni promo\u021bionale diferite \u0219i sunt aplicate \u00een principal \u00een interior. Iat\u0103 c\u00e2teva sugestii cu privire la modul de utilizare a pere\u021bilor \u00een afacerea dvs.<\/p>\n<p>Expozi\u021bii comerciale \u0219i promo\u021bii: AdWall Vario Classic este o alegere excelent\u0103 dac\u0103 v\u0103 preg\u0103ti\u021bi pentru expozi\u021bii comerciale sau promo\u021bii \u00eentr-un centru comercial. Peretele cu logo-ul v\u0103 va accentua standul, \u00eei va marca limitele \u0219i, cel mai important, va atrage aten\u021bia trec\u0103torilor.<\/p>\n<p>Birouri \u0219i loca\u021bii de servicii: Produsul nostru poate fi expus \u00een locurile vizitate de clien\u021bii dvs., cum ar fi zonele de a\u0219teptare, coridoarele sau zonele de recep\u021bie.<\/p>\n<p>Institu\u021bii \u0219i birouri culturale: Un perete cu logo-uri poate informa vizitatorii despre evenimente speciale, granturi sau evenimente culturale curente.<\/p>\n<p>adWall Vario Classic &#8211; care sunt avantajele utiliz\u0103rii acestui produs?<br \/>\nUn perete cu logo este un instrument de marketing foarte popular. V\u0103 ajut\u0103 s\u0103 atrage\u021bi aten\u021bia poten\u021bialilor clien\u021bi \u0219i s\u0103 v\u0103 promova\u021bi mai bine produsele \u0219i serviciile. Iat\u0103 care sunt beneficiile adWall Vario Classic.<br \/>\nForm\u0103 impresionant\u0103 \u0219i mesaj publicitar \u00eembun\u0103t\u0103\u021bit<br \/>\nProdusul prezentat aici este un perete curbat. Forma sa distinctiv\u0103, ghidat\u0103 de o curb\u0103 vertical\u0103, face ca structura s\u0103 capteze mai bine aten\u021bia publicului \u00een compara\u021bie cu alte sisteme de expunere. Prin utilizarea peretelui nostru, v\u0103 ve\u021bi \u00eembun\u0103t\u0103\u021bi mesajul promo\u021bional, f\u0103c\u00e2nd publicitatea mai eficient\u0103 \u0219i mai u\u0219or de ajuns la clien\u021bi.<br \/>\nImprimare de \u00eenalt\u0103 calitate pe material lavabil<br \/>\nLa adsystem, ne asigur\u0103m c\u0103 pere\u021bii no\u0219tri sunt adev\u0103rate vitrine impresionante pentru compania dumneavoastr\u0103. Acesta este motivul pentru care preg\u0103tim imprimarea cu grafica dvs. personalizat\u0103 prin imprimare prin sublimare. Aceast\u0103 tehnic\u0103 ecologic\u0103 nu este doar ecologic\u0103, ci asigur\u0103 \u0219i o grafic\u0103 vie \u0219i culori profunde.<br \/>\n\u00cen plus, imprimarea este realizat\u0103 pe \u021bes\u0103tur\u0103 din poliester de \u00eenalt\u0103 calitate. Materialul este flexibil, dar \u00ee\u0219i p\u0103streaz\u0103 forma. Acest lucru \u00eel face foarte u\u0219or de aplicat pe structur\u0103, iar materialul se potrive\u0219te bine pe cadrul din aluminiu. Dac\u0103 imprimeul se murd\u0103re\u0219te \u00een timp, \u00eel pute\u021bi sp\u0103la \u00een ma\u0219ina de sp\u0103lat la 30 de grade Celsius. \u00cen acest fel, peretele dvs. textil va r\u0103m\u00e2ne \u00een stare bun\u0103 pentru activit\u0103\u021bile promo\u021bionale viitoare.<br \/>\n\u00cen plus, trebuie s\u0103 \u0219ti\u021bi c\u0103 grafica companiei dvs. poate fi imprimat\u0103 pe una sau pe ambele fe\u021be. Aceast\u0103 op\u021biune v\u0103 permite s\u0103 adapta\u021bi peretele la nevoile dvs. \u0219i la locul \u00een care va fi afi\u0219at. Dac\u0103 schimba\u021bi grafica \u00een timp, pute\u021bi comanda pur \u0219i simplu o nou\u0103 imprimare pentru structura existent\u0103.<br \/>\nAsamblare rapid\u0103 f\u0103r\u0103 scule \u0219i transport u\u0219or<br \/>\nAtragerea aten\u021biei clien\u021bilor \u0219i aspectul estetic nu sunt totul. La adsystem, \u00een\u021belegem c\u0103 sistemele de expunere trebuie s\u0103 fie \u0219i u\u0219or de utilizat.<br \/>\nConstruc\u021bia peretelui adWall Vario Classic const\u0103 din tuburi de aluminiu pe care le conecta\u021bi cu ajutorul unor \u00eencuietori instantanee. Elementele individuale sunt marcate, astfel \u00eenc\u00e2t este u\u0219or s\u0103 urm\u0103ri\u021bi secven\u021ba de asamblare. Ca rezultat, peretele dvs. publicitar cu logo va fi rapid preg\u0103tit pentru activit\u0103\u021bile promo\u021bionale. Nu sunt necesare unelte pentru asamblarea structurii.<br \/>\nDe asemenea, am asigurat un transport convenabil. Produsele noastre sunt ambalate \u00een saci de transport la \u00eendem\u00e2n\u0103. Acest lucru faciliteaz\u0103 transportarea peretelui ambalat la standul dvs.<\/p>\n","protected":false},"excerpt":{"rendered":"<p>Unde \u0219i c\u00e2nd pute\u021bi utiliza peretele adWall Vario Classic? Pere\u021bii logo de acest tip sunt produse versatile. Acestea sunt utilizate \u00een timpul multor ac\u021biuni promo\u021bionale diferite \u0219i sunt aplicate \u00een principal \u00een interior. Iat\u0103 c\u00e2teva sugestii cu privire la modul de utilizare a pere\u021bilor \u00een afacerea dvs. Expozi\u021bii comerciale \u0219i promo\u021bii: AdWall Vario Classic este [&hellip;]<\/p>\n","protected":false},"featured_media":23173,"comment_status":"closed","ping_status":"open","template":"","meta":{"_seopress_robots_primary_cat":"","_seopress_titles_title":"","_seopress_titles_desc":"","_seopress_robots_index":"","inline_featured_image":false},"product_brand":[],"product_cat":[1148,1149,1476],"product_tag":[],"class_list":{"0":"post-13843","1":"product","2":"type-product","3":"status-publish","4":"has-post-thumbnail","6":"product_cat-panouri-de-prezentare","7":"product_cat-textile-walls-ro","8":"product_cat-panouri-textile-adwall-vario-classic","10":"first","11":"instock","12":"purchasable","13":"product-type-simple"},"_links":{"self":[{"href":"https:\/\/expovision.ro\/ro\/wp-json\/wp\/v2\/product\/13843","targetHints":{"allow":["GET"]}}],"collection":[{"href":"https:\/\/expovision.ro\/ro\/wp-json\/wp\/v2\/product"}],"about":[{"href":"https:\/\/expovision.ro\/ro\/wp-json\/wp\/v2\/types\/product"}],"replies":[{"embeddable":true,"href":"https:\/\/expovision.ro\/ro\/wp-json\/wp\/v2\/comments?post=13843"}],"wp:featuredmedia":[{"embeddable":true,"href":"https:\/\/expovision.ro\/ro\/wp-json\/wp\/v2\/media\/23173"}],"wp:attachment":[{"href":"https:\/\/expovision.ro\/ro\/wp-json\/wp\/v2\/media?parent=13843"}],"wp:term":[{"taxonomy":"product_brand","embeddable":true,"href":"https:\/\/expovision.ro\/ro\/wp-json\/wp\/v2\/product_brand?post=13843"},{"taxonomy":"product_cat","embeddable":true,"href":"https:\/\/expovision.ro\/ro\/wp-json\/wp\/v2\/product_cat?post=13843"},{"taxonomy":"product_tag","embeddable":true,"href":"https:\/\/expovision.ro\/ro\/wp-json\/wp\/v2\/product_tag?post=13843"}],"curies":[{"name":"wp","href":"https:\/\/api.w.org\/{rel}","templated":true}]}}