{"id":13817,"date":"2025-10-03T12:50:46","date_gmt":"2025-10-03T09:50:46","guid":{"rendered":"https:\/\/expovision.ro\/product\/lampa-led-50-negru\/"},"modified":"2025-09-29T02:34:40","modified_gmt":"2025-09-28T23:34:40","slug":"lampa-led-50-negru","status":"publish","type":"product","link":"https:\/\/expovision.ro\/ro\/produs\/lampa-led-50-negru\/","title":{"rendered":"Lamp\u0103 LED 50 negru"},"content":{"rendered":"<p>Eficien\u021b\u0103 \u0219i economie de energie<br \/>\nIluminatul nostru publicitar cu LED-uri include 50 de diode eficiente care asigur\u0103 o iluminare puternic\u0103, dar care economise\u0219te energie. Acest lucru asigur\u0103 c\u0103 reclamele dvs. sunt bine vizibile, f\u0103r\u0103 costuri opera\u021bionale ridicate.<br \/>\nInstalare u\u0219oar\u0103<br \/>\nIluminatul LED este special conceput pentru sistemele publicitare. Instalarea este extrem de simpl\u0103 \u0219i nu necesit\u0103 niciun instrument. Datorit\u0103 sistemului special de montare, nu trebuie s\u0103 v\u0103 face\u021bi griji cu privire la deteriorarea graficii. Luminile sunt concepute pentru a ilumina \u00een mod optim mesajul dvs. publicitar.<br \/>\nCalitate ridicat\u0103 \u0219i durabilitate<br \/>\nIluminatul nostru cu LED-uri se caracterizeaz\u0103 prin manoper\u0103 de \u00eenalt\u0103 calitate \u0219i durabilitate. Setul include o surs\u0103 de alimentare \u0219i toate accesoriile necesare, asigur\u00e2nd o performan\u021b\u0103 de lung\u0103 durat\u0103 \u0219i fiabil\u0103.<br \/>\nCe este inclus \u00een set?     <\/p>\n<p>Lamp\u0103 LED,<\/p>\n<p>sursa de alimentare.<\/p>\n","protected":false},"excerpt":{"rendered":"<p>Eficien\u021b\u0103 \u0219i economie de energie Iluminatul nostru publicitar cu LED-uri include 50 de diode eficiente care asigur\u0103 o iluminare puternic\u0103, dar care economise\u0219te energie. Acest lucru asigur\u0103 c\u0103 reclamele dvs. sunt bine vizibile, f\u0103r\u0103 costuri opera\u021bionale ridicate. Instalare u\u0219oar\u0103 Iluminatul LED este special conceput pentru sistemele publicitare. Instalarea este extrem de simpl\u0103 \u0219i nu necesit\u0103 [&hellip;]<\/p>\n","protected":false},"featured_media":25819,"comment_status":"closed","ping_status":"open","template":"","meta":{"_seopress_robots_primary_cat":"","_seopress_titles_title":"","_seopress_titles_desc":"","_seopress_robots_index":"","inline_featured_image":false},"product_brand":[],"product_cat":[1052,289],"product_tag":[],"class_list":{"0":"post-13817","1":"product","2":"type-product","3":"status-publish","4":"has-post-thumbnail","6":"product_cat-mframe-sistem-expozitional-modular","7":"product_cat-standuri-de-expozitie","9":"first","10":"instock","11":"purchasable","12":"product-type-simple"},"_links":{"self":[{"href":"https:\/\/expovision.ro\/ro\/wp-json\/wp\/v2\/product\/13817","targetHints":{"allow":["GET"]}}],"collection":[{"href":"https:\/\/expovision.ro\/ro\/wp-json\/wp\/v2\/product"}],"about":[{"href":"https:\/\/expovision.ro\/ro\/wp-json\/wp\/v2\/types\/product"}],"replies":[{"embeddable":true,"href":"https:\/\/expovision.ro\/ro\/wp-json\/wp\/v2\/comments?post=13817"}],"wp:featuredmedia":[{"embeddable":true,"href":"https:\/\/expovision.ro\/ro\/wp-json\/wp\/v2\/media\/25819"}],"wp:attachment":[{"href":"https:\/\/expovision.ro\/ro\/wp-json\/wp\/v2\/media?parent=13817"}],"wp:term":[{"taxonomy":"product_brand","embeddable":true,"href":"https:\/\/expovision.ro\/ro\/wp-json\/wp\/v2\/product_brand?post=13817"},{"taxonomy":"product_cat","embeddable":true,"href":"https:\/\/expovision.ro\/ro\/wp-json\/wp\/v2\/product_cat?post=13817"},{"taxonomy":"product_tag","embeddable":true,"href":"https:\/\/expovision.ro\/ro\/wp-json\/wp\/v2\/product_tag?post=13817"}],"curies":[{"name":"wp","href":"https:\/\/api.w.org\/{rel}","templated":true}]}}