{"id":13813,"date":"2025-10-02T18:48:23","date_gmt":"2025-10-02T15:48:23","guid":{"rendered":"https:\/\/expovision.ro\/product\/adtribune-smart-led-doar-print\/"},"modified":"2025-04-22T19:29:10","modified_gmt":"2025-04-22T16:29:10","slug":"adtribune-smart-led-doar-print","status":"publish","type":"product","link":"https:\/\/expovision.ro\/ro\/produs\/adtribune-smart-led-doar-print\/","title":{"rendered":"adTribune Smart LED doar print"},"content":{"rendered":"<p>Beneficiile standului promo\u021bional AdTribune Smart LED: Standul promo\u021bional AdTribune Smart LED \u00ee\u021bi permite s\u0103 \u00ee\u021bi amenajezi rapid un punct de promovare \u0219i s\u0103 \u00ee\u021bi prezin\u021bi produsele sau serviciile \u00eentr-un mod profesionist \u0219i atractiv. Descoperi\u021bi de ce merit\u0103 s\u0103 investi\u021bi \u00een contorul promo\u021bional Smart LED:<br \/>\nAfi\u0219aj publicitar eficient<br \/>\nGrafica companiei dvs. va fi imprimat\u0103 pe materialul textil care acoper\u0103 contorul promo\u021bional. Folosim imprimarea prin sublimare, asigur\u00e2nd imprim\u0103ri de \u00eenalt\u0103 calitate \u0219i o reproducere excelent\u0103 a culorilor. Ca rezultat, mesajul dvs. promo\u021bional va fi clar vizibil \u0219i se va potrivi bine cu identitatea vizual\u0103 a m\u0103rcii dvs.<br \/>\nPentru ca produsul s\u0103 atrag\u0103 \u0219i mai mult aten\u021bia, cadrul tejghelei este echipat cu lumini LED. Aceste lumini vor ilumina eficient grafica, f\u0103c\u00e2nd \u00eentregul stand mai vizibil. Aceast\u0103 vizibilitate \u00eembun\u0103t\u0103\u021bit\u0103 va atrage mai mult\u0103 aten\u021bie din partea publicului t\u0103u, sporind eficien\u021ba activit\u0103\u021bilor promo\u021bionale.<br \/>\nPrinturi \u00eenlocuibile<br \/>\nDac\u0103 \u00ee\u021bi schimbi conceptul de promovare sau preg\u0103te\u0219ti grafici noi pentru un sezon anume, po\u021bi comanda cu u\u0219urin\u021b\u0103 printuri noi de la noi. Produsele noastre sunt standardizate, astfel \u00eenc\u00e2t noua imprimare se va potrivi structurii existente. Acest lucru \u00eenseamn\u0103 c\u0103 contorul AdTribune Smart LED v\u0103 va fi de folos pentru o perioad\u0103 lung\u0103 de timp \u00een cadrul diferitelor activit\u0103\u021bi promo\u021bionale.<br \/>\nAsamblare rapid\u0103, f\u0103r\u0103 unelte<br \/>\nNu ave\u021bi nevoie de unelte pentru a asambla structura contorului. Componentele cadrului sunt conectate folosind conectori speciali. Acest lucru faciliteaz\u0103 montarea tejghelei, indiferent dac\u0103 v\u0103 deplasa\u021bi la o expozi\u021bie sau la o promo\u021bie \u00een afara loca\u021biei, f\u0103r\u0103 s\u0103 v\u0103 face\u021bi griji cu privire la transportul unei cutii de instrumente.<br \/>\n\u00cen plus, marginile imprimeurilor textile sunt t\u0103iate cu benzi de silicon. Pentru a ata\u0219a grafica la cadru, introduce\u021bi pur \u0219i simplu benzile de silicon \u00een fantele de pe cadru. Este o sarcin\u0103 simpl\u0103 \u0219i intuitiv\u0103 care poate fi efectuat\u0103 rapid.<br \/>\nCe este inclus \u00een set?           <\/p>\n<p>Structur\u0103 stand cu blat superior<\/p>\n<p>Materiale grafice printate<\/p>\n","protected":false},"excerpt":{"rendered":"<p>Beneficiile standului promo\u021bional AdTribune Smart LED: Standul promo\u021bional AdTribune Smart LED \u00ee\u021bi permite s\u0103 \u00ee\u021bi amenajezi rapid un punct de promovare \u0219i s\u0103 \u00ee\u021bi prezin\u021bi produsele sau serviciile \u00eentr-un mod profesionist \u0219i atractiv. Descoperi\u021bi de ce merit\u0103 s\u0103 investi\u021bi \u00een contorul promo\u021bional Smart LED: Afi\u0219aj publicitar eficient Grafica companiei dvs. va fi imprimat\u0103 pe materialul [&hellip;]<\/p>\n","protected":false},"featured_media":23159,"comment_status":"closed","ping_status":"open","template":"","meta":{"_seopress_robots_primary_cat":"","_seopress_titles_title":"","_seopress_titles_desc":"","_seopress_robots_index":"","inline_featured_image":false},"product_brand":[],"product_cat":[1120,1118,84],"product_tag":[],"class_list":{"0":"post-13813","1":"product","2":"type-product","3":"status-publish","4":"has-post-thumbnail","6":"product_cat-adtribune-smart-led-ro","7":"product_cat-stand-led","8":"product_cat-standuri","10":"first","11":"instock","12":"purchasable","13":"product-type-simple"},"_links":{"self":[{"href":"https:\/\/expovision.ro\/ro\/wp-json\/wp\/v2\/product\/13813","targetHints":{"allow":["GET"]}}],"collection":[{"href":"https:\/\/expovision.ro\/ro\/wp-json\/wp\/v2\/product"}],"about":[{"href":"https:\/\/expovision.ro\/ro\/wp-json\/wp\/v2\/types\/product"}],"replies":[{"embeddable":true,"href":"https:\/\/expovision.ro\/ro\/wp-json\/wp\/v2\/comments?post=13813"}],"wp:featuredmedia":[{"embeddable":true,"href":"https:\/\/expovision.ro\/ro\/wp-json\/wp\/v2\/media\/23159"}],"wp:attachment":[{"href":"https:\/\/expovision.ro\/ro\/wp-json\/wp\/v2\/media?parent=13813"}],"wp:term":[{"taxonomy":"product_brand","embeddable":true,"href":"https:\/\/expovision.ro\/ro\/wp-json\/wp\/v2\/product_brand?post=13813"},{"taxonomy":"product_cat","embeddable":true,"href":"https:\/\/expovision.ro\/ro\/wp-json\/wp\/v2\/product_cat?post=13813"},{"taxonomy":"product_tag","embeddable":true,"href":"https:\/\/expovision.ro\/ro\/wp-json\/wp\/v2\/product_tag?post=13813"}],"curies":[{"name":"wp","href":"https:\/\/api.w.org\/{rel}","templated":true}]}}