{"id":13587,"date":"2025-10-02T18:52:16","date_gmt":"2025-10-02T15:52:16","guid":{"rendered":"https:\/\/expovision.ro\/product\/adbox-hit-c\/"},"modified":"2025-04-22T19:48:37","modified_gmt":"2025-04-22T16:48:37","slug":"adbox-hit-c","status":"publish","type":"product","link":"https:\/\/expovision.ro\/ro\/produs\/adbox-hit-c\/","title":{"rendered":"adBox Hit C"},"content":{"rendered":"<p>Care este cel mai bun loc pentru a utiliza un contor promo\u021bional?<\/p>\n<p>Degust\u0103ri \u00een magazin: AdBox Hit C ofer\u0103 spa\u021bii de lucru \u0219i de prezentare separate, fiind perfect pentru degust\u0103ri de produse.<\/p>\n<p>Activit\u0103\u021bi promo\u021bionale: Contorul promo\u021bional v\u0103 ajut\u0103 s\u0103 crea\u021bi o sta\u021bie estetic\u0103 de prezentare a produselor, care va atrage aten\u021bia clien\u021bilor dumneavoastr\u0103.<\/p>\n<p>Expozi\u021bii comerciale: AdBox Hit C iese \u00een eviden\u021b\u0103 prin designul elegant \u0219i func\u021bionalitatea sa, oferind un spa\u021biu profesional de prezentare a ofertelor companiei.<\/p>\n<p>Avantajele modelului adBox Hit C<br \/>\nContorul promo\u021bional adBox Hit C combin\u0103 func\u021bionalitatea cu confortul utilizatorului, f\u0103c\u00e2ndu-l potrivit pentru diverse activit\u0103\u021bi de marketing.<br \/>\nBlat dublu<br \/>\nCu adBox Hit C, pute\u021bi avea grij\u0103 de fiecare detaliu al promo\u021biei dumneavoastr\u0103. Blatul dublu, care separ\u0103 spa\u021biul de lucru de zona de degustare, permite preg\u0103tirea de mostre suplimentare de produse f\u0103r\u0103 a \u00eentrerupe ordinea de pe raftul superior.<br \/>\nMobilitate \u0219i asamblare u\u0219oar\u0103<br \/>\nBlatul adBox Hit C este construit pe o structur\u0103 cu ro\u021bi, permi\u021b\u00e2nd o mi\u0219care u\u0219oar\u0103 \u00een timpul promo\u021biei. \u00cen plus, asamblarea f\u0103r\u0103 scule permite configurarea rapid\u0103 a sta\u021biei de lucru, contribuind la economii semnificative de timp.<br \/>\nImprim\u0103ri de \u00eenalt\u0103 calitate<br \/>\nImprim\u0103rile de pe adBox Hit C sunt protejate de un laminat, oferind o protec\u021bie eficient\u0103 \u00eempotriva murd\u0103riei \u0219i petelor care pot ap\u0103rea \u00een timpul degust\u0103rilor \u0219i manipul\u0103rii produselor. Astfel, standul dvs. va ar\u0103ta mereu proasp\u0103t \u0219i profesional. \u00cen plus, printurile sunt montate cu Velcro, permi\u021b\u00e2nd schimbarea graficii \u00een orice moment.<br \/>\nCe include setul?<\/p>\n<p>cadru din aluminiu pe ro\u021bi,<\/p>\n<p>blat de bord mobilier \u0219i raft,<\/p>\n<p>imprimare cu folie laminat\u0103,<\/p>\n<p>geant\u0103 de transport.<\/p>\n","protected":false},"excerpt":{"rendered":"<p>Care este cel mai bun loc pentru a utiliza un contor promo\u021bional? Degust\u0103ri \u00een magazin: AdBox Hit C ofer\u0103 spa\u021bii de lucru \u0219i de prezentare separate, fiind perfect pentru degust\u0103ri de produse. Activit\u0103\u021bi promo\u021bionale: Contorul promo\u021bional v\u0103 ajut\u0103 s\u0103 crea\u021bi o sta\u021bie estetic\u0103 de prezentare a produselor, care va atrage aten\u021bia clien\u021bilor dumneavoastr\u0103. Expozi\u021bii comerciale: [&hellip;]<\/p>\n","protected":false},"featured_media":23271,"comment_status":"closed","ping_status":"open","template":"","meta":{"_seopress_robots_primary_cat":"","_seopress_titles_title":"","_seopress_titles_desc":"","_seopress_robots_index":"","inline_featured_image":false},"product_brand":[],"product_cat":[1128,1124,84],"product_tag":[],"class_list":{"0":"post-13587","1":"product","2":"type-product","3":"status-publish","4":"has-post-thumbnail","6":"product_cat-standuri-de-degustare-ro","7":"product_cat-adbox-hit-c-ro-2","8":"product_cat-standuri","10":"first","11":"instock","12":"purchasable","13":"product-type-simple"},"_links":{"self":[{"href":"https:\/\/expovision.ro\/ro\/wp-json\/wp\/v2\/product\/13587","targetHints":{"allow":["GET"]}}],"collection":[{"href":"https:\/\/expovision.ro\/ro\/wp-json\/wp\/v2\/product"}],"about":[{"href":"https:\/\/expovision.ro\/ro\/wp-json\/wp\/v2\/types\/product"}],"replies":[{"embeddable":true,"href":"https:\/\/expovision.ro\/ro\/wp-json\/wp\/v2\/comments?post=13587"}],"wp:featuredmedia":[{"embeddable":true,"href":"https:\/\/expovision.ro\/ro\/wp-json\/wp\/v2\/media\/23271"}],"wp:attachment":[{"href":"https:\/\/expovision.ro\/ro\/wp-json\/wp\/v2\/media?parent=13587"}],"wp:term":[{"taxonomy":"product_brand","embeddable":true,"href":"https:\/\/expovision.ro\/ro\/wp-json\/wp\/v2\/product_brand?post=13587"},{"taxonomy":"product_cat","embeddable":true,"href":"https:\/\/expovision.ro\/ro\/wp-json\/wp\/v2\/product_cat?post=13587"},{"taxonomy":"product_tag","embeddable":true,"href":"https:\/\/expovision.ro\/ro\/wp-json\/wp\/v2\/product_tag?post=13587"}],"curies":[{"name":"wp","href":"https:\/\/api.w.org\/{rel}","templated":true}]}}