{"id":13402,"date":"2025-10-03T12:50:42","date_gmt":"2025-10-03T09:50:42","guid":{"rendered":"https:\/\/expovision.ro\/product\/lampa-led-116-argintiu\/"},"modified":"2025-09-29T02:34:28","modified_gmt":"2025-09-28T23:34:28","slug":"lampa-led-116-argintiu","status":"publish","type":"product","link":"https:\/\/expovision.ro\/ro\/produs\/lampa-led-116-argintiu\/","title":{"rendered":"Lamp\u0103 LED 116 argintiu"},"content":{"rendered":"<p>Vizibilitate \u00eembun\u0103t\u0103\u021bit\u0103 a reclamei<br \/>\nIluminatul LED modern este o solu\u021bie care ofer\u0103 un plus de vizibilitate afacerii dvs. \u0219i atrage aten\u021bia clien\u021bilor. Lampa este disponibil\u0103 \u00een dou\u0103 op\u021biuni de culoare elegante &#8211; argintiu \u0219i negru. \u00cel pute\u021bi asorta cu punctul dvs. de v\u00e2nzare sau cu mesajul publicitar.<br \/>\nInstalare u\u0219oar\u0103<br \/>\nIluminatul publicitar cu LED este proiectat pentru o instalare u\u0219oar\u0103. Datorit\u0103 sistemului de montare, instalarea este rapid\u0103 \u0219i f\u0103r\u0103 unelte. Nu trebuie s\u0103 v\u0103 face\u021bi griji cu privire la deteriorarea graficii &#8211; lampa nu interfereaz\u0103 cu materialul textil.<br \/>\nDiode LED eficiente<br \/>\nLampa con\u021bine 116 diode LED extrem de eficiente care ofer\u0103 lumin\u0103 neutr\u0103 cu o temperatur\u0103 alb\u0103 rece. Ca rezultat, reclamele dvs. vor fi \u00eentotdeauna clare \u0219i atractive.     <\/p>\n","protected":false},"excerpt":{"rendered":"<p>Vizibilitate \u00eembun\u0103t\u0103\u021bit\u0103 a reclamei Iluminatul LED modern este o solu\u021bie care ofer\u0103 un plus de vizibilitate afacerii dvs. \u0219i atrage aten\u021bia clien\u021bilor. Lampa este disponibil\u0103 \u00een dou\u0103 op\u021biuni de culoare elegante &#8211; argintiu \u0219i negru. \u00cel pute\u021bi asorta cu punctul dvs. de v\u00e2nzare sau cu mesajul publicitar. Instalare u\u0219oar\u0103 Iluminatul publicitar cu LED este proiectat [&hellip;]<\/p>\n","protected":false},"featured_media":25817,"comment_status":"closed","ping_status":"open","template":"","meta":{"_seopress_robots_primary_cat":"","_seopress_titles_title":"","_seopress_titles_desc":"","_seopress_robots_index":"","inline_featured_image":false},"product_brand":[],"product_cat":[1052,289],"product_tag":[],"class_list":{"0":"post-13402","1":"product","2":"type-product","3":"status-publish","4":"has-post-thumbnail","6":"product_cat-mframe-sistem-expozitional-modular","7":"product_cat-standuri-de-expozitie","9":"first","10":"instock","11":"purchasable","12":"product-type-simple"},"_links":{"self":[{"href":"https:\/\/expovision.ro\/ro\/wp-json\/wp\/v2\/product\/13402","targetHints":{"allow":["GET"]}}],"collection":[{"href":"https:\/\/expovision.ro\/ro\/wp-json\/wp\/v2\/product"}],"about":[{"href":"https:\/\/expovision.ro\/ro\/wp-json\/wp\/v2\/types\/product"}],"replies":[{"embeddable":true,"href":"https:\/\/expovision.ro\/ro\/wp-json\/wp\/v2\/comments?post=13402"}],"wp:featuredmedia":[{"embeddable":true,"href":"https:\/\/expovision.ro\/ro\/wp-json\/wp\/v2\/media\/25817"}],"wp:attachment":[{"href":"https:\/\/expovision.ro\/ro\/wp-json\/wp\/v2\/media?parent=13402"}],"wp:term":[{"taxonomy":"product_brand","embeddable":true,"href":"https:\/\/expovision.ro\/ro\/wp-json\/wp\/v2\/product_brand?post=13402"},{"taxonomy":"product_cat","embeddable":true,"href":"https:\/\/expovision.ro\/ro\/wp-json\/wp\/v2\/product_cat?post=13402"},{"taxonomy":"product_tag","embeddable":true,"href":"https:\/\/expovision.ro\/ro\/wp-json\/wp\/v2\/product_tag?post=13402"}],"curies":[{"name":"wp","href":"https:\/\/api.w.org\/{rel}","templated":true}]}}