{"id":13397,"date":"2025-10-03T12:50:55","date_gmt":"2025-10-03T09:50:55","guid":{"rendered":"https:\/\/expovision.ro\/product\/lampa-led-116-negru\/"},"modified":"2025-09-29T02:35:03","modified_gmt":"2025-09-28T23:35:03","slug":"lampa-led-116-negru","status":"publish","type":"product","link":"https:\/\/expovision.ro\/ro\/produs\/lampa-led-116-negru\/","title":{"rendered":"Lamp\u0103 LED 116 negru"},"content":{"rendered":"<p>Vizibilitate \u00eembun\u0103t\u0103\u021bit\u0103<br \/>\nLED Lighting 116 Black este un accesoriu cheie care cre\u0219te vizibilitatea mesajului dvs. \u0219i atrage aten\u021bia poten\u021bialilor clien\u021bi. Acest lucru face ca materialele dvs. promo\u021bionale s\u0103 fie mai izbitoare, duc\u00e2nd la un interes mai mare pentru ofertele dvs.<br \/>\nInstalare u\u0219oar\u0103<br \/>\nIluminatul nostru cu LED este proiectat pentru o instalare u\u0219oar\u0103. Nu sunt necesare unelte, iar cu sursa de alimentare inclus\u0103, configurarea este rapid\u0103 \u0219i f\u0103r\u0103 complica\u021bii. Pute\u021bi monta lampa \u00een c\u00e2teva minute \u0219i v\u0103 pute\u021bi bucura de o iluminare excelent\u0103 pentru publicitatea dvs.<br \/>\nDiode LED eficiente<br \/>\nLampa con\u021bine 116 diode LED foarte eficiente care ofer\u0103 lumin\u0103 neutr\u0103 cu o temperatur\u0103 alb\u0103 rece. Acest lucru asigur\u0103 o iluminare luminoas\u0103 \u0219i uniform\u0103, perfect\u0103 pentru prezentarea reclamei dvs. \u00een orice situa\u021bie.    <\/p>\n","protected":false},"excerpt":{"rendered":"<p>Vizibilitate \u00eembun\u0103t\u0103\u021bit\u0103 LED Lighting 116 Black este un accesoriu cheie care cre\u0219te vizibilitatea mesajului dvs. \u0219i atrage aten\u021bia poten\u021bialilor clien\u021bi. Acest lucru face ca materialele dvs. promo\u021bionale s\u0103 fie mai izbitoare, duc\u00e2nd la un interes mai mare pentru ofertele dvs. Instalare u\u0219oar\u0103 Iluminatul nostru cu LED este proiectat pentru o instalare u\u0219oar\u0103. Nu sunt necesare [&hellip;]<\/p>\n","protected":false},"featured_media":25817,"comment_status":"closed","ping_status":"open","template":"","meta":{"_seopress_robots_primary_cat":"","_seopress_titles_title":"","_seopress_titles_desc":"","_seopress_robots_index":"","inline_featured_image":false},"product_brand":[],"product_cat":[1052,289],"product_tag":[],"class_list":{"0":"post-13397","1":"product","2":"type-product","3":"status-publish","4":"has-post-thumbnail","6":"product_cat-mframe-sistem-expozitional-modular","7":"product_cat-standuri-de-expozitie","9":"first","10":"instock","11":"purchasable","12":"product-type-simple"},"_links":{"self":[{"href":"https:\/\/expovision.ro\/ro\/wp-json\/wp\/v2\/product\/13397","targetHints":{"allow":["GET"]}}],"collection":[{"href":"https:\/\/expovision.ro\/ro\/wp-json\/wp\/v2\/product"}],"about":[{"href":"https:\/\/expovision.ro\/ro\/wp-json\/wp\/v2\/types\/product"}],"replies":[{"embeddable":true,"href":"https:\/\/expovision.ro\/ro\/wp-json\/wp\/v2\/comments?post=13397"}],"wp:featuredmedia":[{"embeddable":true,"href":"https:\/\/expovision.ro\/ro\/wp-json\/wp\/v2\/media\/25817"}],"wp:attachment":[{"href":"https:\/\/expovision.ro\/ro\/wp-json\/wp\/v2\/media?parent=13397"}],"wp:term":[{"taxonomy":"product_brand","embeddable":true,"href":"https:\/\/expovision.ro\/ro\/wp-json\/wp\/v2\/product_brand?post=13397"},{"taxonomy":"product_cat","embeddable":true,"href":"https:\/\/expovision.ro\/ro\/wp-json\/wp\/v2\/product_cat?post=13397"},{"taxonomy":"product_tag","embeddable":true,"href":"https:\/\/expovision.ro\/ro\/wp-json\/wp\/v2\/product_tag?post=13397"}],"curies":[{"name":"wp","href":"https:\/\/api.w.org\/{rel}","templated":true}]}}