{"id":7651,"date":"2020-10-09T13:39:05","date_gmt":"2020-10-09T10:39:05","guid":{"rendered":"https:\/\/expovision.ro\/despre\/"},"modified":"2025-05-28T09:44:17","modified_gmt":"2025-05-28T06:44:17","slug":"despre","status":"publish","type":"page","link":"https:\/\/expovision.ro\/ro\/despre\/","title":{"rendered":"Despre"},"content":{"rendered":"\t\t<div data-elementor-type=\"wp-post\" data-elementor-id=\"7651\" class=\"elementor elementor-7651 elementor-1004\">\n\t\t\t\t\t\t<section class=\"elementor-section elementor-top-section elementor-element elementor-element-28d7a9a8 elementor-section-stretched elementor-section-boxed elementor-section-height-default elementor-section-height-default\" data-id=\"28d7a9a8\" data-element_type=\"section\" data-settings=\"{&quot;stretch_section&quot;:&quot;section-stretched&quot;,&quot;background_background&quot;:&quot;classic&quot;}\">\n\t\t\t\t\t\t<div class=\"elementor-container elementor-column-gap-no\">\n\t\t\t\t\t<div class=\"elementor-column elementor-col-100 elementor-top-column elementor-element elementor-element-585bfc6d\" data-id=\"585bfc6d\" data-element_type=\"column\">\n\t\t\t<div class=\"elementor-widget-wrap elementor-element-populated\">\n\t\t\t\t\t\t<section class=\"elementor-section elementor-inner-section elementor-element elementor-element-35cbf0ea elementor-section-boxed elementor-section-height-default elementor-section-height-default\" data-id=\"35cbf0ea\" data-element_type=\"section\">\n\t\t\t\t\t\t<div class=\"elementor-container elementor-column-gap-default\">\n\t\t\t\t\t<div class=\"elementor-column elementor-col-50 elementor-inner-column elementor-element elementor-element-26a1609a\" data-id=\"26a1609a\" data-element_type=\"column\">\n\t\t\t<div class=\"elementor-widget-wrap elementor-element-populated\">\n\t\t\t\t\t\t<div class=\"elementor-element elementor-element-64a60170 elementor-invisible elementor-widget elementor-widget-heading\" data-id=\"64a60170\" data-element_type=\"widget\" data-settings=\"{&quot;_animation&quot;:&quot;fadeInUp&quot;}\" data-widget_type=\"heading.default\">\n\t\t\t\t<div class=\"elementor-widget-container\">\n\t\t\t\t\t<h1 class=\"elementor-heading-title elementor-size-default\">Despre noi<\/h1>\t\t\t\t<\/div>\n\t\t\t\t<\/div>\n\t\t\t\t<div class=\"elementor-element elementor-element-3a6d1332 elementor-invisible elementor-widget elementor-widget-heading\" data-id=\"3a6d1332\" data-element_type=\"widget\" data-settings=\"{&quot;_animation&quot;:&quot;fadeInDown&quot;}\" data-widget_type=\"heading.default\">\n\t\t\t\t<div class=\"elementor-widget-container\">\n\t\t\t\t\t<h2 class=\"elementor-heading-title elementor-size-default\">Suntem un brand care s-a n\u0103scut \u00een mama natur\u0103. Este timpul s\u0103 cre\u0103m un nou sentiment. <\/h2>\t\t\t\t<\/div>\n\t\t\t\t<\/div>\n\t\t\t\t\t<\/div>\n\t\t<\/div>\n\t\t\t\t<div class=\"elementor-column elementor-col-50 elementor-inner-column elementor-element elementor-element-bf6295e\" data-id=\"bf6295e\" data-element_type=\"column\">\n\t\t\t<div class=\"elementor-widget-wrap\">\n\t\t\t\t\t\t\t<\/div>\n\t\t<\/div>\n\t\t\t\t\t<\/div>\n\t\t<\/section>\n\t\t\t\t\t<\/div>\n\t\t<\/div>\n\t\t\t\t\t<\/div>\n\t\t<\/section>\n\t\t\t\t<section class=\"elementor-section elementor-top-section elementor-element elementor-element-983905d elementor-section-boxed elementor-section-height-default elementor-section-height-default\" data-id=\"983905d\" data-element_type=\"section\">\n\t\t\t\t\t\t<div class=\"elementor-container elementor-column-gap-wider\">\n\t\t\t\t\t<div class=\"elementor-column elementor-col-50 elementor-top-column elementor-element elementor-element-7310116 elementor-invisible\" data-id=\"7310116\" data-element_type=\"column\" data-settings=\"{&quot;animation&quot;:&quot;fadeIn&quot;}\">\n\t\t\t<div class=\"elementor-widget-wrap elementor-element-populated\">\n\t\t\t\t\t\t<div class=\"elementor-element elementor-element-5867941f elementor-widget elementor-widget-heading\" data-id=\"5867941f\" data-element_type=\"widget\" data-widget_type=\"heading.default\">\n\t\t\t\t<div class=\"elementor-widget-container\">\n\t\t\t\t\t<h6 class=\"elementor-heading-title elementor-size-default\">Dup\u0103 analizarea alternativelor<\/h6>\t\t\t\t<\/div>\n\t\t\t\t<\/div>\n\t\t\t\t<div class=\"elementor-element elementor-element-3d3af9e7 title-left elementor-widget elementor-widget-heading\" data-id=\"3d3af9e7\" data-element_type=\"widget\" data-widget_type=\"heading.default\">\n\t\t\t\t<div class=\"elementor-widget-container\">\n\t\t\t\t\t<h2 class=\"elementor-heading-title elementor-size-default\">C\u0103l\u0103toria noastr\u0103 a \u00eenceput \u00een 2018<\/h2>\t\t\t\t<\/div>\n\t\t\t\t<\/div>\n\t\t\t\t<div class=\"elementor-element elementor-element-e710402 elementor-widget elementor-widget-text-editor\" data-id=\"e710402\" data-element_type=\"widget\" data-widget_type=\"text-editor.default\">\n\t\t\t\t<div class=\"elementor-widget-container\">\n\t\t\t\t\t\t\t\t\t<p>Sinth kickstarter carte de colorat presat la rece fanny pack om bun barb\u0103. Ma\u0219in\u0103 de scris ironie fingerstache, synth gentrify helvetica skateboard cred wayfarers suculente tumeric. bec edison semiotic\u0103 cornhole raclette. Normcore wayfarers PBR&amp;B, bicycle rights quinoa 3 wolf moon neutra man braid you probably haven&#8217;t heard of them.   <\/p>\t\t\t\t\t\t\t\t<\/div>\n\t\t\t\t<\/div>\n\t\t\t\t\t<\/div>\n\t\t<\/div>\n\t\t\t\t<div class=\"elementor-column elementor-col-50 elementor-top-column elementor-element elementor-element-34c609e elementor-invisible\" data-id=\"34c609e\" data-element_type=\"column\" data-settings=\"{&quot;animation&quot;:&quot;fadeIn&quot;,&quot;animation_delay&quot;:200}\">\n\t\t\t<div class=\"elementor-widget-wrap elementor-element-populated\">\n\t\t\t\t\t\t<div class=\"elementor-element elementor-element-c04a566 animated-fast elementor-invisible elementor-widget elementor-widget-image\" data-id=\"c04a566\" data-element_type=\"widget\" data-settings=\"{&quot;_animation&quot;:&quot;fadeIn&quot;}\" data-widget_type=\"image.default\">\n\t\t\t\t<div class=\"elementor-widget-container\">\n\t\t\t\t\t\t\t\t\t\t\t\t\t\t\t<img alt=\"\" fetchpriority=\"high\" decoding=\"async\" width=\"1000\" height=\"720\" src=\"https:\/\/expovision.ro\/wp-content\/uploads\/image-2249.jpeg\" class=\"attachment-large size-large wp-image-21185\" alt=\"\" srcset=\"https:\/\/expovision.ro\/wp-content\/uploads\/image-2249.jpeg 1000w, https:\/\/expovision.ro\/wp-content\/uploads\/image-2249-480x346.jpeg 480w, https:\/\/expovision.ro\/wp-content\/uploads\/image-2249-768x553.jpeg 768w, https:\/\/expovision.ro\/wp-content\/uploads\/image-2249-990x713.jpeg 990w, https:\/\/expovision.ro\/wp-content\/uploads\/image-2249-441x318.jpeg 441w, https:\/\/expovision.ro\/wp-content\/uploads\/image-2249-800x576.jpeg 800w, https:\/\/expovision.ro\/wp-content\/uploads\/image-2249-150x108.jpeg 150w\" sizes=\"(max-width: 1000px) 100vw, 1000px\" \/>\t\t\t\t\t\t\t\t\t\t\t\t\t\t\t<\/div>\n\t\t\t\t<\/div>\n\t\t\t\t\t<\/div>\n\t\t<\/div>\n\t\t\t\t\t<\/div>\n\t\t<\/section>\n\t\t\t\t<section class=\"elementor-section elementor-top-section elementor-element elementor-element-bb36c6f elementor-section-boxed elementor-section-height-default elementor-section-height-default\" data-id=\"bb36c6f\" data-element_type=\"section\">\n\t\t\t\t\t\t<div class=\"elementor-container elementor-column-gap-wider\">\n\t\t\t\t\t<div class=\"elementor-column elementor-col-50 elementor-top-column elementor-element elementor-element-2880450 elementor-invisible\" data-id=\"2880450\" data-element_type=\"column\" data-settings=\"{&quot;animation&quot;:&quot;fadeIn&quot;}\">\n\t\t\t<div class=\"elementor-widget-wrap elementor-element-populated\">\n\t\t\t\t\t\t<div class=\"elementor-element elementor-element-db9c3d4 animated-fast elementor-invisible elementor-widget elementor-widget-image\" data-id=\"db9c3d4\" data-element_type=\"widget\" data-settings=\"{&quot;_animation&quot;:&quot;fadeIn&quot;}\" data-widget_type=\"image.default\">\n\t\t\t\t<div class=\"elementor-widget-container\">\n\t\t\t\t\t\t\t\t\t\t\t\t\t\t\t<img alt=\"\" decoding=\"async\" width=\"1000\" height=\"706\" src=\"https:\/\/expovision.ro\/wp-content\/uploads\/image-2158.jpeg\" class=\"attachment-large size-large wp-image-20539\" alt=\"\" srcset=\"https:\/\/expovision.ro\/wp-content\/uploads\/image-2158.jpeg 1000w, https:\/\/expovision.ro\/wp-content\/uploads\/image-2158-480x339.jpeg 480w, https:\/\/expovision.ro\/wp-content\/uploads\/image-2158-768x542.jpeg 768w, https:\/\/expovision.ro\/wp-content\/uploads\/image-2158-990x699.jpeg 990w, https:\/\/expovision.ro\/wp-content\/uploads\/image-2158-441x311.jpeg 441w, https:\/\/expovision.ro\/wp-content\/uploads\/image-2158-800x565.jpeg 800w, https:\/\/expovision.ro\/wp-content\/uploads\/image-2158-150x106.jpeg 150w\" sizes=\"(max-width: 1000px) 100vw, 1000px\" \/>\t\t\t\t\t\t\t\t\t\t\t\t\t\t\t<\/div>\n\t\t\t\t<\/div>\n\t\t\t\t\t<\/div>\n\t\t<\/div>\n\t\t\t\t<div class=\"elementor-column elementor-col-50 elementor-top-column elementor-element elementor-element-7899afa elementor-invisible\" data-id=\"7899afa\" data-element_type=\"column\" data-settings=\"{&quot;animation&quot;:&quot;fadeIn&quot;,&quot;animation_delay&quot;:200}\">\n\t\t\t<div class=\"elementor-widget-wrap elementor-element-populated\">\n\t\t\t\t\t\t<div class=\"elementor-element elementor-element-247d076 elementor-widget elementor-widget-heading\" data-id=\"247d076\" data-element_type=\"widget\" data-widget_type=\"heading.default\">\n\t\t\t\t<div class=\"elementor-widget-container\">\n\t\t\t\t\t<h6 class=\"elementor-heading-title elementor-size-default\">O potrivire perfect\u0103 pentru via\u021ba ta de zi cu zi<\/h6>\t\t\t\t<\/div>\n\t\t\t\t<\/div>\n\t\t\t\t<div class=\"elementor-element elementor-element-af7dfd6 title-right elementor-widget elementor-widget-heading\" data-id=\"af7dfd6\" data-element_type=\"widget\" data-widget_type=\"heading.default\">\n\t\t\t\t<div class=\"elementor-widget-container\">\n\t\t\t\t\t<h2 class=\"elementor-heading-title elementor-size-default\">Conceput pentru a fi versatil<\/h2>\t\t\t\t<\/div>\n\t\t\t\t<\/div>\n\t\t\t\t<div class=\"elementor-element elementor-element-04da751 elementor-widget elementor-widget-text-editor\" data-id=\"04da751\" data-element_type=\"widget\" data-widget_type=\"text-editor.default\">\n\t\t\t\t<div class=\"elementor-widget-container\">\n\t\t\t\t\t\t\t\t\t<p>Austin cloud bread pug, carte de colorat palo santo XOXO c\u0103rbune activ tbh. Cold-pressed kickstarter YOLO carte de colorat organic, vinil vexillologist unicorn master cleanse microdozare godard. Banh mi banjo godard, la croix portland offal medita\u021bie live-edge af tatuat.    <\/p>\t\t\t\t\t\t\t\t<\/div>\n\t\t\t\t<\/div>\n\t\t\t\t\t<\/div>\n\t\t<\/div>\n\t\t\t\t\t<\/div>\n\t\t<\/section>\n\t\t\t\t<section class=\"elementor-section elementor-top-section elementor-element elementor-element-338b57d elementor-section-boxed elementor-section-height-default elementor-section-height-default\" data-id=\"338b57d\" data-element_type=\"section\">\n\t\t\t\t\t\t<div class=\"elementor-container elementor-column-gap-wider\">\n\t\t\t\t\t<div class=\"elementor-column elementor-col-50 elementor-top-column elementor-element elementor-element-e30bac7 elementor-invisible\" data-id=\"e30bac7\" data-element_type=\"column\" data-settings=\"{&quot;animation&quot;:&quot;fadeIn&quot;}\">\n\t\t\t<div class=\"elementor-widget-wrap elementor-element-populated\">\n\t\t\t\t\t\t<div class=\"elementor-element elementor-element-b8a7ac1 elementor-widget elementor-widget-heading\" data-id=\"b8a7ac1\" data-element_type=\"widget\" data-widget_type=\"heading.default\">\n\t\t\t\t<div class=\"elementor-widget-container\">\n\t\t\t\t\t<h6 class=\"elementor-heading-title elementor-size-default\">Simplitate \u00een design \u0219i form\u0103<\/h6>\t\t\t\t<\/div>\n\t\t\t\t<\/div>\n\t\t\t\t<div class=\"elementor-element elementor-element-f97861c title-left elementor-widget elementor-widget-heading\" data-id=\"f97861c\" data-element_type=\"widget\" data-widget_type=\"heading.default\">\n\t\t\t\t<div class=\"elementor-widget-container\">\n\t\t\t\t\t<h2 class=\"elementor-heading-title elementor-size-default\">Suntem abia la \u00eenceput<\/h2>\t\t\t\t<\/div>\n\t\t\t\t<\/div>\n\t\t\t\t<div class=\"elementor-element elementor-element-740daea elementor-widget elementor-widget-text-editor\" data-id=\"740daea\" data-element_type=\"widget\" data-widget_type=\"text-editor.default\">\n\t\t\t\t<div class=\"elementor-widget-container\">\n\t\t\t\t\t\t\t\t\t<p>Letterpress fam meh bec cu edison, glossier gastropub f\u0103r\u0103 gluten \u00eentrerupe\u021bi taxidermia r\u0103v\u0103\u0219it\u0103 food truck knausgaard live-edge. Tumblr celiac flanel mumblecore gluten-free everyday carry. Fixie kitsch wayfarers dream roof party craft beer salvia knausgaard franzen. Beard XOXO listicle, vaporware trust fund shaman cred.   <\/p>\t\t\t\t\t\t\t\t<\/div>\n\t\t\t\t<\/div>\n\t\t\t\t\t<\/div>\n\t\t<\/div>\n\t\t\t\t<div class=\"elementor-column elementor-col-50 elementor-top-column elementor-element elementor-element-4938926 elementor-invisible\" data-id=\"4938926\" data-element_type=\"column\" data-settings=\"{&quot;animation&quot;:&quot;fadeIn&quot;,&quot;animation_delay&quot;:200}\">\n\t\t\t<div class=\"elementor-widget-wrap elementor-element-populated\">\n\t\t\t\t\t\t<div class=\"elementor-element elementor-element-af85d13 animated-fast elementor-invisible elementor-widget elementor-widget-image\" data-id=\"af85d13\" data-element_type=\"widget\" data-settings=\"{&quot;_animation&quot;:&quot;fadeIn&quot;}\" data-widget_type=\"image.default\">\n\t\t\t\t<div class=\"elementor-widget-container\">\n\t\t\t\t\t\t\t\t\t\t\t\t\t\t\t<img alt=\"\" decoding=\"async\" width=\"1000\" height=\"1000\" src=\"https:\/\/expovision.ro\/wp-content\/uploads\/image-190.jpeg\" class=\"attachment-large size-large wp-image-1179\" alt=\"\" srcset=\"https:\/\/expovision.ro\/wp-content\/uploads\/image-190.jpeg 1000w, https:\/\/expovision.ro\/wp-content\/uploads\/image-190-300x300.jpeg 300w, https:\/\/expovision.ro\/wp-content\/uploads\/image-190-150x150.jpeg 150w, https:\/\/expovision.ro\/wp-content\/uploads\/image-190-800x800.jpeg 800w, https:\/\/expovision.ro\/wp-content\/uploads\/image-190-480x480.jpeg 480w, https:\/\/expovision.ro\/wp-content\/uploads\/image-190-768x768.jpeg 768w\" sizes=\"(max-width: 1000px) 100vw, 1000px\" \/>\t\t\t\t\t\t\t\t\t\t\t\t\t\t\t<\/div>\n\t\t\t\t<\/div>\n\t\t\t\t\t<\/div>\n\t\t<\/div>\n\t\t\t\t\t<\/div>\n\t\t<\/section>\n\t\t\t\t<section class=\"elementor-section elementor-top-section elementor-element elementor-element-8d18835 elementor-section-stretched elementor-section-boxed elementor-section-height-default elementor-section-height-default\" data-id=\"8d18835\" data-element_type=\"section\" data-settings=\"{&quot;stretch_section&quot;:&quot;section-stretched&quot;,&quot;background_background&quot;:&quot;classic&quot;}\">\n\t\t\t\t\t\t\t<div class=\"elementor-background-overlay\"><\/div>\n\t\t\t\t\t\t\t<div class=\"elementor-container elementor-column-gap-wide\">\n\t\t\t\t\t<div class=\"elementor-column elementor-col-50 elementor-top-column elementor-element elementor-element-de56df4\" data-id=\"de56df4\" data-element_type=\"column\">\n\t\t\t<div class=\"elementor-widget-wrap elementor-element-populated\">\n\t\t\t\t\t\t<div class=\"elementor-element elementor-element-92e1cf0 animated-fast elementor-invisible elementor-widget elementor-widget-testimonial\" data-id=\"92e1cf0\" data-element_type=\"widget\" data-settings=\"{&quot;_animation&quot;:&quot;fadeIn&quot;}\" data-widget_type=\"testimonial.default\">\n\t\t\t\t<div class=\"elementor-widget-container\">\n\t\t\t\t\t\t\t<div class=\"elementor-testimonial-wrapper\">\n\t\t\t\t\t\t\t<div class=\"elementor-testimonial-content\">Sunt at\u00e2t de mul\u021bumit\u0103 de serviciul de la Shoptimizer - comanda mea a fost livrat\u0103 \u00een 48 de ore, iar g\u00e2ndirea \u0219i grija pe care le pun \u00een produsele lor chiar iese \u00een eviden\u021b\u0103. \u00cen plus, suportul lor este pur \u0219i simplu minunat! <\/div>\n\t\t\t\n\t\t\t\t\t\t<div class=\"elementor-testimonial-meta elementor-has-image elementor-testimonial-image-position-aside\">\n\t\t\t\t<div class=\"elementor-testimonial-meta-inner\">\n\t\t\t\t\t\t\t\t\t\t\t<div class=\"elementor-testimonial-image\">\n\t\t\t\t\t\t\t<img alt=\"\" loading=\"lazy\" decoding=\"async\" width=\"1000\" height=\"1000\" src=\"https:\/\/expovision.ro\/wp-content\/uploads\/image-139.jpeg\" class=\"attachment-full size-full wp-image-968\" alt=\"\" srcset=\"https:\/\/expovision.ro\/wp-content\/uploads\/image-139.jpeg 1000w, https:\/\/expovision.ro\/wp-content\/uploads\/image-139-300x300.jpeg 300w, https:\/\/expovision.ro\/wp-content\/uploads\/image-139-150x150.jpeg 150w, https:\/\/expovision.ro\/wp-content\/uploads\/image-139-800x800.jpeg 800w, https:\/\/expovision.ro\/wp-content\/uploads\/image-139-480x480.jpeg 480w, https:\/\/expovision.ro\/wp-content\/uploads\/image-139-768x768.jpeg 768w\" sizes=\"(max-width: 1000px) 100vw, 1000px\" \/>\t\t\t\t\t\t<\/div>\n\t\t\t\t\t\n\t\t\t\t\t\t\t\t\t\t<div class=\"elementor-testimonial-details\">\n\t\t\t\t\t\t\t\t\t\t\t\t\t\t<div class=\"elementor-testimonial-name\">Sean Walsh<\/div>\n\t\t\t\t\t\t\t\t\t\t\t\t\t\t\t\t\t\t\t\t\t\t<div class=\"elementor-testimonial-job\">Londra, Marea Britanie<\/div>\n\t\t\t\t\t\t\t\t\t\t\t\t\t<\/div>\n\t\t\t\t\t\t\t\t\t<\/div>\n\t\t\t<\/div>\n\t\t\t\t\t<\/div>\n\t\t\t\t\t\t<\/div>\n\t\t\t\t<\/div>\n\t\t\t\t\t<\/div>\n\t\t<\/div>\n\t\t\t\t<div class=\"elementor-column elementor-col-50 elementor-top-column elementor-element elementor-element-fd35242\" data-id=\"fd35242\" data-element_type=\"column\">\n\t\t\t<div class=\"elementor-widget-wrap elementor-element-populated\">\n\t\t\t\t\t\t<div class=\"elementor-element elementor-element-5c4e41d animated-fast elementor-invisible elementor-widget elementor-widget-testimonial\" data-id=\"5c4e41d\" data-element_type=\"widget\" data-settings=\"{&quot;_animation&quot;:&quot;fadeIn&quot;,&quot;_animation_delay&quot;:200}\" data-widget_type=\"testimonial.default\">\n\t\t\t\t<div class=\"elementor-widget-container\">\n\t\t\t\t\t\t\t<div class=\"elementor-testimonial-wrapper\">\n\t\t\t\t\t\t\t<div class=\"elementor-testimonial-content\">Top fabulos cump\u0103rat ca un cadou de ziua de na\u0219tere pentru un prieten care \u00eel poart\u0103 aproape \u00een fiecare zi. Ambalaj inteligent care arat\u0103 interesant \u0219i special. Foarte bun la livrare. \u00cel voi cump\u0103ra din nou ca cadou \u0219i pentru mine!   <\/div>\n\t\t\t\n\t\t\t\t\t\t<div class=\"elementor-testimonial-meta elementor-has-image elementor-testimonial-image-position-aside\">\n\t\t\t\t<div class=\"elementor-testimonial-meta-inner\">\n\t\t\t\t\t\t\t\t\t\t\t<div class=\"elementor-testimonial-image\">\n\t\t\t\t\t\t\t<img alt=\"\" loading=\"lazy\" decoding=\"async\" width=\"1000\" height=\"1000\" src=\"https:\/\/expovision.ro\/wp-content\/uploads\/image-139.jpeg\" class=\"attachment-full size-full wp-image-968\" alt=\"\" srcset=\"https:\/\/expovision.ro\/wp-content\/uploads\/image-139.jpeg 1000w, https:\/\/expovision.ro\/wp-content\/uploads\/image-139-300x300.jpeg 300w, https:\/\/expovision.ro\/wp-content\/uploads\/image-139-150x150.jpeg 150w, https:\/\/expovision.ro\/wp-content\/uploads\/image-139-800x800.jpeg 800w, https:\/\/expovision.ro\/wp-content\/uploads\/image-139-480x480.jpeg 480w, https:\/\/expovision.ro\/wp-content\/uploads\/image-139-768x768.jpeg 768w\" sizes=\"(max-width: 1000px) 100vw, 1000px\" \/>\t\t\t\t\t\t<\/div>\n\t\t\t\t\t\n\t\t\t\t\t\t\t\t\t\t<div class=\"elementor-testimonial-details\">\n\t\t\t\t\t\t\t\t\t\t\t\t\t\t<div class=\"elementor-testimonial-name\">Astrid Sorensen<\/div>\n\t\t\t\t\t\t\t\t\t\t\t\t\t\t\t\t\t\t\t\t\t\t<div class=\"elementor-testimonial-job\">Oslo, Norvegia<\/div>\n\t\t\t\t\t\t\t\t\t\t\t\t\t<\/div>\n\t\t\t\t\t\t\t\t\t<\/div>\n\t\t\t<\/div>\n\t\t\t\t\t<\/div>\n\t\t\t\t\t\t<\/div>\n\t\t\t\t<\/div>\n\t\t\t\t\t<\/div>\n\t\t<\/div>\n\t\t\t\t\t<\/div>\n\t\t<\/section>\n\t\t\t\t<\/div>\n\t\t","protected":false},"excerpt":{"rendered":"<p>Despre noi Suntem un brand care s-a n\u0103scut \u00een mama natur\u0103. Este timpul s\u0103 cre\u0103m un nou sentiment. Dup\u0103 analizarea alternativelor C\u0103l\u0103toria noastr\u0103 a \u00eenceput \u00een 2018 Sinth kickstarter carte de colorat presat la rece fanny pack om bun barb\u0103. Ma\u0219in\u0103 de scris ironie fingerstache, synth gentrify helvetica skateboard cred wayfarers suculente tumeric. bec edison [&hellip;]<\/p>\n","protected":false},"author":1,"featured_media":0,"parent":0,"menu_order":0,"comment_status":"closed","ping_status":"closed","template":"template-fullwidth-no-heading.php","meta":{"_seopress_robots_primary_cat":"","_seopress_titles_title":"","_seopress_titles_desc":"","_seopress_robots_index":"","inline_featured_image":false,"footnotes":""},"class_list":["post-7651","page","type-page","status-publish","hentry"],"_links":{"self":[{"href":"https:\/\/expovision.ro\/ro\/wp-json\/wp\/v2\/pages\/7651","targetHints":{"allow":["GET"]}}],"collection":[{"href":"https:\/\/expovision.ro\/ro\/wp-json\/wp\/v2\/pages"}],"about":[{"href":"https:\/\/expovision.ro\/ro\/wp-json\/wp\/v2\/types\/page"}],"author":[{"embeddable":true,"href":"https:\/\/expovision.ro\/ro\/wp-json\/wp\/v2\/users\/1"}],"replies":[{"embeddable":true,"href":"https:\/\/expovision.ro\/ro\/wp-json\/wp\/v2\/comments?post=7651"}],"version-history":[{"count":3,"href":"https:\/\/expovision.ro\/ro\/wp-json\/wp\/v2\/pages\/7651\/revisions"}],"predecessor-version":[{"id":22974,"href":"https:\/\/expovision.ro\/ro\/wp-json\/wp\/v2\/pages\/7651\/revisions\/22974"}],"wp:attachment":[{"href":"https:\/\/expovision.ro\/ro\/wp-json\/wp\/v2\/media?parent=7651"}],"curies":[{"name":"wp","href":"https:\/\/api.w.org\/{rel}","templated":true}]}}