{"id":19132,"date":"2025-10-03T12:48:59","date_gmt":"2025-10-03T09:48:59","guid":{"rendered":"https:\/\/expovision.ro\/product\/mframe-in-out-connector-90\/"},"modified":"2025-10-03T12:48:59","modified_gmt":"2025-10-03T09:48:59","slug":"mframe-in-out-connector-90","status":"publish","type":"product","link":"https:\/\/expovision.ro\/en\/product\/mframe-in-out-connector-90\/","title":{"rendered":"mFrame in\/out connector 90\u00b0"},"content":{"rendered":"<p>Wymiary i waga:<\/p>\n<p>szeroko\u015b\u0107: 50 mm<br \/>\nwysoko\u015b\u0107: 35 mm<br \/>\ng\u0142\u0119boko\u015b\u0107: 50 mm<br \/>\nwaga: 180 g<\/p>\n","protected":false},"excerpt":{"rendered":"<p>Wymiary i waga: szeroko\u015b\u0107: 50 mm wysoko\u015b\u0107: 35 mm g\u0142\u0119boko\u015b\u0107: 50 mm waga: 180 g<\/p>\n","protected":false},"featured_media":25768,"comment_status":"closed","ping_status":"open","template":"","meta":{"_seopress_robots_primary_cat":"","_seopress_titles_title":"","_seopress_titles_desc":"","_seopress_robots_index":"","inline_featured_image":false},"product_brand":[],"product_cat":[157,469,1301],"product_tag":[],"class_list":{"0":"post-19132","1":"product","2":"type-product","3":"status-publish","4":"has-post-thumbnail","6":"product_cat-exhibition-stands","7":"product_cat-mframe-modular-exhibition-system","8":"product_cat-mframe-in-out-connector-90","10":"first","11":"instock","12":"purchasable","13":"product-type-simple"},"_links":{"self":[{"href":"https:\/\/expovision.ro\/en\/wp-json\/wp\/v2\/product\/19132","targetHints":{"allow":["GET"]}}],"collection":[{"href":"https:\/\/expovision.ro\/en\/wp-json\/wp\/v2\/product"}],"about":[{"href":"https:\/\/expovision.ro\/en\/wp-json\/wp\/v2\/types\/product"}],"replies":[{"embeddable":true,"href":"https:\/\/expovision.ro\/en\/wp-json\/wp\/v2\/comments?post=19132"}],"wp:featuredmedia":[{"embeddable":true,"href":"https:\/\/expovision.ro\/en\/wp-json\/wp\/v2\/media\/25768"}],"wp:attachment":[{"href":"https:\/\/expovision.ro\/en\/wp-json\/wp\/v2\/media?parent=19132"}],"wp:term":[{"taxonomy":"product_brand","embeddable":true,"href":"https:\/\/expovision.ro\/en\/wp-json\/wp\/v2\/product_brand?post=19132"},{"taxonomy":"product_cat","embeddable":true,"href":"https:\/\/expovision.ro\/en\/wp-json\/wp\/v2\/product_cat?post=19132"},{"taxonomy":"product_tag","embeddable":true,"href":"https:\/\/expovision.ro\/en\/wp-json\/wp\/v2\/product_tag?post=19132"}],"curies":[{"name":"wp","href":"https:\/\/api.w.org\/{rel}","templated":true}]}}